{"id":111,"date":"2024-03-07T13:20:05","date_gmt":"2024-03-07T13:20:05","guid":{"rendered":"http:\/\/colegionobilis.com.br\/CN\/?page_id=111"},"modified":"2026-01-15T15:58:17","modified_gmt":"2026-01-15T18:58:17","slug":"epaco-aluno","status":"publish","type":"page","link":"https:\/\/colegionobilis.com.br\/index.php\/epaco-aluno\/","title":{"rendered":"Espa\u00e7o Aluno."},"content":{"rendered":"\n<figure class=\"wp-block-image alignwide size-large\"><img loading=\"lazy\" decoding=\"async\" width=\"1024\" height=\"265\" src=\"http:\/\/colegionobilis.com.br\/CN\/wp-content\/uploads\/2024\/03\/bannereducacaoinfantil-1024x265.jpg\" alt=\"\" class=\"wp-image-54\" srcset=\"https:\/\/colegionobilis.com.br\/wp-content\/uploads\/2024\/03\/bannereducacaoinfantil-1024x265.jpg 1024w, https:\/\/colegionobilis.com.br\/wp-content\/uploads\/2024\/03\/bannereducacaoinfantil-300x78.jpg 300w, https:\/\/colegionobilis.com.br\/wp-content\/uploads\/2024\/03\/bannereducacaoinfantil-768x199.jpg 768w, https:\/\/colegionobilis.com.br\/wp-content\/uploads\/2024\/03\/bannereducacaoinfantil.jpg 1160w\" sizes=\"auto, (max-width: 1024px) 100vw, 1024px\" \/><\/figure>\n\n\n\n<h3 class=\"wp-block-heading has-text-align-center has-contrast-2-color has-text-color has-link-color has-body-font-family wp-elements-ae295e26c6d356b67d6a0171249370e6\"><strong>Espa\u00e7o Aluno<\/strong><\/h3>\n\n\n\n<h4 class=\"wp-block-heading has-text-align-center has-contrast-2-color has-text-color has-link-color has-body-font-family wp-elements-7b81b8074cc0e5174a12ebfa8ff1f131\"><strong>Acesse seu espa\u00e7o pessoal.<\/strong><\/h4>\n\n\n\n<div class=\"wp-block-buttons is-content-justification-center is-layout-flex wp-container-core-buttons-is-layout-d565fcec wp-block-buttons-is-layout-flex\" style=\"margin-top:var(--wp--preset--spacing--20);margin-bottom:var(--wp--preset--spacing--20)\">\n<div class=\"wp-block-button\"><a class=\"wp-block-button__link has-background wp-element-button\" href=\"https:\/\/portal.sophia.com.br\/SophiA_75\/Acesso.aspx?escola=3641\" style=\"background-color:#4054b2\" target=\"_blank\" rel=\"noreferrer noopener\">Portal do Aluno<\/a><\/div>\n\n\n\n<div class=\"wp-block-button\"><a class=\"wp-block-button__link has-background wp-element-button\" href=\"https:\/\/portal.sophia.com.br\/SophiA_75\/Acesso.aspx?escola=3641\" style=\"background-color:#183f7a\" target=\"_blank\" rel=\"noreferrer noopener\">Portal do Professor<\/a><\/div>\n<\/div>\n\n\n\n<figure class=\"wp-block-image aligncenter size-large is-resized\"><img loading=\"lazy\" decoding=\"async\" width=\"576\" height=\"1024\" src=\"https:\/\/colegionobilis.com.br\/wp-content\/uploads\/2025\/12\/Lista-de-material-e-Livros-576x1024.png\" alt=\"\" class=\"wp-image-709\" style=\"width:244px;height:auto\" srcset=\"https:\/\/colegionobilis.com.br\/wp-content\/uploads\/2025\/12\/Lista-de-material-e-Livros-576x1024.png 576w, https:\/\/colegionobilis.com.br\/wp-content\/uploads\/2025\/12\/Lista-de-material-e-Livros-169x300.png 169w, https:\/\/colegionobilis.com.br\/wp-content\/uploads\/2025\/12\/Lista-de-material-e-Livros-768x1365.png 768w, https:\/\/colegionobilis.com.br\/wp-content\/uploads\/2025\/12\/Lista-de-material-e-Livros-864x1536.png 864w, https:\/\/colegionobilis.com.br\/wp-content\/uploads\/2025\/12\/Lista-de-material-e-Livros.png 1080w\" sizes=\"auto, (max-width: 576px) 100vw, 576px\" \/><\/figure>\n\n\n\n<div class=\"wp-block-buttons has-custom-font-size has-medium-font-size is-content-justification-center is-layout-flex wp-container-core-buttons-is-layout-a89b3969 wp-block-buttons-is-layout-flex\">\n<div class=\"wp-block-button has-custom-width wp-block-button__width-25 is-style-fill\"><a class=\"wp-block-button__link has-background wp-element-button\" href=\"https:\/\/colegionobilis.com.br\/index.php\/lista-de-materiais-e-livros-para-2026\/\" style=\"background-color:#1720cb\">Clique Aqui<\/a><\/div>\n<\/div>\n\n\n\n<div class=\"wp-block-columns alignwide is-layout-flex wp-container-core-columns-is-layout-28f84493 wp-block-columns-is-layout-flex\">\n<div class=\"wp-block-column is-layout-flow wp-block-column-is-layout-flow\">\n<div class=\"wp-block-columns is-layout-flex wp-container-core-columns-is-layout-28f84493 wp-block-columns-is-layout-flex\">\n<div class=\"wp-block-column is-layout-flow wp-block-column-is-layout-flow\">\n<p class=\"has-contrast-2-color has-text-color has-link-color wp-elements-eb2c8094ac46fe2aa7610aa514131430\"><strong>Administra\u00e7\u00e3o<\/strong><br>Hor\u00e1rio de atendimento                    Das 9h30 \u00e0s 18h30<br>Tel. 11 4979-9999<br>adm@colegionobilis.com.br<\/p>\n\n\n\n<p class=\"has-contrast-2-color has-text-color has-link-color wp-elements-8af1dee33cdde5bdc5aed6576282981c\"><strong>Diretoria<\/strong><br>diretora@colegionobilis.com.br<\/p>\n\n\n\n<p class=\"has-contrast-2-color has-text-color has-link-color wp-elements-4bbc0d1cc8760e5ef30f62820b2ee69b\"><strong>Orienta\u00e7\u00e3o Pedag\u00f3gica<\/strong><br>orientacaopedagogica@colegionobilis.com.br<\/p>\n\n\n\n<p class=\"has-contrast-2-color has-text-color has-link-color wp-elements-5d729671b34fb813eff06bd4dc38d6f6\"><\/p>\n<\/div>\n\n\n\n<div class=\"wp-block-column is-layout-flow wp-block-column-is-layout-flow\">\n<p class=\"has-contrast-2-color has-text-color has-link-color wp-elements-06c02d7d155e136637d6aeba560b5d1f\"><strong>Coordena\u00e7\u00e3o<\/strong><br><strong><em>Educa\u00e7\u00e3o Infantil e Ensino Fundamental I<\/em><\/strong><br>coordenacao2@colegionobilis.com.br<\/p>\n\n\n\n<p class=\"has-contrast-2-color has-text-color has-link-color wp-elements-2d9b9c899e444cd2a731f44a67180b71\"><em><strong>Ensino Fundamental II e Ensino M\u00e9dio<\/strong><\/em><br>coordenacao1@colegionobilis.com.br<\/p>\n\n\n\n<p class=\"has-contrast-2-color has-text-color has-link-color wp-elements-6bb1764133f28217eed4e4cee4643647\"><strong>Secretaria<\/strong><br>Hor\u00e1rio de atendimento<br>Das 9h \u00e0s 16h<br>Tel.\/Whatsapp 4979-9999<br>secretaria@colegionobilis.com.br<\/p>\n<\/div>\n<\/div>\n<\/div>\n\n\n\n<div class=\"wp-block-column is-layout-flow wp-block-column-is-layout-flow\">\n<div class=\"wp-block-columns is-layout-flex wp-container-core-columns-is-layout-28f84493 wp-block-columns-is-layout-flex\">\n<div class=\"wp-block-column is-layout-flow wp-block-column-is-layout-flow\">\n<p class=\"has-contrast-2-color has-text-color has-link-color wp-elements-db38dee2b40e13aa576a07a90692ddc5\"><strong>Malharias:<\/strong>&nbsp;<\/p>\n\n\n\n<p class=\"has-contrast-2-color has-text-color has-link-color wp-elements-d5c800560af45bc366f141f1ebcc6989\"><strong>Malharia DC Confec\u00e7\u00f5es<\/strong><br>Endere\u00e7o: Trav. Ricardo Veronezi, 157 <\/p>\n\n\n\n<p class=\"has-contrast-2-color has-text-color has-link-color wp-elements-33c0ab50eaf6cc40a8e28c429a584bb2\">Vila Pires \u2013 Santo Andr\u00e9 \u2013 SP<\/p>\n\n\n\n<p class=\"has-contrast-2-color has-text-color has-link-color wp-elements-a693fb7e2dbf85f728b88f7464e60153\">Respons\u00e1vel pelos pedidos: Deize<br>Tel.: 4452-1341 \/ 4479-0142 \/ 98570-8318<\/p>\n\n\n\n<p class=\"has-contrast-2-color has-text-color has-link-color wp-elements-8aa5b557b4d52b3fb1efd1a2688fd0da\"><strong>Malharia MEGA&nbsp;MMW<\/strong><br>Endere\u00e7o: Rua Jabaquara, 241<br>Bairro Para\u00edso \u2013 Santo Andr\u00e9 \u2013 SP<br><strong>Tel.:<\/strong>&nbsp;2598-0318<strong>&nbsp;\u2013 WhatsApp:<\/strong>&nbsp;11 98128-8321<\/p>\n\n\n\n<p class=\"has-contrast-2-color has-text-color has-link-color wp-elements-a498ec7130e7b661e4bf617d0094f203\">Respons\u00e1vel pelos pedidos: Luiza<\/p>\n\n\n\n<p class=\"has-contrast-2-color has-text-color has-link-color wp-elements-3b28cd22d16aa9075bed4321f4711f71\"><strong>Malharia Sans Confec\u00e7\u00f5es<\/strong><br>Endere\u00e7o: Av. Dr. Alberto Benedetti, 236 &#8211; Vila Assun\u00e7\u00e3o &#8211; Santo Andr\u00e9 &#8211; SP, 09030-340 <br><strong>WhatsApp:<\/strong>&nbsp;11 91169-7808<\/p>\n\n\n\n<p class=\"has-contrast-2-color has-text-color has-link-color wp-elements-36c8fe3f68cdef426644c7ba24986ac8\">Site: www.sans.com.br<\/p>\n<\/div>\n\n\n\n<div class=\"wp-block-column is-layout-flow wp-block-column-is-layout-flow\">\n<p class=\"has-contrast-2-color has-text-color has-link-color wp-elements-02ef801081988c6c1448bbafe893915a\"><strong>Cantinas:<\/strong><br>Cantina Infantil e Fund. I e II Manh\u00e3- Pr\u00e9dio n\u00ba 450<br>Tel.&nbsp;94504-5047<br>Respons\u00e1vel: Andr\u00e9ia<\/p>\n\n\n\n<p class=\"has-contrast-2-color has-text-color has-link-color wp-elements-3fc5b991d3e58233046770c371428e04\">Cantina M\u00e9dio e Fund. II Tarde \u2013 Pr\u00e9dio n\u00ba 440&nbsp;<br>Tel.95889-0917&nbsp;<br>Respons\u00e1vel: F\u00e1bio<\/p>\n\n\n\n<p class=\"has-contrast-2-color has-text-color has-link-color wp-elements-ce58e63f19449dc94d151ee4ec4aa1e6\"><strong>Livraria Book Fair<\/strong><br><a href=\"https:\/\/bookfair.com.br\/\">https:\/\/bookfair.com.br\/<\/a><br>WhatsApp: (11) 3019-3131<\/p>\n\n\n\n<p class=\"has-contrast-2-color has-text-color has-link-color wp-elements-c3c4b058e90bd1d5c0c816907a521d4a\"><strong>Transporte Escolar:<\/strong><br>Tio Marcelo<br>Cel. 97301-0970<\/p>\n<\/div>\n<\/div>\n<\/div>\n<\/div>\n\n\n\n<div class=\"wp-block-buttons is-layout-flex wp-block-buttons-is-layout-flex\"><\/div>\n\n\n\n<p><\/p>\n","protected":false},"excerpt":{"rendered":"<p>Espa\u00e7o Aluno Acesse seu espa\u00e7o pessoal. Administra\u00e7\u00e3oHor\u00e1rio de atendimento Das 9h30 \u00e0s 18h30Tel. 11 4979-9999adm@colegionobilis.com.br Diretoriadiretora@colegionobilis.com.br Orienta\u00e7\u00e3o Pedag\u00f3gicaorientacaopedagogica@colegionobilis.com.br Coordena\u00e7\u00e3oEduca\u00e7\u00e3o Infantil e Ensino Fundamental Icoordenacao2@colegionobilis.com.br Ensino Fundamental II e Ensino M\u00e9diocoordenacao1@colegionobilis.com.br SecretariaHor\u00e1rio de atendimentoDas 9h \u00e0s 16hTel.\/Whatsapp 4979-9999secretaria@colegionobilis.com.br Malharias:&nbsp; Malharia DC Confec\u00e7\u00f5esEndere\u00e7o: Trav. Ricardo Veronezi, 157 Vila Pires \u2013 Santo Andr\u00e9 \u2013 SP Respons\u00e1vel pelos pedidos: [&hellip;]<\/p>\n","protected":false},"author":1,"featured_media":0,"parent":0,"menu_order":0,"comment_status":"closed","ping_status":"closed","template":"page-no-title","meta":{"footnotes":""},"class_list":["post-111","page","type-page","status-publish","hentry"],"yoast_head":"<!-- This site is optimized with the Yoast SEO plugin v26.0 - https:\/\/yoast.com\/wordpress\/plugins\/seo\/ -->\n<title>Espa\u00e7o Aluno. - Colegio Nobilis<\/title>\n<meta name=\"robots\" content=\"index, follow, max-snippet:-1, max-image-preview:large, max-video-preview:-1\" \/>\n<link rel=\"canonical\" href=\"https:\/\/colegionobilis.com.br\/index.php\/epaco-aluno\/\" \/>\n<meta property=\"og:locale\" content=\"pt_BR\" \/>\n<meta property=\"og:type\" content=\"article\" \/>\n<meta property=\"og:title\" content=\"Espa\u00e7o Aluno. - Colegio Nobilis\" \/>\n<meta property=\"og:description\" content=\"Espa\u00e7o Aluno Acesse seu espa\u00e7o pessoal. Administra\u00e7\u00e3oHor\u00e1rio de atendimento Das 9h30 \u00e0s 18h30Tel. 11 4979-9999adm@colegionobilis.com.br Diretoriadiretora@colegionobilis.com.br Orienta\u00e7\u00e3o Pedag\u00f3gicaorientacaopedagogica@colegionobilis.com.br Coordena\u00e7\u00e3oEduca\u00e7\u00e3o Infantil e Ensino Fundamental Icoordenacao2@colegionobilis.com.br Ensino Fundamental II e Ensino M\u00e9diocoordenacao1@colegionobilis.com.br SecretariaHor\u00e1rio de atendimentoDas 9h \u00e0s 16hTel.\/Whatsapp 4979-9999secretaria@colegionobilis.com.br Malharias:&nbsp; Malharia DC Confec\u00e7\u00f5esEndere\u00e7o: Trav. Ricardo Veronezi, 157 Vila Pires \u2013 Santo Andr\u00e9 \u2013 SP Respons\u00e1vel pelos pedidos: [&hellip;]\" \/>\n<meta property=\"og:url\" content=\"https:\/\/colegionobilis.com.br\/index.php\/epaco-aluno\/\" \/>\n<meta property=\"og:site_name\" content=\"Colegio Nobilis\" \/>\n<meta property=\"article:modified_time\" content=\"2026-01-15T18:58:17+00:00\" \/>\n<meta property=\"og:image\" content=\"https:\/\/colegionobilis.com.br\/wp-content\/uploads\/2024\/03\/bannereducacaoinfantil.jpg\" \/>\n\t<meta property=\"og:image:width\" content=\"1160\" \/>\n\t<meta property=\"og:image:height\" content=\"300\" \/>\n\t<meta property=\"og:image:type\" content=\"image\/jpeg\" \/>\n<meta name=\"twitter:card\" content=\"summary_large_image\" \/>\n<meta name=\"twitter:label1\" content=\"Est. tempo de leitura\" \/>\n\t<meta name=\"twitter:data1\" content=\"2 minutos\" \/>\n<script type=\"application\/ld+json\" class=\"yoast-schema-graph\">{\"@context\":\"https:\/\/schema.org\",\"@graph\":[{\"@type\":\"WebPage\",\"@id\":\"https:\/\/colegionobilis.com.br\/index.php\/epaco-aluno\/\",\"url\":\"https:\/\/colegionobilis.com.br\/index.php\/epaco-aluno\/\",\"name\":\"Espa\u00e7o Aluno. - Colegio Nobilis\",\"isPartOf\":{\"@id\":\"https:\/\/colegionobilis.com.br\/#website\"},\"primaryImageOfPage\":{\"@id\":\"https:\/\/colegionobilis.com.br\/index.php\/epaco-aluno\/#primaryimage\"},\"image\":{\"@id\":\"https:\/\/colegionobilis.com.br\/index.php\/epaco-aluno\/#primaryimage\"},\"thumbnailUrl\":\"http:\/\/colegionobilis.com.br\/CN\/wp-content\/uploads\/2024\/03\/bannereducacaoinfantil-1024x265.jpg\",\"datePublished\":\"2024-03-07T13:20:05+00:00\",\"dateModified\":\"2026-01-15T18:58:17+00:00\",\"breadcrumb\":{\"@id\":\"https:\/\/colegionobilis.com.br\/index.php\/epaco-aluno\/#breadcrumb\"},\"inLanguage\":\"pt-BR\",\"potentialAction\":[{\"@type\":\"ReadAction\",\"target\":[\"https:\/\/colegionobilis.com.br\/index.php\/epaco-aluno\/\"]}]},{\"@type\":\"ImageObject\",\"inLanguage\":\"pt-BR\",\"@id\":\"https:\/\/colegionobilis.com.br\/index.php\/epaco-aluno\/#primaryimage\",\"url\":\"https:\/\/colegionobilis.com.br\/wp-content\/uploads\/2024\/03\/bannereducacaoinfantil.jpg\",\"contentUrl\":\"https:\/\/colegionobilis.com.br\/wp-content\/uploads\/2024\/03\/bannereducacaoinfantil.jpg\",\"width\":1160,\"height\":300},{\"@type\":\"BreadcrumbList\",\"@id\":\"https:\/\/colegionobilis.com.br\/index.php\/epaco-aluno\/#breadcrumb\",\"itemListElement\":[{\"@type\":\"ListItem\",\"position\":1,\"name\":\"In\u00edcio\",\"item\":\"https:\/\/colegionobilis.com.br\/\"},{\"@type\":\"ListItem\",\"position\":2,\"name\":\"Espa\u00e7o Aluno.\"}]},{\"@type\":\"WebSite\",\"@id\":\"https:\/\/colegionobilis.com.br\/#website\",\"url\":\"https:\/\/colegionobilis.com.br\/\",\"name\":\"Colegio Nobilis\",\"description\":\"\",\"publisher\":{\"@id\":\"https:\/\/colegionobilis.com.br\/#organization\"},\"potentialAction\":[{\"@type\":\"SearchAction\",\"target\":{\"@type\":\"EntryPoint\",\"urlTemplate\":\"https:\/\/colegionobilis.com.br\/?s={search_term_string}\"},\"query-input\":{\"@type\":\"PropertyValueSpecification\",\"valueRequired\":true,\"valueName\":\"search_term_string\"}}],\"inLanguage\":\"pt-BR\"},{\"@type\":\"Organization\",\"@id\":\"https:\/\/colegionobilis.com.br\/#organization\",\"name\":\"Colegio Nobilis\",\"url\":\"https:\/\/colegionobilis.com.br\/\",\"logo\":{\"@type\":\"ImageObject\",\"inLanguage\":\"pt-BR\",\"@id\":\"https:\/\/colegionobilis.com.br\/#\/schema\/logo\/image\/\",\"url\":\"https:\/\/colegionobilis.com.br\/wp-content\/uploads\/2024\/03\/logocompleto.png\",\"contentUrl\":\"https:\/\/colegionobilis.com.br\/wp-content\/uploads\/2024\/03\/logocompleto.png\",\"width\":430,\"height\":121,\"caption\":\"Colegio Nobilis\"},\"image\":{\"@id\":\"https:\/\/colegionobilis.com.br\/#\/schema\/logo\/image\/\"}}]}<\/script>\n<!-- \/ Yoast SEO plugin. -->","yoast_head_json":{"title":"Espa\u00e7o Aluno. - Colegio Nobilis","robots":{"index":"index","follow":"follow","max-snippet":"max-snippet:-1","max-image-preview":"max-image-preview:large","max-video-preview":"max-video-preview:-1"},"canonical":"https:\/\/colegionobilis.com.br\/index.php\/epaco-aluno\/","og_locale":"pt_BR","og_type":"article","og_title":"Espa\u00e7o Aluno. - Colegio Nobilis","og_description":"Espa\u00e7o Aluno Acesse seu espa\u00e7o pessoal. Administra\u00e7\u00e3oHor\u00e1rio de atendimento Das 9h30 \u00e0s 18h30Tel. 11 4979-9999adm@colegionobilis.com.br Diretoriadiretora@colegionobilis.com.br Orienta\u00e7\u00e3o Pedag\u00f3gicaorientacaopedagogica@colegionobilis.com.br Coordena\u00e7\u00e3oEduca\u00e7\u00e3o Infantil e Ensino Fundamental Icoordenacao2@colegionobilis.com.br Ensino Fundamental II e Ensino M\u00e9diocoordenacao1@colegionobilis.com.br SecretariaHor\u00e1rio de atendimentoDas 9h \u00e0s 16hTel.\/Whatsapp 4979-9999secretaria@colegionobilis.com.br Malharias:&nbsp; Malharia DC Confec\u00e7\u00f5esEndere\u00e7o: Trav. Ricardo Veronezi, 157 Vila Pires \u2013 Santo Andr\u00e9 \u2013 SP Respons\u00e1vel pelos pedidos: [&hellip;]","og_url":"https:\/\/colegionobilis.com.br\/index.php\/epaco-aluno\/","og_site_name":"Colegio Nobilis","article_modified_time":"2026-01-15T18:58:17+00:00","og_image":[{"width":1160,"height":300,"url":"https:\/\/colegionobilis.com.br\/wp-content\/uploads\/2024\/03\/bannereducacaoinfantil.jpg","type":"image\/jpeg"}],"twitter_card":"summary_large_image","twitter_misc":{"Est. tempo de leitura":"2 minutos"},"schema":{"@context":"https:\/\/schema.org","@graph":[{"@type":"WebPage","@id":"https:\/\/colegionobilis.com.br\/index.php\/epaco-aluno\/","url":"https:\/\/colegionobilis.com.br\/index.php\/epaco-aluno\/","name":"Espa\u00e7o Aluno. - Colegio Nobilis","isPartOf":{"@id":"https:\/\/colegionobilis.com.br\/#website"},"primaryImageOfPage":{"@id":"https:\/\/colegionobilis.com.br\/index.php\/epaco-aluno\/#primaryimage"},"image":{"@id":"https:\/\/colegionobilis.com.br\/index.php\/epaco-aluno\/#primaryimage"},"thumbnailUrl":"http:\/\/colegionobilis.com.br\/CN\/wp-content\/uploads\/2024\/03\/bannereducacaoinfantil-1024x265.jpg","datePublished":"2024-03-07T13:20:05+00:00","dateModified":"2026-01-15T18:58:17+00:00","breadcrumb":{"@id":"https:\/\/colegionobilis.com.br\/index.php\/epaco-aluno\/#breadcrumb"},"inLanguage":"pt-BR","potentialAction":[{"@type":"ReadAction","target":["https:\/\/colegionobilis.com.br\/index.php\/epaco-aluno\/"]}]},{"@type":"ImageObject","inLanguage":"pt-BR","@id":"https:\/\/colegionobilis.com.br\/index.php\/epaco-aluno\/#primaryimage","url":"https:\/\/colegionobilis.com.br\/wp-content\/uploads\/2024\/03\/bannereducacaoinfantil.jpg","contentUrl":"https:\/\/colegionobilis.com.br\/wp-content\/uploads\/2024\/03\/bannereducacaoinfantil.jpg","width":1160,"height":300},{"@type":"BreadcrumbList","@id":"https:\/\/colegionobilis.com.br\/index.php\/epaco-aluno\/#breadcrumb","itemListElement":[{"@type":"ListItem","position":1,"name":"In\u00edcio","item":"https:\/\/colegionobilis.com.br\/"},{"@type":"ListItem","position":2,"name":"Espa\u00e7o Aluno."}]},{"@type":"WebSite","@id":"https:\/\/colegionobilis.com.br\/#website","url":"https:\/\/colegionobilis.com.br\/","name":"Colegio Nobilis","description":"","publisher":{"@id":"https:\/\/colegionobilis.com.br\/#organization"},"potentialAction":[{"@type":"SearchAction","target":{"@type":"EntryPoint","urlTemplate":"https:\/\/colegionobilis.com.br\/?s={search_term_string}"},"query-input":{"@type":"PropertyValueSpecification","valueRequired":true,"valueName":"search_term_string"}}],"inLanguage":"pt-BR"},{"@type":"Organization","@id":"https:\/\/colegionobilis.com.br\/#organization","name":"Colegio Nobilis","url":"https:\/\/colegionobilis.com.br\/","logo":{"@type":"ImageObject","inLanguage":"pt-BR","@id":"https:\/\/colegionobilis.com.br\/#\/schema\/logo\/image\/","url":"https:\/\/colegionobilis.com.br\/wp-content\/uploads\/2024\/03\/logocompleto.png","contentUrl":"https:\/\/colegionobilis.com.br\/wp-content\/uploads\/2024\/03\/logocompleto.png","width":430,"height":121,"caption":"Colegio Nobilis"},"image":{"@id":"https:\/\/colegionobilis.com.br\/#\/schema\/logo\/image\/"}}]}},"_links":{"self":[{"href":"https:\/\/colegionobilis.com.br\/index.php\/wp-json\/wp\/v2\/pages\/111","targetHints":{"allow":["GET"]}}],"collection":[{"href":"https:\/\/colegionobilis.com.br\/index.php\/wp-json\/wp\/v2\/pages"}],"about":[{"href":"https:\/\/colegionobilis.com.br\/index.php\/wp-json\/wp\/v2\/types\/page"}],"author":[{"embeddable":true,"href":"https:\/\/colegionobilis.com.br\/index.php\/wp-json\/wp\/v2\/users\/1"}],"replies":[{"embeddable":true,"href":"https:\/\/colegionobilis.com.br\/index.php\/wp-json\/wp\/v2\/comments?post=111"}],"version-history":[{"count":21,"href":"https:\/\/colegionobilis.com.br\/index.php\/wp-json\/wp\/v2\/pages\/111\/revisions"}],"predecessor-version":[{"id":742,"href":"https:\/\/colegionobilis.com.br\/index.php\/wp-json\/wp\/v2\/pages\/111\/revisions\/742"}],"wp:attachment":[{"href":"https:\/\/colegionobilis.com.br\/index.php\/wp-json\/wp\/v2\/media?parent=111"}],"curies":[{"name":"wp","href":"https:\/\/api.w.org\/{rel}","templated":true}]}}