{"id":15,"date":"2024-03-06T18:40:23","date_gmt":"2024-03-06T18:40:23","guid":{"rendered":"http:\/\/colegionobilis.com.br\/CN\/?page_id=15"},"modified":"2025-10-03T14:21:26","modified_gmt":"2025-10-03T17:21:26","slug":"conheca-o-nobilis","status":"publish","type":"page","link":"https:\/\/colegionobilis.com.br\/index.php\/conheca-o-nobilis\/","title":{"rendered":"Conhe\u00e7a o Nobilis"},"content":{"rendered":"\n<figure data-wp-context=\"{&quot;imageId&quot;:&quot;69ecc87cb1f49&quot;}\" data-wp-interactive=\"core\/image\" data-wp-key=\"69ecc87cb1f49\" class=\"wp-block-image alignfull size-full wp-duotone-unset-1 wp-lightbox-container\"><img loading=\"lazy\" decoding=\"async\" width=\"1548\" height=\"400\" data-wp-class--hide=\"state.isContentHidden\" data-wp-class--show=\"state.isContentVisible\" data-wp-init=\"callbacks.setButtonStyles\" data-wp-on--click=\"actions.showLightbox\" data-wp-on--load=\"callbacks.setButtonStyles\" data-wp-on-window--resize=\"callbacks.setButtonStyles\" src=\"http:\/\/colegionobilis.com.br\/CN\/wp-content\/uploads\/2024\/03\/bannerconhecaonobilis.jpg\" alt=\"\" class=\"wp-image-16\" srcset=\"https:\/\/colegionobilis.com.br\/wp-content\/uploads\/2024\/03\/bannerconhecaonobilis.jpg 1548w, https:\/\/colegionobilis.com.br\/wp-content\/uploads\/2024\/03\/bannerconhecaonobilis-300x78.jpg 300w, https:\/\/colegionobilis.com.br\/wp-content\/uploads\/2024\/03\/bannerconhecaonobilis-1024x265.jpg 1024w, https:\/\/colegionobilis.com.br\/wp-content\/uploads\/2024\/03\/bannerconhecaonobilis-768x198.jpg 768w, https:\/\/colegionobilis.com.br\/wp-content\/uploads\/2024\/03\/bannerconhecaonobilis-1536x397.jpg 1536w\" sizes=\"auto, (max-width: 1548px) 100vw, 1548px\" \/><button\n\t\t\tclass=\"lightbox-trigger\"\n\t\t\ttype=\"button\"\n\t\t\taria-haspopup=\"dialog\"\n\t\t\taria-label=\"Ampliar\"\n\t\t\tdata-wp-init=\"callbacks.initTriggerButton\"\n\t\t\tdata-wp-on--click=\"actions.showLightbox\"\n\t\t\tdata-wp-style--right=\"state.imageButtonRight\"\n\t\t\tdata-wp-style--top=\"state.imageButtonTop\"\n\t\t>\n\t\t\t<svg xmlns=\"http:\/\/www.w3.org\/2000\/svg\" width=\"12\" height=\"12\" fill=\"none\" viewBox=\"0 0 12 12\">\n\t\t\t\t<path fill=\"#fff\" d=\"M2 0a2 2 0 0 0-2 2v2h1.5V2a.5.5 0 0 1 .5-.5h2V0H2Zm2 10.5H2a.5.5 0 0 1-.5-.5V8H0v2a2 2 0 0 0 2 2h2v-1.5ZM8 12v-1.5h2a.5.5 0 0 0 .5-.5V8H12v2a2 2 0 0 1-2 2H8Zm2-12a2 2 0 0 1 2 2v2h-1.5V2a.5.5 0 0 0-.5-.5H8V0h2Z\" \/>\n\t\t\t<\/svg>\n\t\t<\/button><\/figure>\n\n\n\n<h3 class=\"wp-block-heading has-text-align-center has-contrast-2-color has-text-color has-link-color has-system-sans-serif-font-family wp-elements-b176dcc7405d4b75f575275cf818813f\"><strong>CONHE\u00c7A O NOBILIS<\/strong><\/h3>\n\n\n\n<p class=\"has-text-align-left has-contrast-2-color has-text-color has-link-color has-medium-font-size wp-elements-b286d53a21b02b5c89d7bac6382a4349\">O Col\u00e9gio Nobilis oferece Educa\u00e7\u00e3o Infantil, Ensino Fundamental (1\u00ba ao 9\u00ba ano) e Ensino M\u00e9dio, com uma <strong>estrutura moderna e completa<\/strong> e uma equipe de profissionais comprometida com o direito de cada aluno de aprender e se desenvolver.<\/p>\n\n\n\n<p class=\"has-text-align-center has-contrast-2-color has-text-color has-link-color has-medium-font-size wp-elements-735d4279ca9c57666b7371314ac68d07\"><strong>Quem Somos N\u00f3s<\/strong><\/p>\n\n\n\n<p class=\"has-text-align-left has-contrast-2-color has-text-color has-link-color has-medium-font-size wp-elements-a952f5a8b51b18c25fd33a152185c147\">Fundado em 17 de mar\u00e7o de 1992, o Nobilis \u00e9 uma institui\u00e7\u00e3o privada de excel\u00eancia, integrante do Sistema de Ensino de Santo Andr\u00e9. Nosso compromisso \u00e9 com a <strong>qualidade e a constante evolu\u00e7\u00e3o<\/strong>, sempre atentos \u00e0s necessidades da comunidade escolar. Trabalhamos para formar <strong>cidad\u00e3os conscientes e atuantes<\/strong>, com s\u00f3lida base te\u00f3rica, compet\u00eancia t\u00e9cnica, \u00e9tica e preparo para enfrentar os desafios da realidade brasileira.<\/p>\n\n\n\n<p><\/p>\n","protected":false},"excerpt":{"rendered":"<p>CONHE\u00c7A O NOBILIS O Col\u00e9gio Nobilis oferece Educa\u00e7\u00e3o Infantil, Ensino Fundamental (1\u00ba ao 9\u00ba ano) e Ensino M\u00e9dio, com uma estrutura moderna e completa e uma equipe de profissionais comprometida com o direito de cada aluno de aprender e se desenvolver. Quem Somos N\u00f3s Fundado em 17 de mar\u00e7o de 1992, o Nobilis \u00e9 uma [&hellip;]<\/p>\n","protected":false},"author":1,"featured_media":0,"parent":0,"menu_order":0,"comment_status":"closed","ping_status":"closed","template":"page-no-title","meta":{"footnotes":""},"class_list":["post-15","page","type-page","status-publish","hentry"],"yoast_head":"<!-- This site is optimized with the Yoast SEO plugin v26.0 - https:\/\/yoast.com\/wordpress\/plugins\/seo\/ -->\n<title>Conhe\u00e7a o Nobilis - Colegio Nobilis<\/title>\n<meta name=\"robots\" content=\"index, follow, max-snippet:-1, max-image-preview:large, max-video-preview:-1\" \/>\n<link rel=\"canonical\" href=\"https:\/\/colegionobilis.com.br\/index.php\/conheca-o-nobilis\/\" \/>\n<meta property=\"og:locale\" content=\"pt_BR\" \/>\n<meta property=\"og:type\" content=\"article\" \/>\n<meta property=\"og:title\" content=\"Conhe\u00e7a o Nobilis - Colegio Nobilis\" \/>\n<meta property=\"og:description\" content=\"CONHE\u00c7A O NOBILIS O Col\u00e9gio Nobilis oferece Educa\u00e7\u00e3o Infantil, Ensino Fundamental (1\u00ba ao 9\u00ba ano) e Ensino M\u00e9dio, com uma estrutura moderna e completa e uma equipe de profissionais comprometida com o direito de cada aluno de aprender e se desenvolver. Quem Somos N\u00f3s Fundado em 17 de mar\u00e7o de 1992, o Nobilis \u00e9 uma [&hellip;]\" \/>\n<meta property=\"og:url\" content=\"https:\/\/colegionobilis.com.br\/index.php\/conheca-o-nobilis\/\" \/>\n<meta property=\"og:site_name\" content=\"Colegio Nobilis\" \/>\n<meta property=\"article:modified_time\" content=\"2025-10-03T17:21:26+00:00\" \/>\n<meta property=\"og:image\" content=\"https:\/\/colegionobilis.com.br\/wp-content\/uploads\/2024\/03\/bannerconhecaonobilis.jpg\" \/>\n\t<meta property=\"og:image:width\" content=\"1548\" \/>\n\t<meta property=\"og:image:height\" content=\"400\" \/>\n\t<meta property=\"og:image:type\" content=\"image\/jpeg\" \/>\n<meta name=\"twitter:card\" content=\"summary_large_image\" \/>\n<meta name=\"twitter:label1\" content=\"Est. tempo de leitura\" \/>\n\t<meta name=\"twitter:data1\" content=\"1 minuto\" \/>\n<script type=\"application\/ld+json\" class=\"yoast-schema-graph\">{\"@context\":\"https:\/\/schema.org\",\"@graph\":[{\"@type\":\"WebPage\",\"@id\":\"https:\/\/colegionobilis.com.br\/index.php\/conheca-o-nobilis\/\",\"url\":\"https:\/\/colegionobilis.com.br\/index.php\/conheca-o-nobilis\/\",\"name\":\"Conhe\u00e7a o Nobilis - Colegio Nobilis\",\"isPartOf\":{\"@id\":\"https:\/\/colegionobilis.com.br\/#website\"},\"primaryImageOfPage\":{\"@id\":\"https:\/\/colegionobilis.com.br\/index.php\/conheca-o-nobilis\/#primaryimage\"},\"image\":{\"@id\":\"https:\/\/colegionobilis.com.br\/index.php\/conheca-o-nobilis\/#primaryimage\"},\"thumbnailUrl\":\"http:\/\/colegionobilis.com.br\/CN\/wp-content\/uploads\/2024\/03\/bannerconhecaonobilis.jpg\",\"datePublished\":\"2024-03-06T18:40:23+00:00\",\"dateModified\":\"2025-10-03T17:21:26+00:00\",\"breadcrumb\":{\"@id\":\"https:\/\/colegionobilis.com.br\/index.php\/conheca-o-nobilis\/#breadcrumb\"},\"inLanguage\":\"pt-BR\",\"potentialAction\":[{\"@type\":\"ReadAction\",\"target\":[\"https:\/\/colegionobilis.com.br\/index.php\/conheca-o-nobilis\/\"]}]},{\"@type\":\"ImageObject\",\"inLanguage\":\"pt-BR\",\"@id\":\"https:\/\/colegionobilis.com.br\/index.php\/conheca-o-nobilis\/#primaryimage\",\"url\":\"https:\/\/colegionobilis.com.br\/wp-content\/uploads\/2024\/03\/bannerconhecaonobilis.jpg\",\"contentUrl\":\"https:\/\/colegionobilis.com.br\/wp-content\/uploads\/2024\/03\/bannerconhecaonobilis.jpg\",\"width\":1548,\"height\":400},{\"@type\":\"BreadcrumbList\",\"@id\":\"https:\/\/colegionobilis.com.br\/index.php\/conheca-o-nobilis\/#breadcrumb\",\"itemListElement\":[{\"@type\":\"ListItem\",\"position\":1,\"name\":\"In\u00edcio\",\"item\":\"https:\/\/colegionobilis.com.br\/\"},{\"@type\":\"ListItem\",\"position\":2,\"name\":\"Conhe\u00e7a o Nobilis\"}]},{\"@type\":\"WebSite\",\"@id\":\"https:\/\/colegionobilis.com.br\/#website\",\"url\":\"https:\/\/colegionobilis.com.br\/\",\"name\":\"Colegio Nobilis\",\"description\":\"\",\"publisher\":{\"@id\":\"https:\/\/colegionobilis.com.br\/#organization\"},\"potentialAction\":[{\"@type\":\"SearchAction\",\"target\":{\"@type\":\"EntryPoint\",\"urlTemplate\":\"https:\/\/colegionobilis.com.br\/?s={search_term_string}\"},\"query-input\":{\"@type\":\"PropertyValueSpecification\",\"valueRequired\":true,\"valueName\":\"search_term_string\"}}],\"inLanguage\":\"pt-BR\"},{\"@type\":\"Organization\",\"@id\":\"https:\/\/colegionobilis.com.br\/#organization\",\"name\":\"Colegio Nobilis\",\"url\":\"https:\/\/colegionobilis.com.br\/\",\"logo\":{\"@type\":\"ImageObject\",\"inLanguage\":\"pt-BR\",\"@id\":\"https:\/\/colegionobilis.com.br\/#\/schema\/logo\/image\/\",\"url\":\"https:\/\/colegionobilis.com.br\/wp-content\/uploads\/2024\/03\/logocompleto.png\",\"contentUrl\":\"https:\/\/colegionobilis.com.br\/wp-content\/uploads\/2024\/03\/logocompleto.png\",\"width\":430,\"height\":121,\"caption\":\"Colegio Nobilis\"},\"image\":{\"@id\":\"https:\/\/colegionobilis.com.br\/#\/schema\/logo\/image\/\"}}]}<\/script>\n<!-- \/ Yoast SEO plugin. -->","yoast_head_json":{"title":"Conhe\u00e7a o Nobilis - Colegio Nobilis","robots":{"index":"index","follow":"follow","max-snippet":"max-snippet:-1","max-image-preview":"max-image-preview:large","max-video-preview":"max-video-preview:-1"},"canonical":"https:\/\/colegionobilis.com.br\/index.php\/conheca-o-nobilis\/","og_locale":"pt_BR","og_type":"article","og_title":"Conhe\u00e7a o Nobilis - Colegio Nobilis","og_description":"CONHE\u00c7A O NOBILIS O Col\u00e9gio Nobilis oferece Educa\u00e7\u00e3o Infantil, Ensino Fundamental (1\u00ba ao 9\u00ba ano) e Ensino M\u00e9dio, com uma estrutura moderna e completa e uma equipe de profissionais comprometida com o direito de cada aluno de aprender e se desenvolver. Quem Somos N\u00f3s Fundado em 17 de mar\u00e7o de 1992, o Nobilis \u00e9 uma [&hellip;]","og_url":"https:\/\/colegionobilis.com.br\/index.php\/conheca-o-nobilis\/","og_site_name":"Colegio Nobilis","article_modified_time":"2025-10-03T17:21:26+00:00","og_image":[{"width":1548,"height":400,"url":"https:\/\/colegionobilis.com.br\/wp-content\/uploads\/2024\/03\/bannerconhecaonobilis.jpg","type":"image\/jpeg"}],"twitter_card":"summary_large_image","twitter_misc":{"Est. tempo de leitura":"1 minuto"},"schema":{"@context":"https:\/\/schema.org","@graph":[{"@type":"WebPage","@id":"https:\/\/colegionobilis.com.br\/index.php\/conheca-o-nobilis\/","url":"https:\/\/colegionobilis.com.br\/index.php\/conheca-o-nobilis\/","name":"Conhe\u00e7a o Nobilis - Colegio Nobilis","isPartOf":{"@id":"https:\/\/colegionobilis.com.br\/#website"},"primaryImageOfPage":{"@id":"https:\/\/colegionobilis.com.br\/index.php\/conheca-o-nobilis\/#primaryimage"},"image":{"@id":"https:\/\/colegionobilis.com.br\/index.php\/conheca-o-nobilis\/#primaryimage"},"thumbnailUrl":"http:\/\/colegionobilis.com.br\/CN\/wp-content\/uploads\/2024\/03\/bannerconhecaonobilis.jpg","datePublished":"2024-03-06T18:40:23+00:00","dateModified":"2025-10-03T17:21:26+00:00","breadcrumb":{"@id":"https:\/\/colegionobilis.com.br\/index.php\/conheca-o-nobilis\/#breadcrumb"},"inLanguage":"pt-BR","potentialAction":[{"@type":"ReadAction","target":["https:\/\/colegionobilis.com.br\/index.php\/conheca-o-nobilis\/"]}]},{"@type":"ImageObject","inLanguage":"pt-BR","@id":"https:\/\/colegionobilis.com.br\/index.php\/conheca-o-nobilis\/#primaryimage","url":"https:\/\/colegionobilis.com.br\/wp-content\/uploads\/2024\/03\/bannerconhecaonobilis.jpg","contentUrl":"https:\/\/colegionobilis.com.br\/wp-content\/uploads\/2024\/03\/bannerconhecaonobilis.jpg","width":1548,"height":400},{"@type":"BreadcrumbList","@id":"https:\/\/colegionobilis.com.br\/index.php\/conheca-o-nobilis\/#breadcrumb","itemListElement":[{"@type":"ListItem","position":1,"name":"In\u00edcio","item":"https:\/\/colegionobilis.com.br\/"},{"@type":"ListItem","position":2,"name":"Conhe\u00e7a o Nobilis"}]},{"@type":"WebSite","@id":"https:\/\/colegionobilis.com.br\/#website","url":"https:\/\/colegionobilis.com.br\/","name":"Colegio Nobilis","description":"","publisher":{"@id":"https:\/\/colegionobilis.com.br\/#organization"},"potentialAction":[{"@type":"SearchAction","target":{"@type":"EntryPoint","urlTemplate":"https:\/\/colegionobilis.com.br\/?s={search_term_string}"},"query-input":{"@type":"PropertyValueSpecification","valueRequired":true,"valueName":"search_term_string"}}],"inLanguage":"pt-BR"},{"@type":"Organization","@id":"https:\/\/colegionobilis.com.br\/#organization","name":"Colegio Nobilis","url":"https:\/\/colegionobilis.com.br\/","logo":{"@type":"ImageObject","inLanguage":"pt-BR","@id":"https:\/\/colegionobilis.com.br\/#\/schema\/logo\/image\/","url":"https:\/\/colegionobilis.com.br\/wp-content\/uploads\/2024\/03\/logocompleto.png","contentUrl":"https:\/\/colegionobilis.com.br\/wp-content\/uploads\/2024\/03\/logocompleto.png","width":430,"height":121,"caption":"Colegio Nobilis"},"image":{"@id":"https:\/\/colegionobilis.com.br\/#\/schema\/logo\/image\/"}}]}},"_links":{"self":[{"href":"https:\/\/colegionobilis.com.br\/index.php\/wp-json\/wp\/v2\/pages\/15","targetHints":{"allow":["GET"]}}],"collection":[{"href":"https:\/\/colegionobilis.com.br\/index.php\/wp-json\/wp\/v2\/pages"}],"about":[{"href":"https:\/\/colegionobilis.com.br\/index.php\/wp-json\/wp\/v2\/types\/page"}],"author":[{"embeddable":true,"href":"https:\/\/colegionobilis.com.br\/index.php\/wp-json\/wp\/v2\/users\/1"}],"replies":[{"embeddable":true,"href":"https:\/\/colegionobilis.com.br\/index.php\/wp-json\/wp\/v2\/comments?post=15"}],"version-history":[{"count":12,"href":"https:\/\/colegionobilis.com.br\/index.php\/wp-json\/wp\/v2\/pages\/15\/revisions"}],"predecessor-version":[{"id":622,"href":"https:\/\/colegionobilis.com.br\/index.php\/wp-json\/wp\/v2\/pages\/15\/revisions\/622"}],"wp:attachment":[{"href":"https:\/\/colegionobilis.com.br\/index.php\/wp-json\/wp\/v2\/media?parent=15"}],"curies":[{"name":"wp","href":"https:\/\/api.w.org\/{rel}","templated":true}]}}