{"id":212,"date":"2024-03-07T20:19:45","date_gmt":"2024-03-07T20:19:45","guid":{"rendered":"http:\/\/colegionobilis.com.br\/CN\/?page_id=212"},"modified":"2025-10-03T14:56:09","modified_gmt":"2025-10-03T17:56:09","slug":"infraestrutura","status":"publish","type":"page","link":"https:\/\/colegionobilis.com.br\/index.php\/infraestrutura\/","title":{"rendered":"Infraestrutura"},"content":{"rendered":"\n<figure class=\"wp-block-image alignfull size-large\"><img loading=\"lazy\" decoding=\"async\" width=\"1024\" height=\"265\" src=\"http:\/\/colegionobilis.com.br\/CN\/wp-content\/uploads\/2024\/03\/bannerinfraestrutura-1024x265.jpg\" alt=\"\" class=\"wp-image-213\" srcset=\"https:\/\/colegionobilis.com.br\/wp-content\/uploads\/2024\/03\/bannerinfraestrutura-1024x265.jpg 1024w, https:\/\/colegionobilis.com.br\/wp-content\/uploads\/2024\/03\/bannerinfraestrutura-300x78.jpg 300w, https:\/\/colegionobilis.com.br\/wp-content\/uploads\/2024\/03\/bannerinfraestrutura-768x199.jpg 768w, https:\/\/colegionobilis.com.br\/wp-content\/uploads\/2024\/03\/bannerinfraestrutura.jpg 1160w\" sizes=\"auto, (max-width: 1024px) 100vw, 1024px\" \/><\/figure>\n\n\n\n<h3 class=\"wp-block-heading has-text-align-center has-contrast-2-color has-text-color has-link-color has-body-font-family wp-elements-482b8d607c9711d41cd8405e994de535\"><strong>INFRAESTRUTURA<\/strong><\/h3>\n\n\n\n<div class=\"wp-block-columns alignwide is-layout-flex wp-container-core-columns-is-layout-28f84493 wp-block-columns-is-layout-flex\">\n<div class=\"wp-block-column is-layout-flow wp-block-column-is-layout-flow\">\n<p class=\"has-text-align-left has-contrast-2-color has-text-color has-link-color wp-elements-157f4d012f1420e653ffbeacaaeedba7\">Os alunos do <strong>Col\u00e9gio Nobilis<\/strong> contam com espa\u00e7os adequados aos diferentes recursos de ensino. Por isso, a institui\u00e7\u00e3o possui duas unidades: a <strong>Unidade da Educa\u00e7\u00e3o Infantil e Ensino Fundamental I e II<\/strong> e a <strong>Unidade do Ensino Fundamental II e Ensino M\u00e9dio<\/strong>, totalizando aproximadamente <strong>2.000 m\u00b2 de \u00e1rea constru\u00edda<\/strong>.<\/p>\n\n\n\n<p class=\"has-text-align-left has-contrast-2-color has-text-color has-link-color wp-elements-54a4eb4b3d0cfc8cbc8521e982236f7a\">Nossa estrutura busca oferecer <strong>qualidade e conforto<\/strong>, dispondo de <strong>laborat\u00f3rio de inform\u00e1tica, biblioteca, sala de multim\u00eddia, laborat\u00f3rios de ci\u00eancias, f\u00edsica e biologia, lanchonetes, quadras poliesportivas, playground<\/strong>, al\u00e9m de <strong>amplos p\u00e1tios cobertos<\/strong> para intera\u00e7\u00e3o e lazer.<\/p>\n\n\n\n<p class=\"has-text-align-left has-contrast-2-color has-text-color has-link-color wp-elements-48d6f90ed30dd0b918043624d7f79300\">A <strong>Nova Unidade<\/strong>, inaugurada em 2015, proporciona aos alunos um espa\u00e7o <strong>amplo e moderno<\/strong>, com \u00e1reas de recrea\u00e7\u00e3o, p\u00e1tio t\u00e9rreo e elevador, projetado para atender todas as necessidades e oferecer maior conforto. O pr\u00e9dio conta ainda com uma <strong>cisterna para capta\u00e7\u00e3o de \u00e1gua da chuva<\/strong>, utilizada parcialmente para suprir algumas demandas da escola.<\/p>\n\n\n\n<p class=\"has-text-align-left has-contrast-2-color has-text-color has-link-color wp-elements-a0d1c0902bd45e3ef9e4c0569077e7d2\">Grande parte das depend\u00eancias do Col\u00e9gio possui <strong>ilumina\u00e7\u00e3o natural<\/strong> e um sistema de ventila\u00e7\u00e3o que promove a troca de ar no pavimento t\u00e9rreo. Tanto o sistema de ilumina\u00e7\u00e3o quanto o de ventila\u00e7\u00e3o foram planejados <strong>com foco na sustentabilidade<\/strong>, contribuindo para a redu\u00e7\u00e3o do consumo de energia el\u00e9trica.<\/p>\n<\/div>\n<\/div>\n\n\n\n<p><\/p>\n","protected":false},"excerpt":{"rendered":"<p>INFRAESTRUTURA Os alunos do Col\u00e9gio Nobilis contam com espa\u00e7os adequados aos diferentes recursos de ensino. Por isso, a institui\u00e7\u00e3o possui duas unidades: a Unidade da Educa\u00e7\u00e3o Infantil e Ensino Fundamental I e II e a Unidade do Ensino Fundamental II e Ensino M\u00e9dio, totalizando aproximadamente 2.000 m\u00b2 de \u00e1rea constru\u00edda. Nossa estrutura busca oferecer qualidade [&hellip;]<\/p>\n","protected":false},"author":1,"featured_media":0,"parent":0,"menu_order":0,"comment_status":"closed","ping_status":"closed","template":"page-no-title","meta":{"footnotes":""},"class_list":["post-212","page","type-page","status-publish","hentry"],"yoast_head":"<!-- This site is optimized with the Yoast SEO plugin v26.0 - https:\/\/yoast.com\/wordpress\/plugins\/seo\/ -->\n<title>Infraestrutura - Colegio Nobilis<\/title>\n<meta name=\"robots\" content=\"index, follow, max-snippet:-1, max-image-preview:large, max-video-preview:-1\" \/>\n<link rel=\"canonical\" href=\"https:\/\/colegionobilis.com.br\/index.php\/infraestrutura\/\" \/>\n<meta property=\"og:locale\" content=\"pt_BR\" \/>\n<meta property=\"og:type\" content=\"article\" \/>\n<meta property=\"og:title\" content=\"Infraestrutura - Colegio Nobilis\" \/>\n<meta property=\"og:description\" content=\"INFRAESTRUTURA Os alunos do Col\u00e9gio Nobilis contam com espa\u00e7os adequados aos diferentes recursos de ensino. Por isso, a institui\u00e7\u00e3o possui duas unidades: a Unidade da Educa\u00e7\u00e3o Infantil e Ensino Fundamental I e II e a Unidade do Ensino Fundamental II e Ensino M\u00e9dio, totalizando aproximadamente 2.000 m\u00b2 de \u00e1rea constru\u00edda. Nossa estrutura busca oferecer qualidade [&hellip;]\" \/>\n<meta property=\"og:url\" content=\"https:\/\/colegionobilis.com.br\/index.php\/infraestrutura\/\" \/>\n<meta property=\"og:site_name\" content=\"Colegio Nobilis\" \/>\n<meta property=\"article:modified_time\" content=\"2025-10-03T17:56:09+00:00\" \/>\n<meta property=\"og:image\" content=\"https:\/\/colegionobilis.com.br\/wp-content\/uploads\/2024\/03\/bannerinfraestrutura.jpg\" \/>\n\t<meta property=\"og:image:width\" content=\"1160\" \/>\n\t<meta property=\"og:image:height\" content=\"300\" \/>\n\t<meta property=\"og:image:type\" content=\"image\/jpeg\" \/>\n<meta name=\"twitter:card\" content=\"summary_large_image\" \/>\n<meta name=\"twitter:label1\" content=\"Est. tempo de leitura\" \/>\n\t<meta name=\"twitter:data1\" content=\"2 minutos\" \/>\n<script type=\"application\/ld+json\" class=\"yoast-schema-graph\">{\"@context\":\"https:\/\/schema.org\",\"@graph\":[{\"@type\":\"WebPage\",\"@id\":\"https:\/\/colegionobilis.com.br\/index.php\/infraestrutura\/\",\"url\":\"https:\/\/colegionobilis.com.br\/index.php\/infraestrutura\/\",\"name\":\"Infraestrutura - Colegio Nobilis\",\"isPartOf\":{\"@id\":\"https:\/\/colegionobilis.com.br\/#website\"},\"primaryImageOfPage\":{\"@id\":\"https:\/\/colegionobilis.com.br\/index.php\/infraestrutura\/#primaryimage\"},\"image\":{\"@id\":\"https:\/\/colegionobilis.com.br\/index.php\/infraestrutura\/#primaryimage\"},\"thumbnailUrl\":\"http:\/\/colegionobilis.com.br\/CN\/wp-content\/uploads\/2024\/03\/bannerinfraestrutura-1024x265.jpg\",\"datePublished\":\"2024-03-07T20:19:45+00:00\",\"dateModified\":\"2025-10-03T17:56:09+00:00\",\"breadcrumb\":{\"@id\":\"https:\/\/colegionobilis.com.br\/index.php\/infraestrutura\/#breadcrumb\"},\"inLanguage\":\"pt-BR\",\"potentialAction\":[{\"@type\":\"ReadAction\",\"target\":[\"https:\/\/colegionobilis.com.br\/index.php\/infraestrutura\/\"]}]},{\"@type\":\"ImageObject\",\"inLanguage\":\"pt-BR\",\"@id\":\"https:\/\/colegionobilis.com.br\/index.php\/infraestrutura\/#primaryimage\",\"url\":\"https:\/\/colegionobilis.com.br\/wp-content\/uploads\/2024\/03\/bannerinfraestrutura.jpg\",\"contentUrl\":\"https:\/\/colegionobilis.com.br\/wp-content\/uploads\/2024\/03\/bannerinfraestrutura.jpg\",\"width\":1160,\"height\":300},{\"@type\":\"BreadcrumbList\",\"@id\":\"https:\/\/colegionobilis.com.br\/index.php\/infraestrutura\/#breadcrumb\",\"itemListElement\":[{\"@type\":\"ListItem\",\"position\":1,\"name\":\"In\u00edcio\",\"item\":\"https:\/\/colegionobilis.com.br\/\"},{\"@type\":\"ListItem\",\"position\":2,\"name\":\"Infraestrutura\"}]},{\"@type\":\"WebSite\",\"@id\":\"https:\/\/colegionobilis.com.br\/#website\",\"url\":\"https:\/\/colegionobilis.com.br\/\",\"name\":\"Colegio Nobilis\",\"description\":\"\",\"publisher\":{\"@id\":\"https:\/\/colegionobilis.com.br\/#organization\"},\"potentialAction\":[{\"@type\":\"SearchAction\",\"target\":{\"@type\":\"EntryPoint\",\"urlTemplate\":\"https:\/\/colegionobilis.com.br\/?s={search_term_string}\"},\"query-input\":{\"@type\":\"PropertyValueSpecification\",\"valueRequired\":true,\"valueName\":\"search_term_string\"}}],\"inLanguage\":\"pt-BR\"},{\"@type\":\"Organization\",\"@id\":\"https:\/\/colegionobilis.com.br\/#organization\",\"name\":\"Colegio Nobilis\",\"url\":\"https:\/\/colegionobilis.com.br\/\",\"logo\":{\"@type\":\"ImageObject\",\"inLanguage\":\"pt-BR\",\"@id\":\"https:\/\/colegionobilis.com.br\/#\/schema\/logo\/image\/\",\"url\":\"https:\/\/colegionobilis.com.br\/wp-content\/uploads\/2024\/03\/logocompleto.png\",\"contentUrl\":\"https:\/\/colegionobilis.com.br\/wp-content\/uploads\/2024\/03\/logocompleto.png\",\"width\":430,\"height\":121,\"caption\":\"Colegio Nobilis\"},\"image\":{\"@id\":\"https:\/\/colegionobilis.com.br\/#\/schema\/logo\/image\/\"}}]}<\/script>\n<!-- \/ Yoast SEO plugin. -->","yoast_head_json":{"title":"Infraestrutura - Colegio Nobilis","robots":{"index":"index","follow":"follow","max-snippet":"max-snippet:-1","max-image-preview":"max-image-preview:large","max-video-preview":"max-video-preview:-1"},"canonical":"https:\/\/colegionobilis.com.br\/index.php\/infraestrutura\/","og_locale":"pt_BR","og_type":"article","og_title":"Infraestrutura - Colegio Nobilis","og_description":"INFRAESTRUTURA Os alunos do Col\u00e9gio Nobilis contam com espa\u00e7os adequados aos diferentes recursos de ensino. Por isso, a institui\u00e7\u00e3o possui duas unidades: a Unidade da Educa\u00e7\u00e3o Infantil e Ensino Fundamental I e II e a Unidade do Ensino Fundamental II e Ensino M\u00e9dio, totalizando aproximadamente 2.000 m\u00b2 de \u00e1rea constru\u00edda. Nossa estrutura busca oferecer qualidade [&hellip;]","og_url":"https:\/\/colegionobilis.com.br\/index.php\/infraestrutura\/","og_site_name":"Colegio Nobilis","article_modified_time":"2025-10-03T17:56:09+00:00","og_image":[{"width":1160,"height":300,"url":"https:\/\/colegionobilis.com.br\/wp-content\/uploads\/2024\/03\/bannerinfraestrutura.jpg","type":"image\/jpeg"}],"twitter_card":"summary_large_image","twitter_misc":{"Est. tempo de leitura":"2 minutos"},"schema":{"@context":"https:\/\/schema.org","@graph":[{"@type":"WebPage","@id":"https:\/\/colegionobilis.com.br\/index.php\/infraestrutura\/","url":"https:\/\/colegionobilis.com.br\/index.php\/infraestrutura\/","name":"Infraestrutura - Colegio Nobilis","isPartOf":{"@id":"https:\/\/colegionobilis.com.br\/#website"},"primaryImageOfPage":{"@id":"https:\/\/colegionobilis.com.br\/index.php\/infraestrutura\/#primaryimage"},"image":{"@id":"https:\/\/colegionobilis.com.br\/index.php\/infraestrutura\/#primaryimage"},"thumbnailUrl":"http:\/\/colegionobilis.com.br\/CN\/wp-content\/uploads\/2024\/03\/bannerinfraestrutura-1024x265.jpg","datePublished":"2024-03-07T20:19:45+00:00","dateModified":"2025-10-03T17:56:09+00:00","breadcrumb":{"@id":"https:\/\/colegionobilis.com.br\/index.php\/infraestrutura\/#breadcrumb"},"inLanguage":"pt-BR","potentialAction":[{"@type":"ReadAction","target":["https:\/\/colegionobilis.com.br\/index.php\/infraestrutura\/"]}]},{"@type":"ImageObject","inLanguage":"pt-BR","@id":"https:\/\/colegionobilis.com.br\/index.php\/infraestrutura\/#primaryimage","url":"https:\/\/colegionobilis.com.br\/wp-content\/uploads\/2024\/03\/bannerinfraestrutura.jpg","contentUrl":"https:\/\/colegionobilis.com.br\/wp-content\/uploads\/2024\/03\/bannerinfraestrutura.jpg","width":1160,"height":300},{"@type":"BreadcrumbList","@id":"https:\/\/colegionobilis.com.br\/index.php\/infraestrutura\/#breadcrumb","itemListElement":[{"@type":"ListItem","position":1,"name":"In\u00edcio","item":"https:\/\/colegionobilis.com.br\/"},{"@type":"ListItem","position":2,"name":"Infraestrutura"}]},{"@type":"WebSite","@id":"https:\/\/colegionobilis.com.br\/#website","url":"https:\/\/colegionobilis.com.br\/","name":"Colegio Nobilis","description":"","publisher":{"@id":"https:\/\/colegionobilis.com.br\/#organization"},"potentialAction":[{"@type":"SearchAction","target":{"@type":"EntryPoint","urlTemplate":"https:\/\/colegionobilis.com.br\/?s={search_term_string}"},"query-input":{"@type":"PropertyValueSpecification","valueRequired":true,"valueName":"search_term_string"}}],"inLanguage":"pt-BR"},{"@type":"Organization","@id":"https:\/\/colegionobilis.com.br\/#organization","name":"Colegio Nobilis","url":"https:\/\/colegionobilis.com.br\/","logo":{"@type":"ImageObject","inLanguage":"pt-BR","@id":"https:\/\/colegionobilis.com.br\/#\/schema\/logo\/image\/","url":"https:\/\/colegionobilis.com.br\/wp-content\/uploads\/2024\/03\/logocompleto.png","contentUrl":"https:\/\/colegionobilis.com.br\/wp-content\/uploads\/2024\/03\/logocompleto.png","width":430,"height":121,"caption":"Colegio Nobilis"},"image":{"@id":"https:\/\/colegionobilis.com.br\/#\/schema\/logo\/image\/"}}]}},"_links":{"self":[{"href":"https:\/\/colegionobilis.com.br\/index.php\/wp-json\/wp\/v2\/pages\/212","targetHints":{"allow":["GET"]}}],"collection":[{"href":"https:\/\/colegionobilis.com.br\/index.php\/wp-json\/wp\/v2\/pages"}],"about":[{"href":"https:\/\/colegionobilis.com.br\/index.php\/wp-json\/wp\/v2\/types\/page"}],"author":[{"embeddable":true,"href":"https:\/\/colegionobilis.com.br\/index.php\/wp-json\/wp\/v2\/users\/1"}],"replies":[{"embeddable":true,"href":"https:\/\/colegionobilis.com.br\/index.php\/wp-json\/wp\/v2\/comments?post=212"}],"version-history":[{"count":3,"href":"https:\/\/colegionobilis.com.br\/index.php\/wp-json\/wp\/v2\/pages\/212\/revisions"}],"predecessor-version":[{"id":640,"href":"https:\/\/colegionobilis.com.br\/index.php\/wp-json\/wp\/v2\/pages\/212\/revisions\/640"}],"wp:attachment":[{"href":"https:\/\/colegionobilis.com.br\/index.php\/wp-json\/wp\/v2\/media?parent=212"}],"curies":[{"name":"wp","href":"https:\/\/api.w.org\/{rel}","templated":true}]}}