{"id":215,"date":"2024-03-07T20:22:01","date_gmt":"2024-03-07T20:22:01","guid":{"rendered":"http:\/\/colegionobilis.com.br\/CN\/?page_id=215"},"modified":"2024-03-07T21:10:38","modified_gmt":"2024-03-07T21:10:38","slug":"equipe","status":"publish","type":"page","link":"https:\/\/colegionobilis.com.br\/index.php\/equipe\/","title":{"rendered":"Equipe"},"content":{"rendered":"\n<figure class=\"wp-block-image alignfull size-large\"><img loading=\"lazy\" decoding=\"async\" width=\"1024\" height=\"265\" src=\"http:\/\/colegionobilis.com.br\/CN\/wp-content\/uploads\/2024\/03\/bannerequipe-1024x265.jpg\" alt=\"\" class=\"wp-image-216\" srcset=\"https:\/\/colegionobilis.com.br\/wp-content\/uploads\/2024\/03\/bannerequipe-1024x265.jpg 1024w, https:\/\/colegionobilis.com.br\/wp-content\/uploads\/2024\/03\/bannerequipe-300x78.jpg 300w, https:\/\/colegionobilis.com.br\/wp-content\/uploads\/2024\/03\/bannerequipe-768x199.jpg 768w, https:\/\/colegionobilis.com.br\/wp-content\/uploads\/2024\/03\/bannerequipe.jpg 1160w\" sizes=\"auto, (max-width: 1024px) 100vw, 1024px\" \/><\/figure>\n\n\n\n<h3 class=\"wp-block-heading has-text-align-center has-contrast-2-color has-text-color has-link-color has-body-font-family wp-elements-fe2dd3c3cc4717c90d5777fdb24dfcf8\"><strong>EQUIPE<\/strong><\/h3>\n\n\n\n<div class=\"wp-block-columns alignwide is-layout-flex wp-container-core-columns-is-layout-28f84493 wp-block-columns-is-layout-flex\">\n<div class=\"wp-block-column is-layout-flow wp-block-column-is-layout-flow\">\n<p class=\"has-contrast-2-color has-text-color has-link-color wp-elements-caa1bdf0e0b5081e1d27b333d82ae5d8\">O Col\u00e9gio Nobilis possui uma equipe de aproximadamente quarenta colaboradores dedicados. Nosso corpo docente \u00e9 composto por profissionais altamente qualificados, todos graduados, muitos com p\u00f3s-gradua\u00e7\u00e3o e alguns concluindo mestrado. Essa diversidade de forma\u00e7\u00f5es e experi\u00eancias permite-nos oferecer aulas de alta qualidade, promovendo n\u00e3o apenas o desenvolvimento acad\u00eamico, mas tamb\u00e9m a forma\u00e7\u00e3o moral e \u00e9tica dos nossos alunos. Estamos comprometidos em proporcionar uma educa\u00e7\u00e3o integral, preparando os estudantes n\u00e3o apenas para os desafios acad\u00eamicos, mas tamb\u00e9m para a vida.<\/p>\n<\/div>\n<\/div>\n","protected":false},"excerpt":{"rendered":"<p>EQUIPE O Col\u00e9gio Nobilis possui uma equipe de aproximadamente quarenta colaboradores dedicados. Nosso corpo docente \u00e9 composto por profissionais altamente qualificados, todos graduados, muitos com p\u00f3s-gradua\u00e7\u00e3o e alguns concluindo mestrado. Essa diversidade de forma\u00e7\u00f5es e experi\u00eancias permite-nos oferecer aulas de alta qualidade, promovendo n\u00e3o apenas o desenvolvimento acad\u00eamico, mas tamb\u00e9m a forma\u00e7\u00e3o moral e \u00e9tica [&hellip;]<\/p>\n","protected":false},"author":1,"featured_media":0,"parent":0,"menu_order":0,"comment_status":"closed","ping_status":"closed","template":"page-no-title","meta":{"footnotes":""},"class_list":["post-215","page","type-page","status-publish","hentry"],"yoast_head":"<!-- This site is optimized with the Yoast SEO plugin v26.0 - https:\/\/yoast.com\/wordpress\/plugins\/seo\/ -->\n<title>Equipe - Colegio Nobilis<\/title>\n<meta name=\"robots\" content=\"index, follow, max-snippet:-1, max-image-preview:large, max-video-preview:-1\" \/>\n<link rel=\"canonical\" href=\"https:\/\/colegionobilis.com.br\/index.php\/equipe\/\" \/>\n<meta property=\"og:locale\" content=\"pt_BR\" \/>\n<meta property=\"og:type\" content=\"article\" \/>\n<meta property=\"og:title\" content=\"Equipe - Colegio Nobilis\" \/>\n<meta property=\"og:description\" content=\"EQUIPE O Col\u00e9gio Nobilis possui uma equipe de aproximadamente quarenta colaboradores dedicados. Nosso corpo docente \u00e9 composto por profissionais altamente qualificados, todos graduados, muitos com p\u00f3s-gradua\u00e7\u00e3o e alguns concluindo mestrado. Essa diversidade de forma\u00e7\u00f5es e experi\u00eancias permite-nos oferecer aulas de alta qualidade, promovendo n\u00e3o apenas o desenvolvimento acad\u00eamico, mas tamb\u00e9m a forma\u00e7\u00e3o moral e \u00e9tica [&hellip;]\" \/>\n<meta property=\"og:url\" content=\"https:\/\/colegionobilis.com.br\/index.php\/equipe\/\" \/>\n<meta property=\"og:site_name\" content=\"Colegio Nobilis\" \/>\n<meta property=\"article:modified_time\" content=\"2024-03-07T21:10:38+00:00\" \/>\n<meta property=\"og:image\" content=\"http:\/\/colegionobilis.com.br\/CN\/wp-content\/uploads\/2024\/03\/bannerequipe-1024x265.jpg\" \/>\n<meta name=\"twitter:card\" content=\"summary_large_image\" \/>\n<script type=\"application\/ld+json\" class=\"yoast-schema-graph\">{\"@context\":\"https:\/\/schema.org\",\"@graph\":[{\"@type\":\"WebPage\",\"@id\":\"https:\/\/colegionobilis.com.br\/index.php\/equipe\/\",\"url\":\"https:\/\/colegionobilis.com.br\/index.php\/equipe\/\",\"name\":\"Equipe - Colegio Nobilis\",\"isPartOf\":{\"@id\":\"https:\/\/colegionobilis.com.br\/#website\"},\"primaryImageOfPage\":{\"@id\":\"https:\/\/colegionobilis.com.br\/index.php\/equipe\/#primaryimage\"},\"image\":{\"@id\":\"https:\/\/colegionobilis.com.br\/index.php\/equipe\/#primaryimage\"},\"thumbnailUrl\":\"http:\/\/colegionobilis.com.br\/CN\/wp-content\/uploads\/2024\/03\/bannerequipe-1024x265.jpg\",\"datePublished\":\"2024-03-07T20:22:01+00:00\",\"dateModified\":\"2024-03-07T21:10:38+00:00\",\"breadcrumb\":{\"@id\":\"https:\/\/colegionobilis.com.br\/index.php\/equipe\/#breadcrumb\"},\"inLanguage\":\"pt-BR\",\"potentialAction\":[{\"@type\":\"ReadAction\",\"target\":[\"https:\/\/colegionobilis.com.br\/index.php\/equipe\/\"]}]},{\"@type\":\"ImageObject\",\"inLanguage\":\"pt-BR\",\"@id\":\"https:\/\/colegionobilis.com.br\/index.php\/equipe\/#primaryimage\",\"url\":\"https:\/\/colegionobilis.com.br\/wp-content\/uploads\/2024\/03\/bannerequipe.jpg\",\"contentUrl\":\"https:\/\/colegionobilis.com.br\/wp-content\/uploads\/2024\/03\/bannerequipe.jpg\",\"width\":1160,\"height\":300},{\"@type\":\"BreadcrumbList\",\"@id\":\"https:\/\/colegionobilis.com.br\/index.php\/equipe\/#breadcrumb\",\"itemListElement\":[{\"@type\":\"ListItem\",\"position\":1,\"name\":\"In\u00edcio\",\"item\":\"https:\/\/colegionobilis.com.br\/\"},{\"@type\":\"ListItem\",\"position\":2,\"name\":\"Equipe\"}]},{\"@type\":\"WebSite\",\"@id\":\"https:\/\/colegionobilis.com.br\/#website\",\"url\":\"https:\/\/colegionobilis.com.br\/\",\"name\":\"Colegio Nobilis\",\"description\":\"\",\"publisher\":{\"@id\":\"https:\/\/colegionobilis.com.br\/#organization\"},\"potentialAction\":[{\"@type\":\"SearchAction\",\"target\":{\"@type\":\"EntryPoint\",\"urlTemplate\":\"https:\/\/colegionobilis.com.br\/?s={search_term_string}\"},\"query-input\":{\"@type\":\"PropertyValueSpecification\",\"valueRequired\":true,\"valueName\":\"search_term_string\"}}],\"inLanguage\":\"pt-BR\"},{\"@type\":\"Organization\",\"@id\":\"https:\/\/colegionobilis.com.br\/#organization\",\"name\":\"Colegio Nobilis\",\"url\":\"https:\/\/colegionobilis.com.br\/\",\"logo\":{\"@type\":\"ImageObject\",\"inLanguage\":\"pt-BR\",\"@id\":\"https:\/\/colegionobilis.com.br\/#\/schema\/logo\/image\/\",\"url\":\"https:\/\/colegionobilis.com.br\/wp-content\/uploads\/2024\/03\/logocompleto.png\",\"contentUrl\":\"https:\/\/colegionobilis.com.br\/wp-content\/uploads\/2024\/03\/logocompleto.png\",\"width\":430,\"height\":121,\"caption\":\"Colegio Nobilis\"},\"image\":{\"@id\":\"https:\/\/colegionobilis.com.br\/#\/schema\/logo\/image\/\"}}]}<\/script>\n<!-- \/ Yoast SEO plugin. -->","yoast_head_json":{"title":"Equipe - Colegio Nobilis","robots":{"index":"index","follow":"follow","max-snippet":"max-snippet:-1","max-image-preview":"max-image-preview:large","max-video-preview":"max-video-preview:-1"},"canonical":"https:\/\/colegionobilis.com.br\/index.php\/equipe\/","og_locale":"pt_BR","og_type":"article","og_title":"Equipe - Colegio Nobilis","og_description":"EQUIPE O Col\u00e9gio Nobilis possui uma equipe de aproximadamente quarenta colaboradores dedicados. Nosso corpo docente \u00e9 composto por profissionais altamente qualificados, todos graduados, muitos com p\u00f3s-gradua\u00e7\u00e3o e alguns concluindo mestrado. Essa diversidade de forma\u00e7\u00f5es e experi\u00eancias permite-nos oferecer aulas de alta qualidade, promovendo n\u00e3o apenas o desenvolvimento acad\u00eamico, mas tamb\u00e9m a forma\u00e7\u00e3o moral e \u00e9tica [&hellip;]","og_url":"https:\/\/colegionobilis.com.br\/index.php\/equipe\/","og_site_name":"Colegio Nobilis","article_modified_time":"2024-03-07T21:10:38+00:00","og_image":[{"url":"http:\/\/colegionobilis.com.br\/CN\/wp-content\/uploads\/2024\/03\/bannerequipe-1024x265.jpg","type":"","width":"","height":""}],"twitter_card":"summary_large_image","schema":{"@context":"https:\/\/schema.org","@graph":[{"@type":"WebPage","@id":"https:\/\/colegionobilis.com.br\/index.php\/equipe\/","url":"https:\/\/colegionobilis.com.br\/index.php\/equipe\/","name":"Equipe - Colegio Nobilis","isPartOf":{"@id":"https:\/\/colegionobilis.com.br\/#website"},"primaryImageOfPage":{"@id":"https:\/\/colegionobilis.com.br\/index.php\/equipe\/#primaryimage"},"image":{"@id":"https:\/\/colegionobilis.com.br\/index.php\/equipe\/#primaryimage"},"thumbnailUrl":"http:\/\/colegionobilis.com.br\/CN\/wp-content\/uploads\/2024\/03\/bannerequipe-1024x265.jpg","datePublished":"2024-03-07T20:22:01+00:00","dateModified":"2024-03-07T21:10:38+00:00","breadcrumb":{"@id":"https:\/\/colegionobilis.com.br\/index.php\/equipe\/#breadcrumb"},"inLanguage":"pt-BR","potentialAction":[{"@type":"ReadAction","target":["https:\/\/colegionobilis.com.br\/index.php\/equipe\/"]}]},{"@type":"ImageObject","inLanguage":"pt-BR","@id":"https:\/\/colegionobilis.com.br\/index.php\/equipe\/#primaryimage","url":"https:\/\/colegionobilis.com.br\/wp-content\/uploads\/2024\/03\/bannerequipe.jpg","contentUrl":"https:\/\/colegionobilis.com.br\/wp-content\/uploads\/2024\/03\/bannerequipe.jpg","width":1160,"height":300},{"@type":"BreadcrumbList","@id":"https:\/\/colegionobilis.com.br\/index.php\/equipe\/#breadcrumb","itemListElement":[{"@type":"ListItem","position":1,"name":"In\u00edcio","item":"https:\/\/colegionobilis.com.br\/"},{"@type":"ListItem","position":2,"name":"Equipe"}]},{"@type":"WebSite","@id":"https:\/\/colegionobilis.com.br\/#website","url":"https:\/\/colegionobilis.com.br\/","name":"Colegio Nobilis","description":"","publisher":{"@id":"https:\/\/colegionobilis.com.br\/#organization"},"potentialAction":[{"@type":"SearchAction","target":{"@type":"EntryPoint","urlTemplate":"https:\/\/colegionobilis.com.br\/?s={search_term_string}"},"query-input":{"@type":"PropertyValueSpecification","valueRequired":true,"valueName":"search_term_string"}}],"inLanguage":"pt-BR"},{"@type":"Organization","@id":"https:\/\/colegionobilis.com.br\/#organization","name":"Colegio Nobilis","url":"https:\/\/colegionobilis.com.br\/","logo":{"@type":"ImageObject","inLanguage":"pt-BR","@id":"https:\/\/colegionobilis.com.br\/#\/schema\/logo\/image\/","url":"https:\/\/colegionobilis.com.br\/wp-content\/uploads\/2024\/03\/logocompleto.png","contentUrl":"https:\/\/colegionobilis.com.br\/wp-content\/uploads\/2024\/03\/logocompleto.png","width":430,"height":121,"caption":"Colegio Nobilis"},"image":{"@id":"https:\/\/colegionobilis.com.br\/#\/schema\/logo\/image\/"}}]}},"_links":{"self":[{"href":"https:\/\/colegionobilis.com.br\/index.php\/wp-json\/wp\/v2\/pages\/215","targetHints":{"allow":["GET"]}}],"collection":[{"href":"https:\/\/colegionobilis.com.br\/index.php\/wp-json\/wp\/v2\/pages"}],"about":[{"href":"https:\/\/colegionobilis.com.br\/index.php\/wp-json\/wp\/v2\/types\/page"}],"author":[{"embeddable":true,"href":"https:\/\/colegionobilis.com.br\/index.php\/wp-json\/wp\/v2\/users\/1"}],"replies":[{"embeddable":true,"href":"https:\/\/colegionobilis.com.br\/index.php\/wp-json\/wp\/v2\/comments?post=215"}],"version-history":[{"count":2,"href":"https:\/\/colegionobilis.com.br\/index.php\/wp-json\/wp\/v2\/pages\/215\/revisions"}],"predecessor-version":[{"id":264,"href":"https:\/\/colegionobilis.com.br\/index.php\/wp-json\/wp\/v2\/pages\/215\/revisions\/264"}],"wp:attachment":[{"href":"https:\/\/colegionobilis.com.br\/index.php\/wp-json\/wp\/v2\/media?parent=215"}],"curies":[{"name":"wp","href":"https:\/\/api.w.org\/{rel}","templated":true}]}}