{"id":272,"date":"2024-03-08T12:55:42","date_gmt":"2024-03-08T12:55:42","guid":{"rendered":"http:\/\/colegionobilis.com.br\/CN\/?page_id=272"},"modified":"2025-10-03T13:54:30","modified_gmt":"2025-10-03T16:54:30","slug":"ensino-fundamental","status":"publish","type":"page","link":"https:\/\/colegionobilis.com.br\/index.php\/ensino-fundamental\/","title":{"rendered":"Ensino Fundamental"},"content":{"rendered":"\n<figure class=\"wp-block-image alignfull size-large\"><img loading=\"lazy\" decoding=\"async\" width=\"1024\" height=\"265\" src=\"http:\/\/colegionobilis.com.br\/CN\/wp-content\/uploads\/2024\/03\/bannerensinofundamental-1024x265.jpg\" alt=\"\" class=\"wp-image-283\" srcset=\"https:\/\/colegionobilis.com.br\/wp-content\/uploads\/2024\/03\/bannerensinofundamental-1024x265.jpg 1024w, https:\/\/colegionobilis.com.br\/wp-content\/uploads\/2024\/03\/bannerensinofundamental-300x78.jpg 300w, https:\/\/colegionobilis.com.br\/wp-content\/uploads\/2024\/03\/bannerensinofundamental-768x199.jpg 768w, https:\/\/colegionobilis.com.br\/wp-content\/uploads\/2024\/03\/bannerensinofundamental.jpg 1160w\" sizes=\"auto, (max-width: 1024px) 100vw, 1024px\" \/><\/figure>\n\n\n\n<h3 class=\"wp-block-heading has-text-align-center has-contrast-2-color has-text-color has-link-color has-body-font-family wp-elements-967be55d5e9f372e2f32ea8a25dbb56c\"><strong>ENSINO FUNDAMENTAL<\/strong><\/h3>\n\n\n\n<p class=\"has-contrast-2-color has-text-color has-link-color wp-elements-d8d97768551801c9cd599367bfce50b8\">O ingresso nessa etapa de ensino marca uma nova e importante fase no desenvolvimento do aluno e na rela\u00e7\u00e3o com o mundo que o cerca. O aluno, ent\u00e3o, progressivamente amplia seu conceito de mundo, apropria-se de diversas linguagens, adquire novas compet\u00eancias cognitivas e novos referenciais de vida a respeito do conv\u00edvio social e de si mesmo, consolidando valores importantes na forma\u00e7\u00e3o de sua identidade.<\/p>\n\n\n\n<p class=\"has-contrast-2-color has-text-color has-link-color wp-elements-888a5ed78d3e9e6db515853e4995452e\">No Ensino Fundamental o aluno ter\u00e1 o dom\u00ednio na leitura, na escrita e no c\u00e1lculo, al\u00e9m de j\u00e1 ser capaz de identificar o ambiente natural e o social, o sistema pol\u00edtico, a tecnologia, as artes e os valores b\u00e1sicos da sociedade e da fam\u00edlia.<\/p>\n\n\n\n<p class=\"has-contrast-2-color has-text-color has-link-color wp-elements-1761f8592ed20f11de314e0a6a492db1\">Em nossa proposta de Ensino o aluno \u00e9 o protagonista e \u00e9 inserido num contexto onde participa de situa\u00e7\u00f5es de aprendizagem significativas e de projetos interdisciplinares, onde re\u00fane o conhecimento dos v\u00e1rios componentes curriculares.<\/p>\n\n\n\n<p class=\"has-contrast-2-color has-text-color has-link-color wp-elements-67d20cce9fc0dee3eced80be51f86100\">O aluno do 9\u00b0 ano \u00e9 completamente inserido no ambiente do ensino m\u00e9dio, participando de projetos, atividades e realizando provas e simulados, visando desde cedo, a prepara\u00e7\u00e3o para o vestibular e principalmente para o ENEM.<\/p>\n\n\n\n<p class=\"has-contrast-2-color has-text-color has-link-color wp-elements-d73c3dbe1daf13fc14575cb81f6e5359\"><strong>Hor\u00e1rio de Aula<\/strong><br><strong>Fundamental I:<\/strong><br><strong>Tarde:<\/strong>&nbsp;das 13h00 \u00e1s 17h00<\/p>\n\n\n\n<p class=\"has-contrast-2-color has-text-color has-link-color wp-elements-33b9a68dd3b4b2dc5f405c167a2e737d\"><strong>Fundamental II:<\/strong><br><strong>Manh\u00e3:<\/strong><br>\u2013 6\u00ba e 7\u00ba ano \u2013 das 7h10 \u00e0s 12h30<br>\u2013 8\u00ba e 9\u00ba ano \u2013 das 7h10 \u00e0s 12h30<\/p>\n\n\n\n<p class=\"has-contrast-2-color has-text-color has-link-color wp-elements-5775ba2340607cbf51bbb9f3b708ff35\"><strong>Tarde<\/strong><br>\u2013 6\u00ba e 7\u00ba ano \u2013 das 13h \u00e0s 18h20<br>\u2013 8\u00ba e 9\u00ba ano \u2013 das 13h \u00e0s 18h20<\/p>\n\n\n\n<p class=\"has-contrast-2-color has-text-color has-link-color wp-elements-69b0e3bd7d1531e4e5edc6f72669ca67\"><strong>Disciplinas:<\/strong><br>Portugu\u00eas, Matem\u00e1tica, Hist\u00f3ria, Geografia, Ci\u00eancias, Ingl\u00eas, Educa\u00e7\u00e3o F\u00edsica, Artes, Espanhol e Projeto MIDES (Mercado de Trabalho e carreiras, Intelig\u00eancia Emocional e autoconhecimento, Desenvolvimento do planejamento de estudo e aprendizado, Empreendedorismo e Sustentabilidade).<\/p>\n\n\n\n<p class=\"has-contrast-2-color has-text-color has-link-color wp-elements-e2d7991122e85c023ae218b72d2d398a\"><strong>Incluso na mensalidade:<\/strong>&nbsp;ATIVIDADES ESPORTIVAS NO COL\u00c9GIO*.<\/p>\n\n\n\n<p class=\"has-contrast-2-color has-text-color has-link-color wp-elements-6d3be61d5dc021aa633cd52a7d67c165\"><strong>Aulas extracurriculares:<\/strong>\u00a0Futsal, Jud\u00f4, Gin\u00e1stica de Trampolim, Dan\u00e7a, Super C\u00e9rebro, Rob\u00f3tica e Dan\u00e7a. (Pequenas mensalidades).<br>* Somente para os alunos do Fundamental II e Ensino M\u00e9dio.<\/p>\n\n\n\n<p><\/p>\n","protected":false},"excerpt":{"rendered":"<p>ENSINO FUNDAMENTAL O ingresso nessa etapa de ensino marca uma nova e importante fase no desenvolvimento do aluno e na rela\u00e7\u00e3o com o mundo que o cerca. O aluno, ent\u00e3o, progressivamente amplia seu conceito de mundo, apropria-se de diversas linguagens, adquire novas compet\u00eancias cognitivas e novos referenciais de vida a respeito do conv\u00edvio social e [&hellip;]<\/p>\n","protected":false},"author":1,"featured_media":0,"parent":0,"menu_order":0,"comment_status":"closed","ping_status":"closed","template":"page-no-title","meta":{"footnotes":""},"class_list":["post-272","page","type-page","status-publish","hentry"],"yoast_head":"<!-- This site is optimized with the Yoast SEO plugin v26.0 - https:\/\/yoast.com\/wordpress\/plugins\/seo\/ -->\n<title>Ensino Fundamental - Colegio Nobilis<\/title>\n<meta name=\"robots\" content=\"index, follow, max-snippet:-1, max-image-preview:large, max-video-preview:-1\" \/>\n<link rel=\"canonical\" href=\"https:\/\/colegionobilis.com.br\/index.php\/ensino-fundamental\/\" \/>\n<meta property=\"og:locale\" content=\"pt_BR\" \/>\n<meta property=\"og:type\" content=\"article\" \/>\n<meta property=\"og:title\" content=\"Ensino Fundamental - Colegio Nobilis\" \/>\n<meta property=\"og:description\" content=\"ENSINO FUNDAMENTAL O ingresso nessa etapa de ensino marca uma nova e importante fase no desenvolvimento do aluno e na rela\u00e7\u00e3o com o mundo que o cerca. O aluno, ent\u00e3o, progressivamente amplia seu conceito de mundo, apropria-se de diversas linguagens, adquire novas compet\u00eancias cognitivas e novos referenciais de vida a respeito do conv\u00edvio social e [&hellip;]\" \/>\n<meta property=\"og:url\" content=\"https:\/\/colegionobilis.com.br\/index.php\/ensino-fundamental\/\" \/>\n<meta property=\"og:site_name\" content=\"Colegio Nobilis\" \/>\n<meta property=\"article:modified_time\" content=\"2025-10-03T16:54:30+00:00\" \/>\n<meta property=\"og:image\" content=\"https:\/\/colegionobilis.com.br\/wp-content\/uploads\/2024\/03\/bannerensinofundamental.jpg\" \/>\n\t<meta property=\"og:image:width\" content=\"1160\" \/>\n\t<meta property=\"og:image:height\" content=\"300\" \/>\n\t<meta property=\"og:image:type\" content=\"image\/jpeg\" \/>\n<meta name=\"twitter:card\" content=\"summary_large_image\" \/>\n<meta name=\"twitter:label1\" content=\"Est. tempo de leitura\" \/>\n\t<meta name=\"twitter:data1\" content=\"2 minutos\" \/>\n<script type=\"application\/ld+json\" class=\"yoast-schema-graph\">{\"@context\":\"https:\/\/schema.org\",\"@graph\":[{\"@type\":\"WebPage\",\"@id\":\"https:\/\/colegionobilis.com.br\/index.php\/ensino-fundamental\/\",\"url\":\"https:\/\/colegionobilis.com.br\/index.php\/ensino-fundamental\/\",\"name\":\"Ensino Fundamental - Colegio Nobilis\",\"isPartOf\":{\"@id\":\"https:\/\/colegionobilis.com.br\/#website\"},\"primaryImageOfPage\":{\"@id\":\"https:\/\/colegionobilis.com.br\/index.php\/ensino-fundamental\/#primaryimage\"},\"image\":{\"@id\":\"https:\/\/colegionobilis.com.br\/index.php\/ensino-fundamental\/#primaryimage\"},\"thumbnailUrl\":\"http:\/\/colegionobilis.com.br\/CN\/wp-content\/uploads\/2024\/03\/bannerensinofundamental-1024x265.jpg\",\"datePublished\":\"2024-03-08T12:55:42+00:00\",\"dateModified\":\"2025-10-03T16:54:30+00:00\",\"breadcrumb\":{\"@id\":\"https:\/\/colegionobilis.com.br\/index.php\/ensino-fundamental\/#breadcrumb\"},\"inLanguage\":\"pt-BR\",\"potentialAction\":[{\"@type\":\"ReadAction\",\"target\":[\"https:\/\/colegionobilis.com.br\/index.php\/ensino-fundamental\/\"]}]},{\"@type\":\"ImageObject\",\"inLanguage\":\"pt-BR\",\"@id\":\"https:\/\/colegionobilis.com.br\/index.php\/ensino-fundamental\/#primaryimage\",\"url\":\"https:\/\/colegionobilis.com.br\/wp-content\/uploads\/2024\/03\/bannerensinofundamental.jpg\",\"contentUrl\":\"https:\/\/colegionobilis.com.br\/wp-content\/uploads\/2024\/03\/bannerensinofundamental.jpg\",\"width\":1160,\"height\":300},{\"@type\":\"BreadcrumbList\",\"@id\":\"https:\/\/colegionobilis.com.br\/index.php\/ensino-fundamental\/#breadcrumb\",\"itemListElement\":[{\"@type\":\"ListItem\",\"position\":1,\"name\":\"In\u00edcio\",\"item\":\"https:\/\/colegionobilis.com.br\/\"},{\"@type\":\"ListItem\",\"position\":2,\"name\":\"Ensino Fundamental\"}]},{\"@type\":\"WebSite\",\"@id\":\"https:\/\/colegionobilis.com.br\/#website\",\"url\":\"https:\/\/colegionobilis.com.br\/\",\"name\":\"Colegio Nobilis\",\"description\":\"\",\"publisher\":{\"@id\":\"https:\/\/colegionobilis.com.br\/#organization\"},\"potentialAction\":[{\"@type\":\"SearchAction\",\"target\":{\"@type\":\"EntryPoint\",\"urlTemplate\":\"https:\/\/colegionobilis.com.br\/?s={search_term_string}\"},\"query-input\":{\"@type\":\"PropertyValueSpecification\",\"valueRequired\":true,\"valueName\":\"search_term_string\"}}],\"inLanguage\":\"pt-BR\"},{\"@type\":\"Organization\",\"@id\":\"https:\/\/colegionobilis.com.br\/#organization\",\"name\":\"Colegio Nobilis\",\"url\":\"https:\/\/colegionobilis.com.br\/\",\"logo\":{\"@type\":\"ImageObject\",\"inLanguage\":\"pt-BR\",\"@id\":\"https:\/\/colegionobilis.com.br\/#\/schema\/logo\/image\/\",\"url\":\"https:\/\/colegionobilis.com.br\/wp-content\/uploads\/2024\/03\/logocompleto.png\",\"contentUrl\":\"https:\/\/colegionobilis.com.br\/wp-content\/uploads\/2024\/03\/logocompleto.png\",\"width\":430,\"height\":121,\"caption\":\"Colegio Nobilis\"},\"image\":{\"@id\":\"https:\/\/colegionobilis.com.br\/#\/schema\/logo\/image\/\"}}]}<\/script>\n<!-- \/ Yoast SEO plugin. -->","yoast_head_json":{"title":"Ensino Fundamental - Colegio Nobilis","robots":{"index":"index","follow":"follow","max-snippet":"max-snippet:-1","max-image-preview":"max-image-preview:large","max-video-preview":"max-video-preview:-1"},"canonical":"https:\/\/colegionobilis.com.br\/index.php\/ensino-fundamental\/","og_locale":"pt_BR","og_type":"article","og_title":"Ensino Fundamental - Colegio Nobilis","og_description":"ENSINO FUNDAMENTAL O ingresso nessa etapa de ensino marca uma nova e importante fase no desenvolvimento do aluno e na rela\u00e7\u00e3o com o mundo que o cerca. O aluno, ent\u00e3o, progressivamente amplia seu conceito de mundo, apropria-se de diversas linguagens, adquire novas compet\u00eancias cognitivas e novos referenciais de vida a respeito do conv\u00edvio social e [&hellip;]","og_url":"https:\/\/colegionobilis.com.br\/index.php\/ensino-fundamental\/","og_site_name":"Colegio Nobilis","article_modified_time":"2025-10-03T16:54:30+00:00","og_image":[{"width":1160,"height":300,"url":"https:\/\/colegionobilis.com.br\/wp-content\/uploads\/2024\/03\/bannerensinofundamental.jpg","type":"image\/jpeg"}],"twitter_card":"summary_large_image","twitter_misc":{"Est. tempo de leitura":"2 minutos"},"schema":{"@context":"https:\/\/schema.org","@graph":[{"@type":"WebPage","@id":"https:\/\/colegionobilis.com.br\/index.php\/ensino-fundamental\/","url":"https:\/\/colegionobilis.com.br\/index.php\/ensino-fundamental\/","name":"Ensino Fundamental - Colegio Nobilis","isPartOf":{"@id":"https:\/\/colegionobilis.com.br\/#website"},"primaryImageOfPage":{"@id":"https:\/\/colegionobilis.com.br\/index.php\/ensino-fundamental\/#primaryimage"},"image":{"@id":"https:\/\/colegionobilis.com.br\/index.php\/ensino-fundamental\/#primaryimage"},"thumbnailUrl":"http:\/\/colegionobilis.com.br\/CN\/wp-content\/uploads\/2024\/03\/bannerensinofundamental-1024x265.jpg","datePublished":"2024-03-08T12:55:42+00:00","dateModified":"2025-10-03T16:54:30+00:00","breadcrumb":{"@id":"https:\/\/colegionobilis.com.br\/index.php\/ensino-fundamental\/#breadcrumb"},"inLanguage":"pt-BR","potentialAction":[{"@type":"ReadAction","target":["https:\/\/colegionobilis.com.br\/index.php\/ensino-fundamental\/"]}]},{"@type":"ImageObject","inLanguage":"pt-BR","@id":"https:\/\/colegionobilis.com.br\/index.php\/ensino-fundamental\/#primaryimage","url":"https:\/\/colegionobilis.com.br\/wp-content\/uploads\/2024\/03\/bannerensinofundamental.jpg","contentUrl":"https:\/\/colegionobilis.com.br\/wp-content\/uploads\/2024\/03\/bannerensinofundamental.jpg","width":1160,"height":300},{"@type":"BreadcrumbList","@id":"https:\/\/colegionobilis.com.br\/index.php\/ensino-fundamental\/#breadcrumb","itemListElement":[{"@type":"ListItem","position":1,"name":"In\u00edcio","item":"https:\/\/colegionobilis.com.br\/"},{"@type":"ListItem","position":2,"name":"Ensino Fundamental"}]},{"@type":"WebSite","@id":"https:\/\/colegionobilis.com.br\/#website","url":"https:\/\/colegionobilis.com.br\/","name":"Colegio Nobilis","description":"","publisher":{"@id":"https:\/\/colegionobilis.com.br\/#organization"},"potentialAction":[{"@type":"SearchAction","target":{"@type":"EntryPoint","urlTemplate":"https:\/\/colegionobilis.com.br\/?s={search_term_string}"},"query-input":{"@type":"PropertyValueSpecification","valueRequired":true,"valueName":"search_term_string"}}],"inLanguage":"pt-BR"},{"@type":"Organization","@id":"https:\/\/colegionobilis.com.br\/#organization","name":"Colegio Nobilis","url":"https:\/\/colegionobilis.com.br\/","logo":{"@type":"ImageObject","inLanguage":"pt-BR","@id":"https:\/\/colegionobilis.com.br\/#\/schema\/logo\/image\/","url":"https:\/\/colegionobilis.com.br\/wp-content\/uploads\/2024\/03\/logocompleto.png","contentUrl":"https:\/\/colegionobilis.com.br\/wp-content\/uploads\/2024\/03\/logocompleto.png","width":430,"height":121,"caption":"Colegio Nobilis"},"image":{"@id":"https:\/\/colegionobilis.com.br\/#\/schema\/logo\/image\/"}}]}},"_links":{"self":[{"href":"https:\/\/colegionobilis.com.br\/index.php\/wp-json\/wp\/v2\/pages\/272","targetHints":{"allow":["GET"]}}],"collection":[{"href":"https:\/\/colegionobilis.com.br\/index.php\/wp-json\/wp\/v2\/pages"}],"about":[{"href":"https:\/\/colegionobilis.com.br\/index.php\/wp-json\/wp\/v2\/types\/page"}],"author":[{"embeddable":true,"href":"https:\/\/colegionobilis.com.br\/index.php\/wp-json\/wp\/v2\/users\/1"}],"replies":[{"embeddable":true,"href":"https:\/\/colegionobilis.com.br\/index.php\/wp-json\/wp\/v2\/comments?post=272"}],"version-history":[{"count":6,"href":"https:\/\/colegionobilis.com.br\/index.php\/wp-json\/wp\/v2\/pages\/272\/revisions"}],"predecessor-version":[{"id":598,"href":"https:\/\/colegionobilis.com.br\/index.php\/wp-json\/wp\/v2\/pages\/272\/revisions\/598"}],"wp:attachment":[{"href":"https:\/\/colegionobilis.com.br\/index.php\/wp-json\/wp\/v2\/media?parent=272"}],"curies":[{"name":"wp","href":"https:\/\/api.w.org\/{rel}","templated":true}]}}