{"id":274,"date":"2024-03-08T12:56:16","date_gmt":"2024-03-08T12:56:16","guid":{"rendered":"http:\/\/colegionobilis.com.br\/CN\/?page_id=274"},"modified":"2024-03-08T13:15:27","modified_gmt":"2024-03-08T13:15:27","slug":"ingles-cambridge","status":"publish","type":"page","link":"https:\/\/colegionobilis.com.br\/index.php\/ingles-cambridge\/","title":{"rendered":"Ingl\u00eas Cambridge"},"content":{"rendered":"\n<figure class=\"wp-block-image alignfull size-large\"><img loading=\"lazy\" decoding=\"async\" width=\"1024\" height=\"265\" src=\"http:\/\/colegionobilis.com.br\/CN\/wp-content\/uploads\/2024\/03\/bannercambridge-1024x265.jpg\" alt=\"\" class=\"wp-image-286\" srcset=\"https:\/\/colegionobilis.com.br\/wp-content\/uploads\/2024\/03\/bannercambridge-1024x265.jpg 1024w, https:\/\/colegionobilis.com.br\/wp-content\/uploads\/2024\/03\/bannercambridge-300x78.jpg 300w, https:\/\/colegionobilis.com.br\/wp-content\/uploads\/2024\/03\/bannercambridge-768x199.jpg 768w, https:\/\/colegionobilis.com.br\/wp-content\/uploads\/2024\/03\/bannercambridge.jpg 1160w\" sizes=\"auto, (max-width: 1024px) 100vw, 1024px\" \/><\/figure>\n\n\n\n<h3 class=\"wp-block-heading has-text-align-center has-contrast-2-color has-text-color has-link-color has-body-font-family wp-elements-2512e275f6ae256445185a3e9e2577bf\"><strong>INGL\u00caS CAMBRIDGE<\/strong><\/h3>\n\n\n\n<p class=\"has-contrast-2-color has-text-color has-link-color wp-elements-71e77e2b53bc524df325719b1b02d5aa\">Durante esses anos o Col\u00e9gio Nobilis investiu em uma educa\u00e7\u00e3o de qualidade, aprimorou o ensino com o uso de materiais tradicionais que permitem intera\u00e7\u00e3o com conte\u00fado digital, equipamentos tecnol\u00f3gicos e cursos preparat\u00f3rios para vestibulares, proporcionando que seus alunos alcan\u00e7assem grandes resultados em olimp\u00edadas, ENEM e universidades p\u00fablicas e particulares.<\/p>\n\n\n\n<p class=\"has-contrast-2-color has-text-color has-link-color wp-elements-480add7ed5ea10b4663ac47c938a12c8\">Dando continuidade a essa trajet\u00f3ria, para que nossos alunos estejam ainda mais preparados para o futuro, o Col\u00e9gio Nobilis em 2018 se tornou um centro oficial preparat\u00f3rio para o&nbsp;<strong>Exame de Cambridge Language Assessment<\/strong>&nbsp;. Para isso, nossos alunos ter\u00e3o&nbsp;<strong>carga hor\u00e1ria ampliada de ingl\u00eas<\/strong>, dentro do per\u00edodo escolar, com aulas interativas e apoio tecnol\u00f3gico, curr\u00edculo elaborado de acordo com os padr\u00f5es internacionais: Common European Framework of Reference (CEFR) e material especializado da Editora Cambridge University Press. Nossas aulas ir\u00e3o abranger as quatro habilidades lingu\u00edsticas: Reading &amp; Writing, Listening and Speaking. Nossos alunos estar\u00e3o preparados para realizar o Exame Cambridge English, seguindo rigorosamente os padr\u00f5es de qualidade, confiabilidade e precis\u00e3o e que \u00e9 aceito em mais de 20.000 institui\u00e7\u00f5es de ensino e diversas empresas multinacionais.<\/p>\n\n\n\n<p class=\"has-contrast-2-color has-text-color has-link-color wp-elements-6528ff88744a8d4f9fdad7b1fd2f94f2\">Os exames poder\u00e3o ser realizados no col\u00e9gio ao t\u00e9rmino de cada ano letivo de acordo com a solicita\u00e7\u00e3o do aluno e crit\u00e9rios de inscri\u00e7\u00e3o e avalia\u00e7\u00e3o estipulados por Cambridge English, e s\u00e3o aplicados para diversas faixas et\u00e1rias em diferentes n\u00edveis de profici\u00eancia da l\u00edngua.<\/p>\n\n\n\n<p class=\"has-contrast-2-color has-text-color has-link-color wp-elements-bf9182359b9a96bedc8afe809723dbe5\">Estaremos sempre enviando novas informa\u00e7\u00f5es.<\/p>\n\n\n\n<figure class=\"wp-block-embed is-type-video is-provider-youtube wp-block-embed-youtube wp-embed-aspect-16-9 wp-has-aspect-ratio\"><div class=\"wp-block-embed__wrapper\">\n<iframe loading=\"lazy\" title=\"For every learner, every step of the way\" width=\"500\" height=\"281\" src=\"https:\/\/www.youtube.com\/embed\/nh0WAj1-7mo?feature=oembed\" frameborder=\"0\" allow=\"accelerometer; autoplay; clipboard-write; encrypted-media; gyroscope; picture-in-picture; web-share\" referrerpolicy=\"strict-origin-when-cross-origin\" allowfullscreen><\/iframe>\n<\/div><\/figure>\n","protected":false},"excerpt":{"rendered":"<p>INGL\u00caS CAMBRIDGE Durante esses anos o Col\u00e9gio Nobilis investiu em uma educa\u00e7\u00e3o de qualidade, aprimorou o ensino com o uso de materiais tradicionais que permitem intera\u00e7\u00e3o com conte\u00fado digital, equipamentos tecnol\u00f3gicos e cursos preparat\u00f3rios para vestibulares, proporcionando que seus alunos alcan\u00e7assem grandes resultados em olimp\u00edadas, ENEM e universidades p\u00fablicas e particulares. Dando continuidade a essa [&hellip;]<\/p>\n","protected":false},"author":1,"featured_media":0,"parent":0,"menu_order":0,"comment_status":"closed","ping_status":"closed","template":"page-no-title","meta":{"footnotes":""},"class_list":["post-274","page","type-page","status-publish","hentry"],"yoast_head":"<!-- This site is optimized with the Yoast SEO plugin v26.0 - https:\/\/yoast.com\/wordpress\/plugins\/seo\/ -->\n<title>Ingl\u00eas Cambridge - Colegio Nobilis<\/title>\n<meta name=\"robots\" content=\"index, follow, max-snippet:-1, max-image-preview:large, max-video-preview:-1\" \/>\n<link rel=\"canonical\" href=\"https:\/\/colegionobilis.com.br\/index.php\/ingles-cambridge\/\" \/>\n<meta property=\"og:locale\" content=\"pt_BR\" \/>\n<meta property=\"og:type\" content=\"article\" \/>\n<meta property=\"og:title\" content=\"Ingl\u00eas Cambridge - Colegio Nobilis\" \/>\n<meta property=\"og:description\" content=\"INGL\u00caS CAMBRIDGE Durante esses anos o Col\u00e9gio Nobilis investiu em uma educa\u00e7\u00e3o de qualidade, aprimorou o ensino com o uso de materiais tradicionais que permitem intera\u00e7\u00e3o com conte\u00fado digital, equipamentos tecnol\u00f3gicos e cursos preparat\u00f3rios para vestibulares, proporcionando que seus alunos alcan\u00e7assem grandes resultados em olimp\u00edadas, ENEM e universidades p\u00fablicas e particulares. Dando continuidade a essa [&hellip;]\" \/>\n<meta property=\"og:url\" content=\"https:\/\/colegionobilis.com.br\/index.php\/ingles-cambridge\/\" \/>\n<meta property=\"og:site_name\" content=\"Colegio Nobilis\" \/>\n<meta property=\"article:modified_time\" content=\"2024-03-08T13:15:27+00:00\" \/>\n<meta property=\"og:image\" content=\"http:\/\/colegionobilis.com.br\/CN\/wp-content\/uploads\/2024\/03\/bannercambridge-1024x265.jpg\" \/>\n<meta name=\"twitter:card\" content=\"summary_large_image\" \/>\n<meta name=\"twitter:label1\" content=\"Est. tempo de leitura\" \/>\n\t<meta name=\"twitter:data1\" content=\"1 minuto\" \/>\n<script type=\"application\/ld+json\" class=\"yoast-schema-graph\">{\"@context\":\"https:\/\/schema.org\",\"@graph\":[{\"@type\":\"WebPage\",\"@id\":\"https:\/\/colegionobilis.com.br\/index.php\/ingles-cambridge\/\",\"url\":\"https:\/\/colegionobilis.com.br\/index.php\/ingles-cambridge\/\",\"name\":\"Ingl\u00eas Cambridge - Colegio Nobilis\",\"isPartOf\":{\"@id\":\"https:\/\/colegionobilis.com.br\/#website\"},\"primaryImageOfPage\":{\"@id\":\"https:\/\/colegionobilis.com.br\/index.php\/ingles-cambridge\/#primaryimage\"},\"image\":{\"@id\":\"https:\/\/colegionobilis.com.br\/index.php\/ingles-cambridge\/#primaryimage\"},\"thumbnailUrl\":\"http:\/\/colegionobilis.com.br\/CN\/wp-content\/uploads\/2024\/03\/bannercambridge-1024x265.jpg\",\"datePublished\":\"2024-03-08T12:56:16+00:00\",\"dateModified\":\"2024-03-08T13:15:27+00:00\",\"breadcrumb\":{\"@id\":\"https:\/\/colegionobilis.com.br\/index.php\/ingles-cambridge\/#breadcrumb\"},\"inLanguage\":\"pt-BR\",\"potentialAction\":[{\"@type\":\"ReadAction\",\"target\":[\"https:\/\/colegionobilis.com.br\/index.php\/ingles-cambridge\/\"]}]},{\"@type\":\"ImageObject\",\"inLanguage\":\"pt-BR\",\"@id\":\"https:\/\/colegionobilis.com.br\/index.php\/ingles-cambridge\/#primaryimage\",\"url\":\"https:\/\/colegionobilis.com.br\/wp-content\/uploads\/2024\/03\/bannercambridge.jpg\",\"contentUrl\":\"https:\/\/colegionobilis.com.br\/wp-content\/uploads\/2024\/03\/bannercambridge.jpg\",\"width\":1160,\"height\":300},{\"@type\":\"BreadcrumbList\",\"@id\":\"https:\/\/colegionobilis.com.br\/index.php\/ingles-cambridge\/#breadcrumb\",\"itemListElement\":[{\"@type\":\"ListItem\",\"position\":1,\"name\":\"In\u00edcio\",\"item\":\"https:\/\/colegionobilis.com.br\/\"},{\"@type\":\"ListItem\",\"position\":2,\"name\":\"Ingl\u00eas Cambridge\"}]},{\"@type\":\"WebSite\",\"@id\":\"https:\/\/colegionobilis.com.br\/#website\",\"url\":\"https:\/\/colegionobilis.com.br\/\",\"name\":\"Colegio Nobilis\",\"description\":\"\",\"publisher\":{\"@id\":\"https:\/\/colegionobilis.com.br\/#organization\"},\"potentialAction\":[{\"@type\":\"SearchAction\",\"target\":{\"@type\":\"EntryPoint\",\"urlTemplate\":\"https:\/\/colegionobilis.com.br\/?s={search_term_string}\"},\"query-input\":{\"@type\":\"PropertyValueSpecification\",\"valueRequired\":true,\"valueName\":\"search_term_string\"}}],\"inLanguage\":\"pt-BR\"},{\"@type\":\"Organization\",\"@id\":\"https:\/\/colegionobilis.com.br\/#organization\",\"name\":\"Colegio Nobilis\",\"url\":\"https:\/\/colegionobilis.com.br\/\",\"logo\":{\"@type\":\"ImageObject\",\"inLanguage\":\"pt-BR\",\"@id\":\"https:\/\/colegionobilis.com.br\/#\/schema\/logo\/image\/\",\"url\":\"https:\/\/colegionobilis.com.br\/wp-content\/uploads\/2024\/03\/logocompleto.png\",\"contentUrl\":\"https:\/\/colegionobilis.com.br\/wp-content\/uploads\/2024\/03\/logocompleto.png\",\"width\":430,\"height\":121,\"caption\":\"Colegio Nobilis\"},\"image\":{\"@id\":\"https:\/\/colegionobilis.com.br\/#\/schema\/logo\/image\/\"}}]}<\/script>\n<!-- \/ Yoast SEO plugin. -->","yoast_head_json":{"title":"Ingl\u00eas Cambridge - Colegio Nobilis","robots":{"index":"index","follow":"follow","max-snippet":"max-snippet:-1","max-image-preview":"max-image-preview:large","max-video-preview":"max-video-preview:-1"},"canonical":"https:\/\/colegionobilis.com.br\/index.php\/ingles-cambridge\/","og_locale":"pt_BR","og_type":"article","og_title":"Ingl\u00eas Cambridge - Colegio Nobilis","og_description":"INGL\u00caS CAMBRIDGE Durante esses anos o Col\u00e9gio Nobilis investiu em uma educa\u00e7\u00e3o de qualidade, aprimorou o ensino com o uso de materiais tradicionais que permitem intera\u00e7\u00e3o com conte\u00fado digital, equipamentos tecnol\u00f3gicos e cursos preparat\u00f3rios para vestibulares, proporcionando que seus alunos alcan\u00e7assem grandes resultados em olimp\u00edadas, ENEM e universidades p\u00fablicas e particulares. Dando continuidade a essa [&hellip;]","og_url":"https:\/\/colegionobilis.com.br\/index.php\/ingles-cambridge\/","og_site_name":"Colegio Nobilis","article_modified_time":"2024-03-08T13:15:27+00:00","og_image":[{"url":"http:\/\/colegionobilis.com.br\/CN\/wp-content\/uploads\/2024\/03\/bannercambridge-1024x265.jpg","type":"","width":"","height":""}],"twitter_card":"summary_large_image","twitter_misc":{"Est. tempo de leitura":"1 minuto"},"schema":{"@context":"https:\/\/schema.org","@graph":[{"@type":"WebPage","@id":"https:\/\/colegionobilis.com.br\/index.php\/ingles-cambridge\/","url":"https:\/\/colegionobilis.com.br\/index.php\/ingles-cambridge\/","name":"Ingl\u00eas Cambridge - Colegio Nobilis","isPartOf":{"@id":"https:\/\/colegionobilis.com.br\/#website"},"primaryImageOfPage":{"@id":"https:\/\/colegionobilis.com.br\/index.php\/ingles-cambridge\/#primaryimage"},"image":{"@id":"https:\/\/colegionobilis.com.br\/index.php\/ingles-cambridge\/#primaryimage"},"thumbnailUrl":"http:\/\/colegionobilis.com.br\/CN\/wp-content\/uploads\/2024\/03\/bannercambridge-1024x265.jpg","datePublished":"2024-03-08T12:56:16+00:00","dateModified":"2024-03-08T13:15:27+00:00","breadcrumb":{"@id":"https:\/\/colegionobilis.com.br\/index.php\/ingles-cambridge\/#breadcrumb"},"inLanguage":"pt-BR","potentialAction":[{"@type":"ReadAction","target":["https:\/\/colegionobilis.com.br\/index.php\/ingles-cambridge\/"]}]},{"@type":"ImageObject","inLanguage":"pt-BR","@id":"https:\/\/colegionobilis.com.br\/index.php\/ingles-cambridge\/#primaryimage","url":"https:\/\/colegionobilis.com.br\/wp-content\/uploads\/2024\/03\/bannercambridge.jpg","contentUrl":"https:\/\/colegionobilis.com.br\/wp-content\/uploads\/2024\/03\/bannercambridge.jpg","width":1160,"height":300},{"@type":"BreadcrumbList","@id":"https:\/\/colegionobilis.com.br\/index.php\/ingles-cambridge\/#breadcrumb","itemListElement":[{"@type":"ListItem","position":1,"name":"In\u00edcio","item":"https:\/\/colegionobilis.com.br\/"},{"@type":"ListItem","position":2,"name":"Ingl\u00eas Cambridge"}]},{"@type":"WebSite","@id":"https:\/\/colegionobilis.com.br\/#website","url":"https:\/\/colegionobilis.com.br\/","name":"Colegio Nobilis","description":"","publisher":{"@id":"https:\/\/colegionobilis.com.br\/#organization"},"potentialAction":[{"@type":"SearchAction","target":{"@type":"EntryPoint","urlTemplate":"https:\/\/colegionobilis.com.br\/?s={search_term_string}"},"query-input":{"@type":"PropertyValueSpecification","valueRequired":true,"valueName":"search_term_string"}}],"inLanguage":"pt-BR"},{"@type":"Organization","@id":"https:\/\/colegionobilis.com.br\/#organization","name":"Colegio Nobilis","url":"https:\/\/colegionobilis.com.br\/","logo":{"@type":"ImageObject","inLanguage":"pt-BR","@id":"https:\/\/colegionobilis.com.br\/#\/schema\/logo\/image\/","url":"https:\/\/colegionobilis.com.br\/wp-content\/uploads\/2024\/03\/logocompleto.png","contentUrl":"https:\/\/colegionobilis.com.br\/wp-content\/uploads\/2024\/03\/logocompleto.png","width":430,"height":121,"caption":"Colegio Nobilis"},"image":{"@id":"https:\/\/colegionobilis.com.br\/#\/schema\/logo\/image\/"}}]}},"_links":{"self":[{"href":"https:\/\/colegionobilis.com.br\/index.php\/wp-json\/wp\/v2\/pages\/274","targetHints":{"allow":["GET"]}}],"collection":[{"href":"https:\/\/colegionobilis.com.br\/index.php\/wp-json\/wp\/v2\/pages"}],"about":[{"href":"https:\/\/colegionobilis.com.br\/index.php\/wp-json\/wp\/v2\/types\/page"}],"author":[{"embeddable":true,"href":"https:\/\/colegionobilis.com.br\/index.php\/wp-json\/wp\/v2\/users\/1"}],"replies":[{"embeddable":true,"href":"https:\/\/colegionobilis.com.br\/index.php\/wp-json\/wp\/v2\/comments?post=274"}],"version-history":[{"count":2,"href":"https:\/\/colegionobilis.com.br\/index.php\/wp-json\/wp\/v2\/pages\/274\/revisions"}],"predecessor-version":[{"id":288,"href":"https:\/\/colegionobilis.com.br\/index.php\/wp-json\/wp\/v2\/pages\/274\/revisions\/288"}],"wp:attachment":[{"href":"https:\/\/colegionobilis.com.br\/index.php\/wp-json\/wp\/v2\/media?parent=274"}],"curies":[{"name":"wp","href":"https:\/\/api.w.org\/{rel}","templated":true}]}}