{"id":278,"date":"2024-03-08T12:57:16","date_gmt":"2024-03-08T12:57:16","guid":{"rendered":"http:\/\/colegionobilis.com.br\/CN\/?page_id=278"},"modified":"2025-10-03T13:59:51","modified_gmt":"2025-10-03T16:59:51","slug":"ensino-high-school","status":"publish","type":"page","link":"https:\/\/colegionobilis.com.br\/index.php\/ensino-high-school\/","title":{"rendered":"Ensino High School"},"content":{"rendered":"\n<h3 class=\"wp-block-heading alignwide has-text-align-center has-contrast-2-color has-text-color has-link-color has-body-font-family wp-elements-fe3d7c31d46564ec049cee601ff6b6a9\"><strong>Proposta Pedag\u00f3gica com o programa High School<\/strong><\/h3>\n\n\n\n<figure class=\"wp-block-embed is-type-video is-provider-youtube wp-block-embed-youtube wp-embed-aspect-16-9 wp-has-aspect-ratio\"><div class=\"wp-block-embed__wrapper\">\n<iframe loading=\"lazy\" title=\"The Official University of Nevada, Reno Campus Tour\" width=\"500\" height=\"281\" src=\"https:\/\/www.youtube.com\/embed\/r1jaVRqcVEU?feature=oembed\" frameborder=\"0\" allow=\"accelerometer; autoplay; clipboard-write; encrypted-media; gyroscope; picture-in-picture; web-share\" referrerpolicy=\"strict-origin-when-cross-origin\" allowfullscreen><\/iframe>\n<\/div><\/figure>\n\n\n\n<p class=\"has-contrast-2-color has-text-color has-link-color wp-elements-8d0bd54ab35029cc1c443ea38dde453d\">A partir de 2021 nossa Proposta Pedag\u00f3gica conta com o programa High School (curr\u00edculo internacional). Conforme apresentado, trata-se de um novo modelo curricular para os alunos, a partir do 9\u00b0 ano e ensino m\u00e9dio, que certifica e prepara o aluno para o processo de admiss\u00e3o nas melhores universidades de nosso pa\u00eds quanto para as universidades dos pa\u00edses no exterior.<\/p>\n\n\n\n<p class=\"has-contrast-2-color has-text-color has-link-color wp-elements-524dc7ac7e2507d25466b3012c2ce659\">A forma\u00e7\u00e3o no modelo de curr\u00edculo internacional oficial permite ao aluno pleitear vagas nas principais universidades do mundo, sem deixar de lado as particularidades do ensino brasileiro, uma vez que o aluno se forma com um diploma de dupla validade, que certifica a conclus\u00e3o do ciclo b\u00e1sico nos moldes exigidos pelo MEC e pelas autoridades internacionais.<\/p>\n\n\n\n<p class=\"has-contrast-2-color has-text-color has-link-color wp-elements-6a9c51f942595dfe770dc690732a3558\">Al\u00e9m disto, este processo facilita viagens, interc\u00e2mbios acad\u00eamicos e culturais, participa\u00e7\u00e3o em eventos e, principalmente, possibilita oportunidades de trabalho em empresas multinacionais.<\/p>\n\n\n\n<p class=\"has-contrast-2-color has-text-color has-link-color wp-elements-ade6777de36396a123e01c54a9dd98cc\">Salientamos que essa proposta curricular ser\u00e1 ofertada aos alunos que estejam aptos a cursar o programa High School e cujos respons\u00e1veis fa\u00e7am a op\u00e7\u00e3o do curr\u00edculo internacional.<\/p>\n\n\n\n<p class=\"has-contrast-2-color has-text-color has-link-color wp-elements-21620ac6bdfa68e1c2d0a3e7c1894384\">Oferecer o duplo diploma traz diversos benef\u00edcios como:<\/p>\n\n\n\n<p class=\"has-contrast-2-color has-text-color has-link-color wp-elements-b089647ff84767fd4d94803bf3d6de96\">\u2013 Equiparar o n\u00edvel acad\u00eamico com o de um aluno norte-americano, canadense ou europeu;<br>\u2013 Contribuir para melhorar o posicionamento do adolescente como candidato ao mercado de trabalho no futuro;<br>\u2013 Garantir a flu\u00eancia no ingl\u00eas;<br>\u2013 Poder disputar vagas em diversas universidades dos Estados Unidos, Canad\u00e1 e da Europa sem a necessidade de passar pelos testes de profici\u00eancia.<\/p>\n","protected":false},"excerpt":{"rendered":"<p>Proposta Pedag\u00f3gica com o programa High School A partir de 2021 nossa Proposta Pedag\u00f3gica conta com o programa High School (curr\u00edculo internacional). Conforme apresentado, trata-se de um novo modelo curricular para os alunos, a partir do 9\u00b0 ano e ensino m\u00e9dio, que certifica e prepara o aluno para o processo de admiss\u00e3o nas melhores universidades [&hellip;]<\/p>\n","protected":false},"author":1,"featured_media":0,"parent":0,"menu_order":0,"comment_status":"closed","ping_status":"closed","template":"page-no-title","meta":{"footnotes":""},"class_list":["post-278","page","type-page","status-publish","hentry"],"yoast_head":"<!-- This site is optimized with the Yoast SEO plugin v26.0 - https:\/\/yoast.com\/wordpress\/plugins\/seo\/ -->\n<title>Ensino High School - Colegio Nobilis<\/title>\n<meta name=\"robots\" content=\"index, follow, max-snippet:-1, max-image-preview:large, max-video-preview:-1\" \/>\n<link rel=\"canonical\" href=\"https:\/\/colegionobilis.com.br\/index.php\/ensino-high-school\/\" \/>\n<meta property=\"og:locale\" content=\"pt_BR\" \/>\n<meta property=\"og:type\" content=\"article\" \/>\n<meta property=\"og:title\" content=\"Ensino High School - Colegio Nobilis\" \/>\n<meta property=\"og:description\" content=\"Proposta Pedag\u00f3gica com o programa High School A partir de 2021 nossa Proposta Pedag\u00f3gica conta com o programa High School (curr\u00edculo internacional). Conforme apresentado, trata-se de um novo modelo curricular para os alunos, a partir do 9\u00b0 ano e ensino m\u00e9dio, que certifica e prepara o aluno para o processo de admiss\u00e3o nas melhores universidades [&hellip;]\" \/>\n<meta property=\"og:url\" content=\"https:\/\/colegionobilis.com.br\/index.php\/ensino-high-school\/\" \/>\n<meta property=\"og:site_name\" content=\"Colegio Nobilis\" \/>\n<meta property=\"article:modified_time\" content=\"2025-10-03T16:59:51+00:00\" \/>\n<meta name=\"twitter:card\" content=\"summary_large_image\" \/>\n<meta name=\"twitter:label1\" content=\"Est. tempo de leitura\" \/>\n\t<meta name=\"twitter:data1\" content=\"2 minutos\" \/>\n<script type=\"application\/ld+json\" class=\"yoast-schema-graph\">{\"@context\":\"https:\/\/schema.org\",\"@graph\":[{\"@type\":\"WebPage\",\"@id\":\"https:\/\/colegionobilis.com.br\/index.php\/ensino-high-school\/\",\"url\":\"https:\/\/colegionobilis.com.br\/index.php\/ensino-high-school\/\",\"name\":\"Ensino High School - Colegio Nobilis\",\"isPartOf\":{\"@id\":\"https:\/\/colegionobilis.com.br\/#website\"},\"datePublished\":\"2024-03-08T12:57:16+00:00\",\"dateModified\":\"2025-10-03T16:59:51+00:00\",\"breadcrumb\":{\"@id\":\"https:\/\/colegionobilis.com.br\/index.php\/ensino-high-school\/#breadcrumb\"},\"inLanguage\":\"pt-BR\",\"potentialAction\":[{\"@type\":\"ReadAction\",\"target\":[\"https:\/\/colegionobilis.com.br\/index.php\/ensino-high-school\/\"]}]},{\"@type\":\"BreadcrumbList\",\"@id\":\"https:\/\/colegionobilis.com.br\/index.php\/ensino-high-school\/#breadcrumb\",\"itemListElement\":[{\"@type\":\"ListItem\",\"position\":1,\"name\":\"In\u00edcio\",\"item\":\"https:\/\/colegionobilis.com.br\/\"},{\"@type\":\"ListItem\",\"position\":2,\"name\":\"Ensino High School\"}]},{\"@type\":\"WebSite\",\"@id\":\"https:\/\/colegionobilis.com.br\/#website\",\"url\":\"https:\/\/colegionobilis.com.br\/\",\"name\":\"Colegio Nobilis\",\"description\":\"\",\"publisher\":{\"@id\":\"https:\/\/colegionobilis.com.br\/#organization\"},\"potentialAction\":[{\"@type\":\"SearchAction\",\"target\":{\"@type\":\"EntryPoint\",\"urlTemplate\":\"https:\/\/colegionobilis.com.br\/?s={search_term_string}\"},\"query-input\":{\"@type\":\"PropertyValueSpecification\",\"valueRequired\":true,\"valueName\":\"search_term_string\"}}],\"inLanguage\":\"pt-BR\"},{\"@type\":\"Organization\",\"@id\":\"https:\/\/colegionobilis.com.br\/#organization\",\"name\":\"Colegio Nobilis\",\"url\":\"https:\/\/colegionobilis.com.br\/\",\"logo\":{\"@type\":\"ImageObject\",\"inLanguage\":\"pt-BR\",\"@id\":\"https:\/\/colegionobilis.com.br\/#\/schema\/logo\/image\/\",\"url\":\"https:\/\/colegionobilis.com.br\/wp-content\/uploads\/2024\/03\/logocompleto.png\",\"contentUrl\":\"https:\/\/colegionobilis.com.br\/wp-content\/uploads\/2024\/03\/logocompleto.png\",\"width\":430,\"height\":121,\"caption\":\"Colegio Nobilis\"},\"image\":{\"@id\":\"https:\/\/colegionobilis.com.br\/#\/schema\/logo\/image\/\"}}]}<\/script>\n<!-- \/ Yoast SEO plugin. -->","yoast_head_json":{"title":"Ensino High School - Colegio Nobilis","robots":{"index":"index","follow":"follow","max-snippet":"max-snippet:-1","max-image-preview":"max-image-preview:large","max-video-preview":"max-video-preview:-1"},"canonical":"https:\/\/colegionobilis.com.br\/index.php\/ensino-high-school\/","og_locale":"pt_BR","og_type":"article","og_title":"Ensino High School - Colegio Nobilis","og_description":"Proposta Pedag\u00f3gica com o programa High School A partir de 2021 nossa Proposta Pedag\u00f3gica conta com o programa High School (curr\u00edculo internacional). Conforme apresentado, trata-se de um novo modelo curricular para os alunos, a partir do 9\u00b0 ano e ensino m\u00e9dio, que certifica e prepara o aluno para o processo de admiss\u00e3o nas melhores universidades [&hellip;]","og_url":"https:\/\/colegionobilis.com.br\/index.php\/ensino-high-school\/","og_site_name":"Colegio Nobilis","article_modified_time":"2025-10-03T16:59:51+00:00","twitter_card":"summary_large_image","twitter_misc":{"Est. tempo de leitura":"2 minutos"},"schema":{"@context":"https:\/\/schema.org","@graph":[{"@type":"WebPage","@id":"https:\/\/colegionobilis.com.br\/index.php\/ensino-high-school\/","url":"https:\/\/colegionobilis.com.br\/index.php\/ensino-high-school\/","name":"Ensino High School - Colegio Nobilis","isPartOf":{"@id":"https:\/\/colegionobilis.com.br\/#website"},"datePublished":"2024-03-08T12:57:16+00:00","dateModified":"2025-10-03T16:59:51+00:00","breadcrumb":{"@id":"https:\/\/colegionobilis.com.br\/index.php\/ensino-high-school\/#breadcrumb"},"inLanguage":"pt-BR","potentialAction":[{"@type":"ReadAction","target":["https:\/\/colegionobilis.com.br\/index.php\/ensino-high-school\/"]}]},{"@type":"BreadcrumbList","@id":"https:\/\/colegionobilis.com.br\/index.php\/ensino-high-school\/#breadcrumb","itemListElement":[{"@type":"ListItem","position":1,"name":"In\u00edcio","item":"https:\/\/colegionobilis.com.br\/"},{"@type":"ListItem","position":2,"name":"Ensino High School"}]},{"@type":"WebSite","@id":"https:\/\/colegionobilis.com.br\/#website","url":"https:\/\/colegionobilis.com.br\/","name":"Colegio Nobilis","description":"","publisher":{"@id":"https:\/\/colegionobilis.com.br\/#organization"},"potentialAction":[{"@type":"SearchAction","target":{"@type":"EntryPoint","urlTemplate":"https:\/\/colegionobilis.com.br\/?s={search_term_string}"},"query-input":{"@type":"PropertyValueSpecification","valueRequired":true,"valueName":"search_term_string"}}],"inLanguage":"pt-BR"},{"@type":"Organization","@id":"https:\/\/colegionobilis.com.br\/#organization","name":"Colegio Nobilis","url":"https:\/\/colegionobilis.com.br\/","logo":{"@type":"ImageObject","inLanguage":"pt-BR","@id":"https:\/\/colegionobilis.com.br\/#\/schema\/logo\/image\/","url":"https:\/\/colegionobilis.com.br\/wp-content\/uploads\/2024\/03\/logocompleto.png","contentUrl":"https:\/\/colegionobilis.com.br\/wp-content\/uploads\/2024\/03\/logocompleto.png","width":430,"height":121,"caption":"Colegio Nobilis"},"image":{"@id":"https:\/\/colegionobilis.com.br\/#\/schema\/logo\/image\/"}}]}},"_links":{"self":[{"href":"https:\/\/colegionobilis.com.br\/index.php\/wp-json\/wp\/v2\/pages\/278","targetHints":{"allow":["GET"]}}],"collection":[{"href":"https:\/\/colegionobilis.com.br\/index.php\/wp-json\/wp\/v2\/pages"}],"about":[{"href":"https:\/\/colegionobilis.com.br\/index.php\/wp-json\/wp\/v2\/types\/page"}],"author":[{"embeddable":true,"href":"https:\/\/colegionobilis.com.br\/index.php\/wp-json\/wp\/v2\/users\/1"}],"replies":[{"embeddable":true,"href":"https:\/\/colegionobilis.com.br\/index.php\/wp-json\/wp\/v2\/comments?post=278"}],"version-history":[{"count":4,"href":"https:\/\/colegionobilis.com.br\/index.php\/wp-json\/wp\/v2\/pages\/278\/revisions"}],"predecessor-version":[{"id":600,"href":"https:\/\/colegionobilis.com.br\/index.php\/wp-json\/wp\/v2\/pages\/278\/revisions\/600"}],"wp:attachment":[{"href":"https:\/\/colegionobilis.com.br\/index.php\/wp-json\/wp\/v2\/media?parent=278"}],"curies":[{"name":"wp","href":"https:\/\/api.w.org\/{rel}","templated":true}]}}