{"id":328,"date":"2024-03-08T16:59:09","date_gmt":"2024-03-08T16:59:09","guid":{"rendered":"http:\/\/colegionobilis.com.br\/CN\/?page_id=328"},"modified":"2024-06-06T15:16:04","modified_gmt":"2024-06-06T18:16:04","slug":"lista-de-materiais-e-livros-2024","status":"publish","type":"page","link":"https:\/\/colegionobilis.com.br\/index.php\/lista-de-materiais-e-livros-2024\/","title":{"rendered":"Lista de materiais e livros 2024"},"content":{"rendered":"\n<figure class=\"wp-block-image alignfull size-large\"><img loading=\"lazy\" decoding=\"async\" width=\"1024\" height=\"213\" src=\"http:\/\/colegionobilis.com.br\/CN\/wp-content\/uploads\/2024\/03\/materail-1024x213.jpg\" alt=\"\" class=\"wp-image-329\" srcset=\"https:\/\/colegionobilis.com.br\/wp-content\/uploads\/2024\/03\/materail-1024x213.jpg 1024w, https:\/\/colegionobilis.com.br\/wp-content\/uploads\/2024\/03\/materail-300x62.jpg 300w, https:\/\/colegionobilis.com.br\/wp-content\/uploads\/2024\/03\/materail-768x160.jpg 768w, https:\/\/colegionobilis.com.br\/wp-content\/uploads\/2024\/03\/materail-1536x320.jpg 1536w, https:\/\/colegionobilis.com.br\/wp-content\/uploads\/2024\/03\/materail-2048x427.jpg 2048w\" sizes=\"auto, (max-width: 1024px) 100vw, 1024px\" \/><\/figure>\n\n\n\n<h3 class=\"wp-block-heading has-text-align-center has-contrast-2-color has-text-color has-link-color has-body-font-family wp-elements-8770fae319c425d96485a196ca4c950a\"><strong>Lista de Materiais e Livros para 2024<\/strong><\/h3>\n\n\n\n<p class=\"has-text-align-center has-contrast-2-color has-text-color has-link-color wp-elements-65cf3b7cc2af3620f5225c90c421bd20\">J\u00e1 est\u00e3o dispon\u00edveis para download, as listas de materiais escolares e livros para o ano de 2024.<br>Clique sobre o item da lista para baixar o arquivo.<\/p>\n\n\n\n<div class=\"wp-block-columns alignwide is-layout-flex wp-container-core-columns-is-layout-28f84493 wp-block-columns-is-layout-flex\">\n<div class=\"wp-block-column is-layout-flow wp-block-column-is-layout-flow\">\n<h4 class=\"wp-block-heading has-contrast-2-color has-text-color has-link-color has-body-font-family wp-elements-d035ce8aa49c3420f238f2849e3c39fd\"><strong>Lista de Materiais 2024<\/strong><\/h4>\n\n\n\n<div class=\"wp-block-file has-link-color wp-elements-75870ce29d75ee42057c857739eaf929\"><a id=\"wp-block-file--media-db337748-2cf1-4243-a069-409fb35a6534\" href=\"http:\/\/colegionobilis.com.br\/CN\/wp-content\/uploads\/2024\/03\/Jardim-I-Material-2024.pdf\" target=\"_blank\" rel=\"noreferrer noopener\">Jardim I &#8211; Material<\/a><\/div>\n\n\n\n<div class=\"wp-block-file has-link-color wp-elements-4e8b35935ff2d651731611bac8b53a91\"><a id=\"wp-block-file--media-db337748-2cf1-4243-a069-409fb35a6534\" href=\"http:\/\/colegionobilis.com.br\/CN\/wp-content\/uploads\/2024\/03\/Jardim-II-Material-2024.pdf\" target=\"_blank\" rel=\"noreferrer noopener\">Jardim II &#8211; Material<\/a><\/div>\n\n\n\n<div class=\"wp-block-file has-link-color wp-elements-578d2a65656aaf1fc75db7e0873966dc\"><a id=\"wp-block-file--media-db337748-2cf1-4243-a069-409fb35a6534\" href=\"http:\/\/colegionobilis.com.br\/CN\/wp-content\/uploads\/2024\/03\/Maternal-Material-2024.pdf\" target=\"_blank\" rel=\"noreferrer noopener\">Maternal &#8211; Material<\/a><\/div>\n\n\n\n<hr class=\"wp-block-separator has-alpha-channel-opacity is-style-wide\"\/>\n\n\n\n<div class=\"wp-block-file has-link-color wp-elements-97cc5027269f90a79f3af1d24ff7df19\"><a id=\"wp-block-file--media-db65ed57-6d64-4fcb-af8b-e165f903c7d9\" href=\"http:\/\/colegionobilis.com.br\/CN\/wp-content\/uploads\/2024\/03\/1-ano-Material-2024-1.pdf\" target=\"_blank\" rel=\"noreferrer noopener\">1\u00ba Ano &#8211; Material<\/a><\/div>\n\n\n\n<div class=\"wp-block-file has-link-color wp-elements-86384f54c0b2d691d423d2f517928235\"><a id=\"wp-block-file--media-35990f3b-f779-4ae8-a6d1-7da7d60a990a\" href=\"http:\/\/colegionobilis.com.br\/CN\/wp-content\/uploads\/2024\/03\/2-ano-Material-2024.pdf\" target=\"_blank\" rel=\"noreferrer noopener\">2\u00ba Ano &#8211; Material<\/a><\/div>\n\n\n\n<div class=\"wp-block-file has-link-color wp-elements-7d470bbb791fb856b80bd052d05d5e4f\"><a id=\"wp-block-file--media-77b8f8fd-86db-4b2d-a097-3c4e30dade09\" href=\"http:\/\/colegionobilis.com.br\/CN\/wp-content\/uploads\/2024\/03\/3-ano-Material-2024.pdf\" target=\"_blank\" rel=\"noreferrer noopener\">3\u00ba Ano &#8211; Material<\/a><\/div>\n\n\n\n<div class=\"wp-block-file has-link-color wp-elements-110fbacf6e449554ee5ad8e7b602f187\"><a id=\"wp-block-file--media-e3980d6b-89b2-4868-9b41-1b2cd20a159a\" href=\"http:\/\/colegionobilis.com.br\/CN\/wp-content\/uploads\/2024\/03\/4-ano-Material-2024.pdf\" target=\"_blank\" rel=\"noreferrer noopener\">4\u00ba Ano &#8211; Material<\/a><\/div>\n\n\n\n<div class=\"wp-block-file has-link-color wp-elements-1c8ecc89376e38f4343e8356841eb3ec\"><a id=\"wp-block-file--media-5aefe1e4-323f-4ed3-8f26-d6124001a1b5\" href=\"http:\/\/colegionobilis.com.br\/CN\/wp-content\/uploads\/2024\/03\/5-ano-Material-2024.pdf\" target=\"_blank\" rel=\"noreferrer noopener\">5\u00ba Ano &#8211; Material<\/a><\/div>\n\n\n\n<div class=\"wp-block-file has-link-color wp-elements-1ba48c70a3b9bc4d93804588b170f38e\"><a id=\"wp-block-file--media-199b8fb3-ad4b-4c04-9bed-1630e4dd425d\" href=\"http:\/\/colegionobilis.com.br\/CN\/wp-content\/uploads\/2024\/03\/6-e-7-ano-Material-2024.pdf\">6\u00ba e 7\u00ba Ano &#8211; Material<\/a><\/div>\n\n\n\n<div class=\"wp-block-file has-link-color wp-elements-2ccdc4f50a725a9873b3bd10af12050c\"><a id=\"wp-block-file--media-453cef68-420f-4967-b241-fd4168a43720\" href=\"http:\/\/colegionobilis.com.br\/CN\/wp-content\/uploads\/2024\/03\/8-e-9-ano-Material-2024.pdf\" target=\"_blank\" rel=\"noreferrer noopener\">8\u00ba e 9\u00ba Ano &#8211; Material<\/a><\/div>\n\n\n\n<hr class=\"wp-block-separator has-alpha-channel-opacity is-style-wide\"\/>\n\n\n\n<div class=\"wp-block-file has-link-color wp-elements-daebd8c17bbec839a0020620b813beb2\"><a id=\"wp-block-file--media-d40121d6-5411-45ed-9c19-f5a64caa0609\" href=\"http:\/\/colegionobilis.com.br\/CN\/wp-content\/uploads\/2024\/03\/Ensino-Medio-Material-2024.pdf\" target=\"_blank\" rel=\"noreferrer noopener\">Ensino M\u00e9dio &#8211; Material<\/a><\/div>\n<\/div>\n\n\n\n<div class=\"wp-block-column is-layout-flow wp-block-column-is-layout-flow\">\n<h4 class=\"wp-block-heading has-contrast-2-color has-text-color has-link-color has-body-font-family wp-elements-183296dcd415580155adc4d9a4b2b8af\"><strong>Lista de Livros 2024<\/strong><\/h4>\n\n\n\n<div class=\"wp-block-file has-link-color wp-elements-db73c96fc30c574443e8ccee264ceb2b\"><a id=\"wp-block-file--media-db337748-2cf1-4243-a069-409fb35a6534\" href=\"http:\/\/colegionobilis.com.br\/CN\/wp-content\/uploads\/2024\/03\/Jardim-I-4-anos-2024.pdf\" target=\"_blank\" rel=\"noreferrer noopener\">Jardim I<\/a><\/div>\n\n\n\n<div class=\"wp-block-file has-link-color wp-elements-5bb708b0924a5d0c8edb2d33336fadc6\"><a id=\"wp-block-file--media-db337748-2cf1-4243-a069-409fb35a6534\" href=\"http:\/\/colegionobilis.com.br\/CN\/wp-content\/uploads\/2024\/03\/Jardim-II-5-anos-2024.pdf\" target=\"_blank\" rel=\"noreferrer noopener\">Jardim II<\/a><\/div>\n\n\n\n<div class=\"wp-block-file has-link-color wp-elements-20a3aa2223150f838f345d0cc857ad14\"><a id=\"wp-block-file--media-db337748-2cf1-4243-a069-409fb35a6534\" href=\"http:\/\/colegionobilis.com.br\/CN\/wp-content\/uploads\/2024\/03\/Maternal-3-anos-2024.pdf\" target=\"_blank\" rel=\"noreferrer noopener\">Maternal<\/a><\/div>\n\n\n\n<hr class=\"wp-block-separator has-alpha-channel-opacity is-style-wide\"\/>\n\n\n\n<div class=\"wp-block-file has-link-color wp-elements-0caec71f3482bd31e757a6fab2c6e8d7\"><a id=\"wp-block-file--media-db337748-2cf1-4243-a069-409fb35a6534\" href=\"http:\/\/colegionobilis.com.br\/CN\/wp-content\/uploads\/2024\/03\/1-ano-Fundamental-2024-2.pdf\" target=\"_blank\" rel=\"noreferrer noopener\">1<\/a><\/div>\n\n\n\n<hr class=\"wp-block-separator has-alpha-channel-opacity is-style-wide\"\/>\n\n\n\n<div class=\"wp-block-file has-link-color wp-elements-8aa1819a06c64a25f69fbf789e4510f5\"><a id=\"wp-block-file--media-db337748-2cf1-4243-a069-409fb35a6534\" href=\"http:\/\/colegionobilis.com.br\/CN\/wp-content\/uploads\/2024\/03\/2-ano-1-serie-2024-2.pdf\" target=\"_blank\" rel=\"noreferrer noopener\">2<\/a><\/div>\n\n\n\n<div class=\"wp-block-file has-link-color wp-elements-51ac408012ad2b838addfb97460da98b\"><a id=\"wp-block-file--media-db337748-2cf1-4243-a069-409fb35a6534\" href=\"http:\/\/colegionobilis.com.br\/CN\/wp-content\/uploads\/2024\/03\/3-ano-2-serie-2024-2.pdf\" target=\"_blank\" rel=\"noreferrer noopener\">3<a href=\"https:\/\/colegionobilis.com.br\/img\/material\/livros\/2-ano-1-serie-2024-2.pdf\">\u00ba Ano (2\u00ba S\u00e9rie)<\/a><\/a><\/div>\n\n\n\n<div class=\"wp-block-file has-link-color wp-elements-aafa868e61efe41629771ee712c75b7a\"><a id=\"wp-block-file--media-db337748-2cf1-4243-a069-409fb35a6534\" href=\"http:\/\/colegionobilis.com.br\/CN\/wp-content\/uploads\/2024\/03\/4-ano-3-serie-2024-1.pdf\" target=\"_blank\" rel=\"noreferrer noopener\">4<a href=\"https:\/\/colegionobilis.com.br\/img\/material\/livros\/2-ano-1-serie-2024-2.pdf\">\u00ba Ano (3\u00ba S\u00e9rie)<\/a><\/a><\/div>\n\n\n\n<div class=\"wp-block-file has-link-color wp-elements-5c368b156693e406913a50b47182ff1a\"><a id=\"wp-block-file--media-db337748-2cf1-4243-a069-409fb35a6534\" href=\"http:\/\/colegionobilis.com.br\/CN\/wp-content\/uploads\/2024\/03\/5-ano-4-serie-2024-2.pdf\" target=\"_blank\" rel=\"noreferrer noopener\">5<a href=\"https:\/\/colegionobilis.com.br\/img\/material\/livros\/2-ano-1-serie-2024-2.pdf\">\u00ba Ano (4\u00ba S\u00e9rie)<\/a><\/a><\/div>\n\n\n\n<div class=\"wp-block-file has-link-color wp-elements-15e24ddcea45f3fc8f9ef075572820c2\"><a id=\"wp-block-file--media-db337748-2cf1-4243-a069-409fb35a6534\" href=\"http:\/\/colegionobilis.com.br\/CN\/wp-content\/uploads\/2024\/03\/6-ano-5-serie-2024.pdf\" target=\"_blank\" rel=\"noreferrer noopener\">6<a href=\"https:\/\/colegionobilis.com.br\/img\/material\/livros\/2-ano-1-serie-2024-2.pdf\">\u00ba Ano (5\u00ba S\u00e9rie)<\/a><\/a><\/div>\n\n\n\n<div class=\"wp-block-file has-link-color wp-elements-99054952c5a9e74424c0276108085334\"><a id=\"wp-block-file--media-db337748-2cf1-4243-a069-409fb35a6534\" href=\"http:\/\/colegionobilis.com.br\/CN\/wp-content\/uploads\/2024\/03\/7-ano-6-serie-2024.pdf\" target=\"_blank\" rel=\"noreferrer noopener\">7<a href=\"https:\/\/colegionobilis.com.br\/img\/material\/livros\/2-ano-1-serie-2024-2.pdf\">\u00ba Ano (6\u00ba S\u00e9rie)<\/a><\/a><\/div>\n\n\n\n<div class=\"wp-block-file has-link-color wp-elements-43b1ef23c2effa6c7bb9dd1585bd89c2\"><a id=\"wp-block-file--media-db337748-2cf1-4243-a069-409fb35a6534\" href=\"http:\/\/colegionobilis.com.br\/CN\/wp-content\/uploads\/2024\/03\/8-ano-7-serie-2024.pdf\" target=\"_blank\" rel=\"noreferrer noopener\">8<a href=\"https:\/\/colegionobilis.com.br\/img\/material\/livros\/2-ano-1-serie-2024-2.pdf\">\u00ba Ano (7\u00ba S\u00e9rie)<\/a><\/a><\/div>\n\n\n\n<div class=\"wp-block-file has-link-color wp-elements-131aa9265710a8a9b34416a7faa0332d\"><a id=\"wp-block-file--media-db337748-2cf1-4243-a069-409fb35a6534\" href=\"http:\/\/colegionobilis.com.br\/CN\/wp-content\/uploads\/2024\/03\/9-ano-8-serie-2024.pdf\" target=\"_blank\" rel=\"noreferrer noopener\">9<a href=\"https:\/\/colegionobilis.com.br\/img\/material\/livros\/2-ano-1-serie-2024-2.pdf\">\u00ba Ano (8\u00ba S\u00e9rie)<\/a><\/a><\/div>\n\n\n\n<hr class=\"wp-block-separator has-alpha-channel-opacity is-style-wide\"\/>\n\n\n\n<div class=\"wp-block-file has-link-color wp-elements-7b82f4ee8bfb797306ed7d04f2243e71\"><a id=\"wp-block-file--media-db337748-2cf1-4243-a069-409fb35a6534\" href=\"http:\/\/colegionobilis.com.br\/CN\/wp-content\/uploads\/2024\/03\/1-Ensino-Medio-2024.pdf\" target=\"_blank\" rel=\"noreferrer noopener\">1<a href=\"https:\/\/colegionobilis.com.br\/img\/material\/livros\/1-Ensino-Medio-2024.pdf\">\u00ba Ensino M\u00e9dio<\/a><\/a><\/div>\n\n\n\n<div class=\"wp-block-file has-link-color wp-elements-3ffcf9f4ee2f2db1b5946dfb8145bae6\"><a id=\"wp-block-file--media-db337748-2cf1-4243-a069-409fb35a6534\" href=\"http:\/\/colegionobilis.com.br\/CN\/wp-content\/uploads\/2024\/03\/2-Ensino-Medio-2024.pdf\" target=\"_blank\" rel=\"noreferrer noopener\">2<a href=\"https:\/\/colegionobilis.com.br\/img\/material\/livros\/1-Ensino-Medio-2024.pdf\">\u00ba Ensino M\u00e9dio<\/a><\/a><\/div>\n\n\n\n<div class=\"wp-block-file has-link-color wp-elements-0065544773d970bbae404b1e2213c887\"><a id=\"wp-block-file--media-db337748-2cf1-4243-a069-409fb35a6534\" href=\"http:\/\/colegionobilis.com.br\/CN\/wp-content\/uploads\/2024\/03\/3-Ensino-Medio-2024.pdf\" target=\"_blank\" rel=\"noreferrer noopener\">3<a href=\"https:\/\/colegionobilis.com.br\/img\/material\/livros\/1-Ensino-Medio-2024.pdf\">\u00ba Ensino M\u00e9dio<\/a><\/a><\/div>\n\n\n\n<h4 class=\"wp-block-heading has-contrast-2-color has-text-color has-link-color has-body-font-family wp-elements-139672adb88ceed5c8dda1d13c2c6313\"><strong>Lista de Livros Paradid\u00e1ticos<br>Ensino Fundamental II e M\u00e9dio<\/strong><\/h4>\n\n\n\n<div class=\"wp-block-file has-link-color wp-elements-19cd517675dd70964dfb0b972ae9a0f2\"><a id=\"wp-block-file--media-db337748-2cf1-4243-a069-409fb35a6534\" href=\"http:\/\/colegionobilis.com.br\/CN\/wp-content\/uploads\/2024\/03\/Livro-Paradidatico-6-ao-9-ano-A-e-B-2024-1.pdf\" target=\"_blank\" rel=\"noreferrer noopener\"><a href=\"https:\/\/colegionobilis.com.br\/img\/material\/livros\/Livro-Paradidatico-6-ao-9-ano-A-e-B-2024-1.pdf\">6\u00ba ao 9\u00ba ano do Ensino Fundamental II<\/a><\/a><\/div>\n\n\n\n<hr class=\"wp-block-separator has-alpha-channel-opacity is-style-wide\"\/>\n\n\n\n<div class=\"wp-block-file has-link-color wp-elements-4ed90172bf673ae0f0f903faedd6d67b\"><a id=\"wp-block-file--media-db337748-2cf1-4243-a069-409fb35a6534\" href=\"http:\/\/colegionobilis.com.br\/CN\/wp-content\/uploads\/2024\/03\/Livros-Paradidaticos-Medio-2024-1.pdf\" target=\"_blank\" rel=\"noreferrer noopener\">Ensino M\u00e9dio<\/a><\/div>\n<\/div>\n<\/div>\n","protected":false},"excerpt":{"rendered":"<p>Lista de Materiais e Livros para 2024 J\u00e1 est\u00e3o dispon\u00edveis para download, as listas de materiais escolares e livros para o ano de 2024.Clique sobre o item da lista para baixar o arquivo. Lista de Materiais 2024 Lista de Livros 2024 Lista de Livros Paradid\u00e1ticosEnsino Fundamental II e M\u00e9dio<\/p>\n","protected":false},"author":1,"featured_media":0,"parent":0,"menu_order":0,"comment_status":"closed","ping_status":"closed","template":"page-no-title","meta":{"footnotes":""},"class_list":["post-328","page","type-page","status-publish","hentry"],"yoast_head":"<!-- This site is optimized with the Yoast SEO plugin v26.0 - https:\/\/yoast.com\/wordpress\/plugins\/seo\/ -->\n<title>Lista de materiais e livros 2024 - Colegio Nobilis<\/title>\n<meta name=\"robots\" content=\"index, follow, max-snippet:-1, max-image-preview:large, max-video-preview:-1\" \/>\n<link rel=\"canonical\" href=\"https:\/\/colegionobilis.com.br\/index.php\/lista-de-materiais-e-livros-2024\/\" \/>\n<meta property=\"og:locale\" content=\"pt_BR\" \/>\n<meta property=\"og:type\" content=\"article\" \/>\n<meta property=\"og:title\" content=\"Lista de materiais e livros 2024 - Colegio Nobilis\" \/>\n<meta property=\"og:description\" content=\"Lista de Materiais e Livros para 2024 J\u00e1 est\u00e3o dispon\u00edveis para download, as listas de materiais escolares e livros para o ano de 2024.Clique sobre o item da lista para baixar o arquivo. Lista de Materiais 2024 Lista de Livros 2024 Lista de Livros Paradid\u00e1ticosEnsino Fundamental II e M\u00e9dio\" \/>\n<meta property=\"og:url\" content=\"https:\/\/colegionobilis.com.br\/index.php\/lista-de-materiais-e-livros-2024\/\" \/>\n<meta property=\"og:site_name\" content=\"Colegio Nobilis\" \/>\n<meta property=\"article:modified_time\" content=\"2024-06-06T18:16:04+00:00\" \/>\n<meta property=\"og:image\" content=\"http:\/\/colegionobilis.com.br\/CN\/wp-content\/uploads\/2024\/03\/materail-1024x213.jpg\" \/>\n<meta name=\"twitter:card\" content=\"summary_large_image\" \/>\n<meta name=\"twitter:label1\" content=\"Est. tempo de leitura\" \/>\n\t<meta name=\"twitter:data1\" content=\"1 minuto\" \/>\n<script type=\"application\/ld+json\" class=\"yoast-schema-graph\">{\"@context\":\"https:\/\/schema.org\",\"@graph\":[{\"@type\":\"WebPage\",\"@id\":\"https:\/\/colegionobilis.com.br\/index.php\/lista-de-materiais-e-livros-2024\/\",\"url\":\"https:\/\/colegionobilis.com.br\/index.php\/lista-de-materiais-e-livros-2024\/\",\"name\":\"Lista de materiais e livros 2024 - Colegio Nobilis\",\"isPartOf\":{\"@id\":\"https:\/\/colegionobilis.com.br\/#website\"},\"primaryImageOfPage\":{\"@id\":\"https:\/\/colegionobilis.com.br\/index.php\/lista-de-materiais-e-livros-2024\/#primaryimage\"},\"image\":{\"@id\":\"https:\/\/colegionobilis.com.br\/index.php\/lista-de-materiais-e-livros-2024\/#primaryimage\"},\"thumbnailUrl\":\"http:\/\/colegionobilis.com.br\/CN\/wp-content\/uploads\/2024\/03\/materail-1024x213.jpg\",\"datePublished\":\"2024-03-08T16:59:09+00:00\",\"dateModified\":\"2024-06-06T18:16:04+00:00\",\"breadcrumb\":{\"@id\":\"https:\/\/colegionobilis.com.br\/index.php\/lista-de-materiais-e-livros-2024\/#breadcrumb\"},\"inLanguage\":\"pt-BR\",\"potentialAction\":[{\"@type\":\"ReadAction\",\"target\":[\"https:\/\/colegionobilis.com.br\/index.php\/lista-de-materiais-e-livros-2024\/\"]}]},{\"@type\":\"ImageObject\",\"inLanguage\":\"pt-BR\",\"@id\":\"https:\/\/colegionobilis.com.br\/index.php\/lista-de-materiais-e-livros-2024\/#primaryimage\",\"url\":\"https:\/\/colegionobilis.com.br\/wp-content\/uploads\/2024\/03\/materail.jpg\",\"contentUrl\":\"https:\/\/colegionobilis.com.br\/wp-content\/uploads\/2024\/03\/materail.jpg\",\"width\":2069,\"height\":431},{\"@type\":\"BreadcrumbList\",\"@id\":\"https:\/\/colegionobilis.com.br\/index.php\/lista-de-materiais-e-livros-2024\/#breadcrumb\",\"itemListElement\":[{\"@type\":\"ListItem\",\"position\":1,\"name\":\"In\u00edcio\",\"item\":\"https:\/\/colegionobilis.com.br\/\"},{\"@type\":\"ListItem\",\"position\":2,\"name\":\"Lista de materiais e livros 2024\"}]},{\"@type\":\"WebSite\",\"@id\":\"https:\/\/colegionobilis.com.br\/#website\",\"url\":\"https:\/\/colegionobilis.com.br\/\",\"name\":\"Colegio Nobilis\",\"description\":\"\",\"publisher\":{\"@id\":\"https:\/\/colegionobilis.com.br\/#organization\"},\"potentialAction\":[{\"@type\":\"SearchAction\",\"target\":{\"@type\":\"EntryPoint\",\"urlTemplate\":\"https:\/\/colegionobilis.com.br\/?s={search_term_string}\"},\"query-input\":{\"@type\":\"PropertyValueSpecification\",\"valueRequired\":true,\"valueName\":\"search_term_string\"}}],\"inLanguage\":\"pt-BR\"},{\"@type\":\"Organization\",\"@id\":\"https:\/\/colegionobilis.com.br\/#organization\",\"name\":\"Colegio Nobilis\",\"url\":\"https:\/\/colegionobilis.com.br\/\",\"logo\":{\"@type\":\"ImageObject\",\"inLanguage\":\"pt-BR\",\"@id\":\"https:\/\/colegionobilis.com.br\/#\/schema\/logo\/image\/\",\"url\":\"https:\/\/colegionobilis.com.br\/wp-content\/uploads\/2024\/03\/logocompleto.png\",\"contentUrl\":\"https:\/\/colegionobilis.com.br\/wp-content\/uploads\/2024\/03\/logocompleto.png\",\"width\":430,\"height\":121,\"caption\":\"Colegio Nobilis\"},\"image\":{\"@id\":\"https:\/\/colegionobilis.com.br\/#\/schema\/logo\/image\/\"}}]}<\/script>\n<!-- \/ Yoast SEO plugin. -->","yoast_head_json":{"title":"Lista de materiais e livros 2024 - Colegio Nobilis","robots":{"index":"index","follow":"follow","max-snippet":"max-snippet:-1","max-image-preview":"max-image-preview:large","max-video-preview":"max-video-preview:-1"},"canonical":"https:\/\/colegionobilis.com.br\/index.php\/lista-de-materiais-e-livros-2024\/","og_locale":"pt_BR","og_type":"article","og_title":"Lista de materiais e livros 2024 - Colegio Nobilis","og_description":"Lista de Materiais e Livros para 2024 J\u00e1 est\u00e3o dispon\u00edveis para download, as listas de materiais escolares e livros para o ano de 2024.Clique sobre o item da lista para baixar o arquivo. Lista de Materiais 2024 Lista de Livros 2024 Lista de Livros Paradid\u00e1ticosEnsino Fundamental II e M\u00e9dio","og_url":"https:\/\/colegionobilis.com.br\/index.php\/lista-de-materiais-e-livros-2024\/","og_site_name":"Colegio Nobilis","article_modified_time":"2024-06-06T18:16:04+00:00","og_image":[{"url":"http:\/\/colegionobilis.com.br\/CN\/wp-content\/uploads\/2024\/03\/materail-1024x213.jpg","type":"","width":"","height":""}],"twitter_card":"summary_large_image","twitter_misc":{"Est. tempo de leitura":"1 minuto"},"schema":{"@context":"https:\/\/schema.org","@graph":[{"@type":"WebPage","@id":"https:\/\/colegionobilis.com.br\/index.php\/lista-de-materiais-e-livros-2024\/","url":"https:\/\/colegionobilis.com.br\/index.php\/lista-de-materiais-e-livros-2024\/","name":"Lista de materiais e livros 2024 - Colegio Nobilis","isPartOf":{"@id":"https:\/\/colegionobilis.com.br\/#website"},"primaryImageOfPage":{"@id":"https:\/\/colegionobilis.com.br\/index.php\/lista-de-materiais-e-livros-2024\/#primaryimage"},"image":{"@id":"https:\/\/colegionobilis.com.br\/index.php\/lista-de-materiais-e-livros-2024\/#primaryimage"},"thumbnailUrl":"http:\/\/colegionobilis.com.br\/CN\/wp-content\/uploads\/2024\/03\/materail-1024x213.jpg","datePublished":"2024-03-08T16:59:09+00:00","dateModified":"2024-06-06T18:16:04+00:00","breadcrumb":{"@id":"https:\/\/colegionobilis.com.br\/index.php\/lista-de-materiais-e-livros-2024\/#breadcrumb"},"inLanguage":"pt-BR","potentialAction":[{"@type":"ReadAction","target":["https:\/\/colegionobilis.com.br\/index.php\/lista-de-materiais-e-livros-2024\/"]}]},{"@type":"ImageObject","inLanguage":"pt-BR","@id":"https:\/\/colegionobilis.com.br\/index.php\/lista-de-materiais-e-livros-2024\/#primaryimage","url":"https:\/\/colegionobilis.com.br\/wp-content\/uploads\/2024\/03\/materail.jpg","contentUrl":"https:\/\/colegionobilis.com.br\/wp-content\/uploads\/2024\/03\/materail.jpg","width":2069,"height":431},{"@type":"BreadcrumbList","@id":"https:\/\/colegionobilis.com.br\/index.php\/lista-de-materiais-e-livros-2024\/#breadcrumb","itemListElement":[{"@type":"ListItem","position":1,"name":"In\u00edcio","item":"https:\/\/colegionobilis.com.br\/"},{"@type":"ListItem","position":2,"name":"Lista de materiais e livros 2024"}]},{"@type":"WebSite","@id":"https:\/\/colegionobilis.com.br\/#website","url":"https:\/\/colegionobilis.com.br\/","name":"Colegio Nobilis","description":"","publisher":{"@id":"https:\/\/colegionobilis.com.br\/#organization"},"potentialAction":[{"@type":"SearchAction","target":{"@type":"EntryPoint","urlTemplate":"https:\/\/colegionobilis.com.br\/?s={search_term_string}"},"query-input":{"@type":"PropertyValueSpecification","valueRequired":true,"valueName":"search_term_string"}}],"inLanguage":"pt-BR"},{"@type":"Organization","@id":"https:\/\/colegionobilis.com.br\/#organization","name":"Colegio Nobilis","url":"https:\/\/colegionobilis.com.br\/","logo":{"@type":"ImageObject","inLanguage":"pt-BR","@id":"https:\/\/colegionobilis.com.br\/#\/schema\/logo\/image\/","url":"https:\/\/colegionobilis.com.br\/wp-content\/uploads\/2024\/03\/logocompleto.png","contentUrl":"https:\/\/colegionobilis.com.br\/wp-content\/uploads\/2024\/03\/logocompleto.png","width":430,"height":121,"caption":"Colegio Nobilis"},"image":{"@id":"https:\/\/colegionobilis.com.br\/#\/schema\/logo\/image\/"}}]}},"_links":{"self":[{"href":"https:\/\/colegionobilis.com.br\/index.php\/wp-json\/wp\/v2\/pages\/328","targetHints":{"allow":["GET"]}}],"collection":[{"href":"https:\/\/colegionobilis.com.br\/index.php\/wp-json\/wp\/v2\/pages"}],"about":[{"href":"https:\/\/colegionobilis.com.br\/index.php\/wp-json\/wp\/v2\/types\/page"}],"author":[{"embeddable":true,"href":"https:\/\/colegionobilis.com.br\/index.php\/wp-json\/wp\/v2\/users\/1"}],"replies":[{"embeddable":true,"href":"https:\/\/colegionobilis.com.br\/index.php\/wp-json\/wp\/v2\/comments?post=328"}],"version-history":[{"count":4,"href":"https:\/\/colegionobilis.com.br\/index.php\/wp-json\/wp\/v2\/pages\/328\/revisions"}],"predecessor-version":[{"id":653,"href":"https:\/\/colegionobilis.com.br\/index.php\/wp-json\/wp\/v2\/pages\/328\/revisions\/653"}],"wp:attachment":[{"href":"https:\/\/colegionobilis.com.br\/index.php\/wp-json\/wp\/v2\/media?parent=328"}],"curies":[{"name":"wp","href":"https:\/\/api.w.org\/{rel}","templated":true}]}}