{"id":462,"date":"2024-12-11T14:31:19","date_gmt":"2024-12-11T17:31:19","guid":{"rendered":"https:\/\/colegionobilis.com.br\/?page_id=462"},"modified":"2026-01-26T11:16:54","modified_gmt":"2026-01-26T14:16:54","slug":"lista-de-materiais-e-livros-para-2026","status":"publish","type":"page","link":"https:\/\/colegionobilis.com.br\/index.php\/lista-de-materiais-e-livros-para-2026\/","title":{"rendered":"Lista de Materiais e Livros 2026"},"content":{"rendered":"\n<figure class=\"wp-block-image alignfull size-large\"><img loading=\"lazy\" decoding=\"async\" width=\"1024\" height=\"213\" src=\"http:\/\/colegionobilis.com.br\/CN\/wp-content\/uploads\/2024\/03\/materail-1024x213.jpg\" alt=\"\" class=\"wp-image-329\" srcset=\"https:\/\/colegionobilis.com.br\/wp-content\/uploads\/2024\/03\/materail-1024x213.jpg 1024w, https:\/\/colegionobilis.com.br\/wp-content\/uploads\/2024\/03\/materail-300x62.jpg 300w, https:\/\/colegionobilis.com.br\/wp-content\/uploads\/2024\/03\/materail-768x160.jpg 768w, https:\/\/colegionobilis.com.br\/wp-content\/uploads\/2024\/03\/materail-1536x320.jpg 1536w, https:\/\/colegionobilis.com.br\/wp-content\/uploads\/2024\/03\/materail-2048x427.jpg 2048w\" sizes=\"auto, (max-width: 1024px) 100vw, 1024px\" \/><\/figure>\n\n\n<h2 class=\"has-text-align-center has-link-color wp-elements-a8858fccb84a3df0fc090fdd875d6055 wp-block-post-title has-text-color has-contrast-2-color has-body-font-family\">Lista de Materiais e Livros 2026<\/h2>\n\n\n<p class=\"has-text-align-center\"><mark style=\"background-color:rgba(0, 0, 0, 0)\" class=\"has-inline-color has-contrast-2-color\">J\u00e1 est\u00e3o dispon\u00edveis para download, as listas de materiais escolares e livros para o ano de 2026.<br>Clique sobre o item da lista para baixar o arquivo.<\/mark><\/p>\n\n\n\n<p><\/p>\n\n\n\n<div class=\"wp-block-group has-global-padding is-layout-constrained wp-block-group-is-layout-constrained\">\n<div class=\"wp-block-columns is-layout-flex wp-container-core-columns-is-layout-28f84493 wp-block-columns-is-layout-flex\">\n<div class=\"wp-block-column is-layout-flow wp-block-column-is-layout-flow\">\n<h5 class=\"wp-block-heading has-text-align-center has-contrast-2-color has-text-color has-link-color has-body-font-family wp-elements-8dc7bfb408307e60545d47e9973427e4\"><mark style=\"background-color:rgba(0, 0, 0, 0)\" class=\"has-inline-color has-contrast-2-color\"><strong>Lista de Material Escolar<\/strong><\/mark><\/h5>\n\n\n\n<div class=\"wp-block-group is-layout-grid wp-container-core-group-is-layout-478b6e6b wp-block-group-is-layout-grid\">\n<div class=\"wp-block-group is-layout-grid wp-container-core-group-is-layout-478b6e6b wp-block-group-is-layout-grid\">\n<p class=\"has-text-align-center\"><a href=\"https:\/\/colegionobilis.com.br\/wp-content\/uploads\/2025\/11\/Maternal-Material-2026.pdf\">Maternal &#8211; Material<\/a><\/p>\n\n\n\n<p class=\"has-text-align-center wp-container-content-69bc4bdf\"><a href=\"https:\/\/colegionobilis.com.br\/wp-content\/uploads\/2025\/11\/Jardim-I-Material-2026.pdf\">Jardim I &#8211; Material<\/a><\/p>\n\n\n\n<p class=\"has-text-align-center wp-container-content-69bc4bdf\"><a href=\"https:\/\/colegionobilis.com.br\/wp-content\/uploads\/2025\/11\/Jardim-II-Material-2026.pdf\">Jardim II &#8211; Material<\/a><\/p>\n\n\n\n<p class=\"has-text-align-center wp-container-content-69bc4bdf\"><a href=\"https:\/\/colegionobilis.com.br\/wp-content\/uploads\/2025\/11\/1o-ano-Material-2026.pdf\">1\u00ba ano &#8211; Fund. &#8211; Material<\/a><\/p>\n\n\n\n<p class=\"has-text-align-center wp-container-content-69bc4bdf\"><a href=\"https:\/\/colegionobilis.com.br\/wp-content\/uploads\/2025\/12\/2o-ano-Material-2026.pdf\">2\u00ba ano &#8211; Fund. &#8211; Material<\/a><\/p>\n\n\n\n<p class=\"has-text-align-center\"><a href=\"https:\/\/colegionobilis.com.br\/wp-content\/uploads\/2025\/11\/3o-ano-Material-2026.pdf\">3\u00ba ano &#8211; Fund. &#8211; Material<\/a><\/p>\n\n\n\n<p class=\"has-text-align-center wp-container-content-69bc4bdf\"><a href=\"https:\/\/colegionobilis.com.br\/wp-content\/uploads\/2025\/12\/4o-ano-Material-2026.pdf\">4\u00ba ano &#8211; Fund. &#8211; Material<\/a><\/p>\n\n\n\n<p class=\"has-text-align-center\"><a href=\"https:\/\/colegionobilis.com.br\/wp-content\/uploads\/2025\/12\/5o-ano-Material-2026.pdf\">5\u00ba ano &#8211; Fund. &#8211; Material<\/a><\/p>\n\n\n\n<p class=\"has-text-align-center\"><a href=\"https:\/\/colegionobilis.com.br\/wp-content\/uploads\/2025\/11\/6o-e-7o-ano-Material-2026.pdf\">6\u00ba e 7\u00ba ano &#8211; Fund. &#8211; Material<\/a><\/p>\n\n\n\n<p class=\"has-text-align-center wp-container-content-69bc4bdf\"><a href=\"https:\/\/colegionobilis.com.br\/wp-content\/uploads\/2025\/11\/8o-e-9o-ano-Material-2026.pdf\">8\u00ba e 9\u00ba ano &#8211; Fund. &#8211; Material<\/a><\/p>\n\n\n\n<p class=\"has-text-align-center\"><a href=\"https:\/\/colegionobilis.com.br\/wp-content\/uploads\/2025\/11\/Ensino-Medio-Material-2026.pdf\">Ensino M\u00e9dio &#8211; Material<\/a><\/p>\n<\/div>\n<\/div>\n<\/div>\n\n\n\n<div class=\"wp-block-column is-layout-flow wp-block-column-is-layout-flow\">\n<div class=\"wp-block-group is-layout-grid wp-container-core-group-is-layout-478b6e6b wp-block-group-is-layout-grid\">\n<div class=\"wp-block-columns are-vertically-aligned-center is-layout-flex wp-container-core-columns-is-layout-28f84493 wp-block-columns-is-layout-flex\">\n<div class=\"wp-block-column is-vertically-aligned-center is-layout-flow wp-block-column-is-layout-flow\" style=\"flex-basis:100%\">\n<h5 class=\"wp-block-heading has-text-align-center has-contrast-2-color has-text-color has-link-color has-body-font-family wp-elements-87942943aa36e0c110cc054ef0206d58\"><strong>Lista de Livros Did\u00e1ticos<\/strong><\/h5>\n<\/div>\n<\/div>\n\n\n\n<p class=\"has-text-align-center\"><a href=\"https:\/\/colegionobilis.com.br\/wp-content\/uploads\/2025\/11\/Maternal-3-anos-2026.pdf\">Maternal &#8211; Livros<\/a><\/p>\n\n\n\n<div class=\"wp-block-group is-layout-grid wp-container-core-group-is-layout-478b6e6b wp-block-group-is-layout-grid\">\n<p class=\"has-text-align-center wp-container-content-69bc4bdf\"><a href=\"https:\/\/colegionobilis.com.br\/wp-content\/uploads\/2025\/12\/Jardim-I-4-anos-2026.pdf\">Jardim I &#8211; Livros<\/a><\/p>\n\n\n\n<p class=\"has-text-align-center wp-container-content-69bc4bdf\"><a href=\"https:\/\/colegionobilis.com.br\/wp-content\/uploads\/2025\/12\/Jardim-II-5-anos-2026.pdf\">Jardim II &#8211; Livros<\/a><\/p>\n\n\n\n<p class=\"has-text-align-center wp-container-content-69bc4bdf\"><a href=\"https:\/\/colegionobilis.com.br\/wp-content\/uploads\/2025\/11\/1\u00b0-ano-Fundamental-2026.pdf\">1\u00ba ano &#8211; Fund. &#8211; Livros<\/a><\/p>\n\n\n\n<p class=\"has-text-align-center\"><a href=\"https:\/\/colegionobilis.com.br\/wp-content\/uploads\/2025\/11\/2\u00b0-ano-2026.pdf\">2\u00ba ano &#8211; Fund. &#8211; Livros<\/a><\/p>\n\n\n\n<p class=\"has-text-align-center\"><a href=\"https:\/\/colegionobilis.com.br\/wp-content\/uploads\/2025\/11\/3\u00b0-ano-2026.pdf\">3\u00ba ano &#8211; Fund. &#8211; Livros<\/a><\/p>\n\n\n\n<p class=\"has-text-align-center\"><a href=\"https:\/\/colegionobilis.com.br\/wp-content\/uploads\/2025\/11\/4\u00b0-ano-2026.pdf\">4\u00ba ano &#8211; Fund. &#8211; Livros<\/a><\/p>\n\n\n\n<p class=\"has-text-align-center\"><a href=\"https:\/\/colegionobilis.com.br\/wp-content\/uploads\/2025\/11\/5\u00b0-ano-2026.pdf\">5\u00ba ano &#8211; Fund. &#8211; Livros<\/a><\/p>\n\n\n\n<p class=\"has-text-align-center wp-container-content-69bc4bdf\"><a href=\"https:\/\/colegionobilis.com.br\/wp-content\/uploads\/2025\/12\/6\u00b0-ano-2026.pdf\">6\u00ba ano &#8211; Fund. \u2013 Livros<\/a><\/p>\n\n\n\n<p class=\"has-text-align-center wp-container-content-69bc4bdf\"><a href=\"https:\/\/colegionobilis.com.br\/wp-content\/uploads\/2025\/12\/7\u00b0-ano-2026.pdf\">7\u00ba ano &#8211; Fund. \u2013 Livros<\/a><\/p>\n\n\n\n<p class=\"has-text-align-center\"><a href=\"https:\/\/colegionobilis.com.br\/wp-content\/uploads\/2025\/12\/8\u00b0-ano-2026.pdf\">8\u00ba ano &#8211; Fund. \u2013 Livros<\/a><\/p>\n<\/div>\n\n\n\n<p class=\"has-text-align-center wp-container-content-69bc4bdf\"><a href=\"https:\/\/colegionobilis.com.br\/wp-content\/uploads\/2025\/12\/9\u00b0-ano-2026.pdf\">9\u00ba ano &#8211; Fund. \u2013 Livros<\/a><\/p>\n\n\n\n<p class=\"has-text-align-center\"><a href=\"https:\/\/colegionobilis.com.br\/wp-content\/uploads\/2025\/11\/1\u00b0-Ensino-Medio-2026.pdf\">1\u00ba Ensino M\u00e9dio \u2013 Livros<\/a><\/p>\n\n\n\n<p class=\"has-text-align-center\"><a href=\"https:\/\/colegionobilis.com.br\/wp-content\/uploads\/2025\/11\/2\u00b0-Ensino-Medio-2026.pdf\">2\u00ba Ensino M\u00e9dio &#8211; Livros<\/a><\/p>\n\n\n\n<p class=\"has-text-align-center\"><a href=\"https:\/\/colegionobilis.com.br\/wp-content\/uploads\/2025\/11\/3\u00b0-Ensino-Medio-2026.pdf\">3\u00ba Ensino M\u00e9dio &#8211; Livros<\/a><\/p>\n<\/div>\n<\/div>\n<\/div>\n<\/div>\n\n\n\n<p><\/p>\n\n\n\n<p class=\"has-text-align-center has-contrast-2-color has-text-color has-link-color has-body-font-family wp-elements-a6667942ed7a5777a4ae7b61afeae902\"><strong>Lista de Livros Paradid\u00e1ticos<\/strong><\/p>\n\n\n\n<p class=\"has-text-align-center\"><a href=\"https:\/\/colegionobilis.com.br\/wp-content\/uploads\/2025\/12\/leitura-2o-ano-de-2026.pdf\">2\u00ba ano &#8211; Paradid\u00e1tico<\/a><\/p>\n\n\n\n<p class=\"has-text-align-center\"><a href=\"https:\/\/colegionobilis.com.br\/wp-content\/uploads\/2025\/12\/Leitura-3o-ano-de-2026.pdf\">3\u00ba ano &#8211; Paradid\u00e1tico<\/a><\/p>\n\n\n\n<p class=\"has-text-align-center\"><a href=\"https:\/\/colegionobilis.com.br\/wp-content\/uploads\/2025\/12\/Leitura-4-o-ano-de-2026.pdf\">4\u00ba ano &#8211; Paradid\u00e1tico<\/a><\/p>\n\n\n\n<p class=\"has-text-align-center\"><a href=\"https:\/\/colegionobilis.com.br\/wp-content\/uploads\/2025\/12\/Leitura-5o-ano-de-2026.pdf\">5\u00ba ano &#8211; Paradid\u00e1tico<\/a><\/p>\n\n\n\n<p class=\"has-text-align-center\"><a href=\"https:\/\/colegionobilis.com.br\/wp-content\/uploads\/2025\/12\/Livros-Paradidaticos-6o-Ens.-Fundamental-2026.pdf\">6\u00ba ano &#8211; Paradid\u00e1tico<\/a><\/p>\n\n\n\n<p class=\"has-text-align-center\"><a href=\"https:\/\/colegionobilis.com.br\/wp-content\/uploads\/2025\/12\/Livros-Paradidaticos-7o-Ens.-Fundamental-2026.pdf\">7\u00ba ano &#8211; Paradid\u00e1tico<\/a><\/p>\n\n\n\n<p class=\"has-text-align-center\"><a href=\"https:\/\/colegionobilis.com.br\/wp-content\/uploads\/2025\/12\/Livros-Paradidaticos-8o-Ens.-Fundamental-2026.pdf\">8\u00ba ano &#8211; Paradid\u00e1tico<\/a><\/p>\n\n\n\n<p class=\"has-text-align-center\"><a href=\"https:\/\/colegionobilis.com.br\/wp-content\/uploads\/2025\/12\/Livros-Paradidaticos-9o-Ens.-Fundamental-2026.pdf\">9\u00ba ano &#8211; Paradid\u00e1tico<\/a><\/p>\n\n\n\n<p class=\"has-text-align-center\"><a href=\"https:\/\/colegionobilis.com.br\/wp-content\/uploads\/2025\/12\/Livros-Paradidaticos-1o-Ensino-Medio-2026.pdf\">1\u00ba Ensino M\u00e9dio &#8211; Paradid\u00e1tico<\/a><\/p>\n\n\n\n<p class=\"has-text-align-center\"><a href=\"https:\/\/colegionobilis.com.br\/wp-content\/uploads\/2026\/01\/Livros-Paradidaticos-2o-Ensino-Medio-2026.pdf\">2\u00ba Ensino M\u00e9dio &#8211; Paradid\u00e1tico<\/a><\/p>\n\n\n\n<p class=\"has-text-align-center\"><a href=\"https:\/\/colegionobilis.com.br\/wp-content\/uploads\/2026\/01\/Livros-Paradidaticos-3o-Ensino-Medio-2026.pdf\">3\u00ba Ensino M\u00e9dio &#8211; Paradid\u00e1tico<\/a><\/p>\n\n\n\n<p><\/p>\n","protected":false},"excerpt":{"rendered":"<p>J\u00e1 est\u00e3o dispon\u00edveis para download, as listas de materiais escolares e livros para o ano de 2026.Clique sobre o item da lista para baixar o arquivo. Lista de Material Escolar Maternal &#8211; Material Jardim I &#8211; Material Jardim II &#8211; Material 1\u00ba ano &#8211; Fund. &#8211; Material 2\u00ba ano &#8211; Fund. &#8211; Material 3\u00ba ano [&hellip;]<\/p>\n","protected":false},"author":2,"featured_media":0,"parent":0,"menu_order":0,"comment_status":"closed","ping_status":"closed","template":"page-no-title","meta":{"footnotes":""},"class_list":["post-462","page","type-page","status-publish","hentry"],"yoast_head":"<!-- This site is optimized with the Yoast SEO plugin v26.0 - https:\/\/yoast.com\/wordpress\/plugins\/seo\/ -->\n<title>Lista de Materiais e Livros 2026 - Colegio Nobilis<\/title>\n<meta name=\"robots\" content=\"index, follow, max-snippet:-1, max-image-preview:large, max-video-preview:-1\" \/>\n<link rel=\"canonical\" href=\"https:\/\/colegionobilis.com.br\/index.php\/lista-de-materiais-e-livros-para-2026\/\" \/>\n<meta property=\"og:locale\" content=\"pt_BR\" \/>\n<meta property=\"og:type\" content=\"article\" \/>\n<meta property=\"og:title\" content=\"Lista de Materiais e Livros 2026 - Colegio Nobilis\" \/>\n<meta property=\"og:description\" content=\"J\u00e1 est\u00e3o dispon\u00edveis para download, as listas de materiais escolares e livros para o ano de 2026.Clique sobre o item da lista para baixar o arquivo. Lista de Material Escolar Maternal &#8211; Material Jardim I &#8211; Material Jardim II &#8211; Material 1\u00ba ano &#8211; Fund. &#8211; Material 2\u00ba ano &#8211; Fund. &#8211; Material 3\u00ba ano [&hellip;]\" \/>\n<meta property=\"og:url\" content=\"https:\/\/colegionobilis.com.br\/index.php\/lista-de-materiais-e-livros-para-2026\/\" \/>\n<meta property=\"og:site_name\" content=\"Colegio Nobilis\" \/>\n<meta property=\"article:modified_time\" content=\"2026-01-26T14:16:54+00:00\" \/>\n<meta property=\"og:image\" content=\"https:\/\/colegionobilis.com.br\/wp-content\/uploads\/2024\/03\/materail.jpg\" \/>\n\t<meta property=\"og:image:width\" content=\"2069\" \/>\n\t<meta property=\"og:image:height\" content=\"431\" \/>\n\t<meta property=\"og:image:type\" content=\"image\/jpeg\" \/>\n<meta name=\"twitter:card\" content=\"summary_large_image\" \/>\n<meta name=\"twitter:label1\" content=\"Est. tempo de leitura\" \/>\n\t<meta name=\"twitter:data1\" content=\"2 minutos\" \/>\n<script type=\"application\/ld+json\" class=\"yoast-schema-graph\">{\"@context\":\"https:\/\/schema.org\",\"@graph\":[{\"@type\":\"WebPage\",\"@id\":\"https:\/\/colegionobilis.com.br\/index.php\/lista-de-materiais-e-livros-para-2026\/\",\"url\":\"https:\/\/colegionobilis.com.br\/index.php\/lista-de-materiais-e-livros-para-2026\/\",\"name\":\"Lista de Materiais e Livros 2026 - Colegio Nobilis\",\"isPartOf\":{\"@id\":\"https:\/\/colegionobilis.com.br\/#website\"},\"primaryImageOfPage\":{\"@id\":\"https:\/\/colegionobilis.com.br\/index.php\/lista-de-materiais-e-livros-para-2026\/#primaryimage\"},\"image\":{\"@id\":\"https:\/\/colegionobilis.com.br\/index.php\/lista-de-materiais-e-livros-para-2026\/#primaryimage\"},\"thumbnailUrl\":\"http:\/\/colegionobilis.com.br\/CN\/wp-content\/uploads\/2024\/03\/materail-1024x213.jpg\",\"datePublished\":\"2024-12-11T17:31:19+00:00\",\"dateModified\":\"2026-01-26T14:16:54+00:00\",\"breadcrumb\":{\"@id\":\"https:\/\/colegionobilis.com.br\/index.php\/lista-de-materiais-e-livros-para-2026\/#breadcrumb\"},\"inLanguage\":\"pt-BR\",\"potentialAction\":[{\"@type\":\"ReadAction\",\"target\":[\"https:\/\/colegionobilis.com.br\/index.php\/lista-de-materiais-e-livros-para-2026\/\"]}]},{\"@type\":\"ImageObject\",\"inLanguage\":\"pt-BR\",\"@id\":\"https:\/\/colegionobilis.com.br\/index.php\/lista-de-materiais-e-livros-para-2026\/#primaryimage\",\"url\":\"https:\/\/colegionobilis.com.br\/wp-content\/uploads\/2024\/03\/materail.jpg\",\"contentUrl\":\"https:\/\/colegionobilis.com.br\/wp-content\/uploads\/2024\/03\/materail.jpg\",\"width\":2069,\"height\":431},{\"@type\":\"BreadcrumbList\",\"@id\":\"https:\/\/colegionobilis.com.br\/index.php\/lista-de-materiais-e-livros-para-2026\/#breadcrumb\",\"itemListElement\":[{\"@type\":\"ListItem\",\"position\":1,\"name\":\"In\u00edcio\",\"item\":\"https:\/\/colegionobilis.com.br\/\"},{\"@type\":\"ListItem\",\"position\":2,\"name\":\"Lista de Materiais e Livros 2026\"}]},{\"@type\":\"WebSite\",\"@id\":\"https:\/\/colegionobilis.com.br\/#website\",\"url\":\"https:\/\/colegionobilis.com.br\/\",\"name\":\"Colegio Nobilis\",\"description\":\"\",\"publisher\":{\"@id\":\"https:\/\/colegionobilis.com.br\/#organization\"},\"potentialAction\":[{\"@type\":\"SearchAction\",\"target\":{\"@type\":\"EntryPoint\",\"urlTemplate\":\"https:\/\/colegionobilis.com.br\/?s={search_term_string}\"},\"query-input\":{\"@type\":\"PropertyValueSpecification\",\"valueRequired\":true,\"valueName\":\"search_term_string\"}}],\"inLanguage\":\"pt-BR\"},{\"@type\":\"Organization\",\"@id\":\"https:\/\/colegionobilis.com.br\/#organization\",\"name\":\"Colegio Nobilis\",\"url\":\"https:\/\/colegionobilis.com.br\/\",\"logo\":{\"@type\":\"ImageObject\",\"inLanguage\":\"pt-BR\",\"@id\":\"https:\/\/colegionobilis.com.br\/#\/schema\/logo\/image\/\",\"url\":\"https:\/\/colegionobilis.com.br\/wp-content\/uploads\/2024\/03\/logocompleto.png\",\"contentUrl\":\"https:\/\/colegionobilis.com.br\/wp-content\/uploads\/2024\/03\/logocompleto.png\",\"width\":430,\"height\":121,\"caption\":\"Colegio Nobilis\"},\"image\":{\"@id\":\"https:\/\/colegionobilis.com.br\/#\/schema\/logo\/image\/\"}}]}<\/script>\n<!-- \/ Yoast SEO plugin. -->","yoast_head_json":{"title":"Lista de Materiais e Livros 2026 - Colegio Nobilis","robots":{"index":"index","follow":"follow","max-snippet":"max-snippet:-1","max-image-preview":"max-image-preview:large","max-video-preview":"max-video-preview:-1"},"canonical":"https:\/\/colegionobilis.com.br\/index.php\/lista-de-materiais-e-livros-para-2026\/","og_locale":"pt_BR","og_type":"article","og_title":"Lista de Materiais e Livros 2026 - Colegio Nobilis","og_description":"J\u00e1 est\u00e3o dispon\u00edveis para download, as listas de materiais escolares e livros para o ano de 2026.Clique sobre o item da lista para baixar o arquivo. Lista de Material Escolar Maternal &#8211; Material Jardim I &#8211; Material Jardim II &#8211; Material 1\u00ba ano &#8211; Fund. &#8211; Material 2\u00ba ano &#8211; Fund. &#8211; Material 3\u00ba ano [&hellip;]","og_url":"https:\/\/colegionobilis.com.br\/index.php\/lista-de-materiais-e-livros-para-2026\/","og_site_name":"Colegio Nobilis","article_modified_time":"2026-01-26T14:16:54+00:00","og_image":[{"width":2069,"height":431,"url":"https:\/\/colegionobilis.com.br\/wp-content\/uploads\/2024\/03\/materail.jpg","type":"image\/jpeg"}],"twitter_card":"summary_large_image","twitter_misc":{"Est. tempo de leitura":"2 minutos"},"schema":{"@context":"https:\/\/schema.org","@graph":[{"@type":"WebPage","@id":"https:\/\/colegionobilis.com.br\/index.php\/lista-de-materiais-e-livros-para-2026\/","url":"https:\/\/colegionobilis.com.br\/index.php\/lista-de-materiais-e-livros-para-2026\/","name":"Lista de Materiais e Livros 2026 - Colegio Nobilis","isPartOf":{"@id":"https:\/\/colegionobilis.com.br\/#website"},"primaryImageOfPage":{"@id":"https:\/\/colegionobilis.com.br\/index.php\/lista-de-materiais-e-livros-para-2026\/#primaryimage"},"image":{"@id":"https:\/\/colegionobilis.com.br\/index.php\/lista-de-materiais-e-livros-para-2026\/#primaryimage"},"thumbnailUrl":"http:\/\/colegionobilis.com.br\/CN\/wp-content\/uploads\/2024\/03\/materail-1024x213.jpg","datePublished":"2024-12-11T17:31:19+00:00","dateModified":"2026-01-26T14:16:54+00:00","breadcrumb":{"@id":"https:\/\/colegionobilis.com.br\/index.php\/lista-de-materiais-e-livros-para-2026\/#breadcrumb"},"inLanguage":"pt-BR","potentialAction":[{"@type":"ReadAction","target":["https:\/\/colegionobilis.com.br\/index.php\/lista-de-materiais-e-livros-para-2026\/"]}]},{"@type":"ImageObject","inLanguage":"pt-BR","@id":"https:\/\/colegionobilis.com.br\/index.php\/lista-de-materiais-e-livros-para-2026\/#primaryimage","url":"https:\/\/colegionobilis.com.br\/wp-content\/uploads\/2024\/03\/materail.jpg","contentUrl":"https:\/\/colegionobilis.com.br\/wp-content\/uploads\/2024\/03\/materail.jpg","width":2069,"height":431},{"@type":"BreadcrumbList","@id":"https:\/\/colegionobilis.com.br\/index.php\/lista-de-materiais-e-livros-para-2026\/#breadcrumb","itemListElement":[{"@type":"ListItem","position":1,"name":"In\u00edcio","item":"https:\/\/colegionobilis.com.br\/"},{"@type":"ListItem","position":2,"name":"Lista de Materiais e Livros 2026"}]},{"@type":"WebSite","@id":"https:\/\/colegionobilis.com.br\/#website","url":"https:\/\/colegionobilis.com.br\/","name":"Colegio Nobilis","description":"","publisher":{"@id":"https:\/\/colegionobilis.com.br\/#organization"},"potentialAction":[{"@type":"SearchAction","target":{"@type":"EntryPoint","urlTemplate":"https:\/\/colegionobilis.com.br\/?s={search_term_string}"},"query-input":{"@type":"PropertyValueSpecification","valueRequired":true,"valueName":"search_term_string"}}],"inLanguage":"pt-BR"},{"@type":"Organization","@id":"https:\/\/colegionobilis.com.br\/#organization","name":"Colegio Nobilis","url":"https:\/\/colegionobilis.com.br\/","logo":{"@type":"ImageObject","inLanguage":"pt-BR","@id":"https:\/\/colegionobilis.com.br\/#\/schema\/logo\/image\/","url":"https:\/\/colegionobilis.com.br\/wp-content\/uploads\/2024\/03\/logocompleto.png","contentUrl":"https:\/\/colegionobilis.com.br\/wp-content\/uploads\/2024\/03\/logocompleto.png","width":430,"height":121,"caption":"Colegio Nobilis"},"image":{"@id":"https:\/\/colegionobilis.com.br\/#\/schema\/logo\/image\/"}}]}},"_links":{"self":[{"href":"https:\/\/colegionobilis.com.br\/index.php\/wp-json\/wp\/v2\/pages\/462","targetHints":{"allow":["GET"]}}],"collection":[{"href":"https:\/\/colegionobilis.com.br\/index.php\/wp-json\/wp\/v2\/pages"}],"about":[{"href":"https:\/\/colegionobilis.com.br\/index.php\/wp-json\/wp\/v2\/types\/page"}],"author":[{"embeddable":true,"href":"https:\/\/colegionobilis.com.br\/index.php\/wp-json\/wp\/v2\/users\/2"}],"replies":[{"embeddable":true,"href":"https:\/\/colegionobilis.com.br\/index.php\/wp-json\/wp\/v2\/comments?post=462"}],"version-history":[{"count":31,"href":"https:\/\/colegionobilis.com.br\/index.php\/wp-json\/wp\/v2\/pages\/462\/revisions"}],"predecessor-version":[{"id":747,"href":"https:\/\/colegionobilis.com.br\/index.php\/wp-json\/wp\/v2\/pages\/462\/revisions\/747"}],"wp:attachment":[{"href":"https:\/\/colegionobilis.com.br\/index.php\/wp-json\/wp\/v2\/media?parent=462"}],"curies":[{"name":"wp","href":"https:\/\/api.w.org\/{rel}","templated":true}]}}