{"id":59,"date":"2024-03-06T19:33:10","date_gmt":"2024-03-06T19:33:10","guid":{"rendered":"http:\/\/colegionobilis.com.br\/CN\/?page_id=59"},"modified":"2025-10-03T14:23:56","modified_gmt":"2025-10-03T17:23:56","slug":"59-2","status":"publish","type":"page","link":"https:\/\/colegionobilis.com.br\/index.php\/59-2\/","title":{"rendered":"proposta pedagogica"},"content":{"rendered":"\n<figure class=\"wp-block-image alignfull size-large\"><img loading=\"lazy\" decoding=\"async\" width=\"1024\" height=\"265\" src=\"http:\/\/colegionobilis.com.br\/CN\/wp-content\/uploads\/2024\/03\/propostapedagogica-1024x265.jpg\" alt=\"\" class=\"wp-image-60\" srcset=\"https:\/\/colegionobilis.com.br\/wp-content\/uploads\/2024\/03\/propostapedagogica-1024x265.jpg 1024w, https:\/\/colegionobilis.com.br\/wp-content\/uploads\/2024\/03\/propostapedagogica-300x78.jpg 300w, https:\/\/colegionobilis.com.br\/wp-content\/uploads\/2024\/03\/propostapedagogica-768x199.jpg 768w, https:\/\/colegionobilis.com.br\/wp-content\/uploads\/2024\/03\/propostapedagogica.jpg 1160w\" sizes=\"auto, (max-width: 1024px) 100vw, 1024px\" \/><\/figure>\n\n\n\n<h3 class=\"wp-block-heading has-text-align-center has-contrast-2-color has-text-color has-link-color has-body-font-family wp-elements-8bb1218dc99643d6ecde0f6925a93344\"><strong>PROPOSTA PEDAG\u00d3GICA<\/strong><\/h3>\n\n\n\n<p class=\"has-contrast-2-color has-text-color has-link-color wp-elements-0d35340998367363d1e1c30beccf6485\"><span style=\"color: rgb(84, 89, 95); font-family: system-ui, -apple-system, &quot;Segoe UI&quot;, Roboto, &quot;Helvetica Neue&quot;, &quot;Noto Sans&quot;, &quot;Liberation Sans&quot;, Arial, sans-serif, &quot;Apple Color Emoji&quot;, &quot;Segoe UI Emoji&quot;, &quot;Segoe UI Symbol&quot;, &quot;Noto Color Emoji&quot;; font-size: 18px; font-style: normal; font-variant-ligatures: normal; font-variant-caps: normal; font-weight: 400; letter-spacing: normal; orphans: 2; text-align: justify; text-indent: 0px; text-transform: none; widows: 2; word-spacing: 0px; -webkit-text-stroke-width: 0px; white-space: normal; background-color: rgb(255, 255, 255); text-decoration-thickness: initial; text-decoration-style: initial; text-decoration-color: initial; display: inline !important; float: none;\"><mark style=\"background-color:#f9f9f9\" class=\"has-inline-color has-contrast-2-color\">Sempre uma proposta pedag\u00f3gica est\u00e1 embasada em uma linha ideol\u00f3gica e filos\u00f3fica, dependendo do tipo de homem que queremos formar e que tipo de sociedade queremos construir e com quais valores vamos trabalhar, surge este ou aquele projeto pedag\u00f3gico.<\/mark><\/span><\/p>\n\n\n\n<p class=\"has-contrast-3-color has-text-color has-link-color wp-elements-5badd102650f2a6bda0cd70d783285d8\" style=\"font-size:clamp(0.875rem, 0.875rem + ((1vw - 0.2rem) * 0.208), 1rem);\"><span style=\"color: rgb(84, 89, 95); font-family: system-ui, -apple-system, &quot;Segoe UI&quot;, Roboto, &quot;Helvetica Neue&quot;, &quot;Noto Sans&quot;, &quot;Liberation Sans&quot;, Arial, sans-serif, &quot;Apple Color Emoji&quot;, &quot;Segoe UI Emoji&quot;, &quot;Segoe UI Symbol&quot;, &quot;Noto Color Emoji&quot;; font-size: 18px; font-style: normal; font-variant-ligatures: normal; font-variant-caps: normal; font-weight: 400; letter-spacing: normal; orphans: 2; text-align: justify; text-indent: 0px; text-transform: none; widows: 2; word-spacing: 0px; -webkit-text-stroke-width: 0px; white-space: normal; background-color: rgb(255, 255, 255); text-decoration-thickness: initial; text-decoration-style: initial; text-decoration-color: initial; display: inline !important; float: none;\"><mark style=\"background-color:#f9f9f9\" class=\"has-inline-color has-contrast-2-color\">Como queremos formar cidad\u00e3os atuantes que sejam capazes de diante de cada situa\u00e7\u00e3o, levantar alternativas de sa\u00eddas coerentes, humanas, cidad\u00e3os cr\u00edticos, por\u00e9m capazes de apresentar sugest\u00f5es e solid\u00e1rios, preocupados com a sorte de seus semelhantes, precisamos optar por uma proposta pedag\u00f3gica que nos auxiliem na forma\u00e7\u00e3o deste tipo de pessoa, ou seja, optamos pela Metodologia Progressista.<\/mark><\/span><\/p>\n\n\n\n<p class=\"has-contrast-3-color has-text-color has-link-color wp-elements-cbddc1b8c750fca541401b54ac166274\" style=\"font-size:clamp(0.875rem, 0.875rem + ((1vw - 0.2rem) * 0.208), 1rem);\"><span style=\"color: rgb(84, 89, 95); font-family: system-ui, -apple-system, &quot;Segoe UI&quot;, Roboto, &quot;Helvetica Neue&quot;, &quot;Noto Sans&quot;, &quot;Liberation Sans&quot;, Arial, sans-serif, &quot;Apple Color Emoji&quot;, &quot;Segoe UI Emoji&quot;, &quot;Segoe UI Symbol&quot;, &quot;Noto Color Emoji&quot;; font-size: 18px; font-style: normal; font-variant-ligatures: normal; font-variant-caps: normal; font-weight: 400; letter-spacing: normal; orphans: 2; text-align: justify; text-indent: 0px; text-transform: none; widows: 2; word-spacing: 0px; -webkit-text-stroke-width: 0px; white-space: normal; background-color: rgb(255, 255, 255); text-decoration-thickness: initial; text-decoration-style: initial; text-decoration-color: initial; display: inline !important; float: none;\"><mark style=\"background-color:#f9f9f9\" class=\"has-inline-color has-contrast-2-color\">Uma proposta atrav\u00e9s da qual o aluno, de posse de seus conhecimentos anteriores e com dados novos obtidos atrav\u00e9s da intera\u00e7\u00e3o com o professor, com seus colegas, com seu contexto f\u00edsico social e pela interven\u00e7\u00e3o destes, vai construindo e reconstruindo o seu conhecimento.<\/mark><\/span><\/p>\n\n\n\n<p><\/p>\n","protected":false},"excerpt":{"rendered":"<p>PROPOSTA PEDAG\u00d3GICA Sempre uma proposta pedag\u00f3gica est\u00e1 embasada em uma linha ideol\u00f3gica e filos\u00f3fica, dependendo do tipo de homem que queremos formar e que tipo de sociedade queremos construir e com quais valores vamos trabalhar, surge este ou aquele projeto pedag\u00f3gico. Como queremos formar cidad\u00e3os atuantes que sejam capazes de diante de cada situa\u00e7\u00e3o, levantar [&hellip;]<\/p>\n","protected":false},"author":1,"featured_media":0,"parent":0,"menu_order":0,"comment_status":"closed","ping_status":"closed","template":"page-no-title","meta":{"footnotes":""},"class_list":["post-59","page","type-page","status-publish","hentry"],"yoast_head":"<!-- This site is optimized with the Yoast SEO plugin v26.0 - https:\/\/yoast.com\/wordpress\/plugins\/seo\/ -->\n<title>proposta pedagogica - Colegio Nobilis<\/title>\n<meta name=\"robots\" content=\"index, follow, max-snippet:-1, max-image-preview:large, max-video-preview:-1\" \/>\n<link rel=\"canonical\" href=\"https:\/\/colegionobilis.com.br\/index.php\/59-2\/\" \/>\n<meta property=\"og:locale\" content=\"pt_BR\" \/>\n<meta property=\"og:type\" content=\"article\" \/>\n<meta property=\"og:title\" content=\"proposta pedagogica - Colegio Nobilis\" \/>\n<meta property=\"og:description\" content=\"PROPOSTA PEDAG\u00d3GICA Sempre uma proposta pedag\u00f3gica est\u00e1 embasada em uma linha ideol\u00f3gica e filos\u00f3fica, dependendo do tipo de homem que queremos formar e que tipo de sociedade queremos construir e com quais valores vamos trabalhar, surge este ou aquele projeto pedag\u00f3gico. Como queremos formar cidad\u00e3os atuantes que sejam capazes de diante de cada situa\u00e7\u00e3o, levantar [&hellip;]\" \/>\n<meta property=\"og:url\" content=\"https:\/\/colegionobilis.com.br\/index.php\/59-2\/\" \/>\n<meta property=\"og:site_name\" content=\"Colegio Nobilis\" \/>\n<meta property=\"article:modified_time\" content=\"2025-10-03T17:23:56+00:00\" \/>\n<meta property=\"og:image\" content=\"https:\/\/colegionobilis.com.br\/wp-content\/uploads\/2024\/03\/propostapedagogica.jpg\" \/>\n\t<meta property=\"og:image:width\" content=\"1160\" \/>\n\t<meta property=\"og:image:height\" content=\"300\" \/>\n\t<meta property=\"og:image:type\" content=\"image\/jpeg\" \/>\n<meta name=\"twitter:card\" content=\"summary_large_image\" \/>\n<meta name=\"twitter:label1\" content=\"Est. tempo de leitura\" \/>\n\t<meta name=\"twitter:data1\" content=\"1 minuto\" \/>\n<script type=\"application\/ld+json\" class=\"yoast-schema-graph\">{\"@context\":\"https:\/\/schema.org\",\"@graph\":[{\"@type\":\"WebPage\",\"@id\":\"https:\/\/colegionobilis.com.br\/index.php\/59-2\/\",\"url\":\"https:\/\/colegionobilis.com.br\/index.php\/59-2\/\",\"name\":\"proposta pedagogica - Colegio Nobilis\",\"isPartOf\":{\"@id\":\"https:\/\/colegionobilis.com.br\/#website\"},\"primaryImageOfPage\":{\"@id\":\"https:\/\/colegionobilis.com.br\/index.php\/59-2\/#primaryimage\"},\"image\":{\"@id\":\"https:\/\/colegionobilis.com.br\/index.php\/59-2\/#primaryimage\"},\"thumbnailUrl\":\"http:\/\/colegionobilis.com.br\/CN\/wp-content\/uploads\/2024\/03\/propostapedagogica-1024x265.jpg\",\"datePublished\":\"2024-03-06T19:33:10+00:00\",\"dateModified\":\"2025-10-03T17:23:56+00:00\",\"breadcrumb\":{\"@id\":\"https:\/\/colegionobilis.com.br\/index.php\/59-2\/#breadcrumb\"},\"inLanguage\":\"pt-BR\",\"potentialAction\":[{\"@type\":\"ReadAction\",\"target\":[\"https:\/\/colegionobilis.com.br\/index.php\/59-2\/\"]}]},{\"@type\":\"ImageObject\",\"inLanguage\":\"pt-BR\",\"@id\":\"https:\/\/colegionobilis.com.br\/index.php\/59-2\/#primaryimage\",\"url\":\"https:\/\/colegionobilis.com.br\/wp-content\/uploads\/2024\/03\/propostapedagogica.jpg\",\"contentUrl\":\"https:\/\/colegionobilis.com.br\/wp-content\/uploads\/2024\/03\/propostapedagogica.jpg\",\"width\":1160,\"height\":300},{\"@type\":\"BreadcrumbList\",\"@id\":\"https:\/\/colegionobilis.com.br\/index.php\/59-2\/#breadcrumb\",\"itemListElement\":[{\"@type\":\"ListItem\",\"position\":1,\"name\":\"In\u00edcio\",\"item\":\"https:\/\/colegionobilis.com.br\/\"},{\"@type\":\"ListItem\",\"position\":2,\"name\":\"proposta pedagogica\"}]},{\"@type\":\"WebSite\",\"@id\":\"https:\/\/colegionobilis.com.br\/#website\",\"url\":\"https:\/\/colegionobilis.com.br\/\",\"name\":\"Colegio Nobilis\",\"description\":\"\",\"publisher\":{\"@id\":\"https:\/\/colegionobilis.com.br\/#organization\"},\"potentialAction\":[{\"@type\":\"SearchAction\",\"target\":{\"@type\":\"EntryPoint\",\"urlTemplate\":\"https:\/\/colegionobilis.com.br\/?s={search_term_string}\"},\"query-input\":{\"@type\":\"PropertyValueSpecification\",\"valueRequired\":true,\"valueName\":\"search_term_string\"}}],\"inLanguage\":\"pt-BR\"},{\"@type\":\"Organization\",\"@id\":\"https:\/\/colegionobilis.com.br\/#organization\",\"name\":\"Colegio Nobilis\",\"url\":\"https:\/\/colegionobilis.com.br\/\",\"logo\":{\"@type\":\"ImageObject\",\"inLanguage\":\"pt-BR\",\"@id\":\"https:\/\/colegionobilis.com.br\/#\/schema\/logo\/image\/\",\"url\":\"https:\/\/colegionobilis.com.br\/wp-content\/uploads\/2024\/03\/logocompleto.png\",\"contentUrl\":\"https:\/\/colegionobilis.com.br\/wp-content\/uploads\/2024\/03\/logocompleto.png\",\"width\":430,\"height\":121,\"caption\":\"Colegio Nobilis\"},\"image\":{\"@id\":\"https:\/\/colegionobilis.com.br\/#\/schema\/logo\/image\/\"}}]}<\/script>\n<!-- \/ Yoast SEO plugin. -->","yoast_head_json":{"title":"proposta pedagogica - Colegio Nobilis","robots":{"index":"index","follow":"follow","max-snippet":"max-snippet:-1","max-image-preview":"max-image-preview:large","max-video-preview":"max-video-preview:-1"},"canonical":"https:\/\/colegionobilis.com.br\/index.php\/59-2\/","og_locale":"pt_BR","og_type":"article","og_title":"proposta pedagogica - Colegio Nobilis","og_description":"PROPOSTA PEDAG\u00d3GICA Sempre uma proposta pedag\u00f3gica est\u00e1 embasada em uma linha ideol\u00f3gica e filos\u00f3fica, dependendo do tipo de homem que queremos formar e que tipo de sociedade queremos construir e com quais valores vamos trabalhar, surge este ou aquele projeto pedag\u00f3gico. Como queremos formar cidad\u00e3os atuantes que sejam capazes de diante de cada situa\u00e7\u00e3o, levantar [&hellip;]","og_url":"https:\/\/colegionobilis.com.br\/index.php\/59-2\/","og_site_name":"Colegio Nobilis","article_modified_time":"2025-10-03T17:23:56+00:00","og_image":[{"width":1160,"height":300,"url":"https:\/\/colegionobilis.com.br\/wp-content\/uploads\/2024\/03\/propostapedagogica.jpg","type":"image\/jpeg"}],"twitter_card":"summary_large_image","twitter_misc":{"Est. tempo de leitura":"1 minuto"},"schema":{"@context":"https:\/\/schema.org","@graph":[{"@type":"WebPage","@id":"https:\/\/colegionobilis.com.br\/index.php\/59-2\/","url":"https:\/\/colegionobilis.com.br\/index.php\/59-2\/","name":"proposta pedagogica - Colegio Nobilis","isPartOf":{"@id":"https:\/\/colegionobilis.com.br\/#website"},"primaryImageOfPage":{"@id":"https:\/\/colegionobilis.com.br\/index.php\/59-2\/#primaryimage"},"image":{"@id":"https:\/\/colegionobilis.com.br\/index.php\/59-2\/#primaryimage"},"thumbnailUrl":"http:\/\/colegionobilis.com.br\/CN\/wp-content\/uploads\/2024\/03\/propostapedagogica-1024x265.jpg","datePublished":"2024-03-06T19:33:10+00:00","dateModified":"2025-10-03T17:23:56+00:00","breadcrumb":{"@id":"https:\/\/colegionobilis.com.br\/index.php\/59-2\/#breadcrumb"},"inLanguage":"pt-BR","potentialAction":[{"@type":"ReadAction","target":["https:\/\/colegionobilis.com.br\/index.php\/59-2\/"]}]},{"@type":"ImageObject","inLanguage":"pt-BR","@id":"https:\/\/colegionobilis.com.br\/index.php\/59-2\/#primaryimage","url":"https:\/\/colegionobilis.com.br\/wp-content\/uploads\/2024\/03\/propostapedagogica.jpg","contentUrl":"https:\/\/colegionobilis.com.br\/wp-content\/uploads\/2024\/03\/propostapedagogica.jpg","width":1160,"height":300},{"@type":"BreadcrumbList","@id":"https:\/\/colegionobilis.com.br\/index.php\/59-2\/#breadcrumb","itemListElement":[{"@type":"ListItem","position":1,"name":"In\u00edcio","item":"https:\/\/colegionobilis.com.br\/"},{"@type":"ListItem","position":2,"name":"proposta pedagogica"}]},{"@type":"WebSite","@id":"https:\/\/colegionobilis.com.br\/#website","url":"https:\/\/colegionobilis.com.br\/","name":"Colegio Nobilis","description":"","publisher":{"@id":"https:\/\/colegionobilis.com.br\/#organization"},"potentialAction":[{"@type":"SearchAction","target":{"@type":"EntryPoint","urlTemplate":"https:\/\/colegionobilis.com.br\/?s={search_term_string}"},"query-input":{"@type":"PropertyValueSpecification","valueRequired":true,"valueName":"search_term_string"}}],"inLanguage":"pt-BR"},{"@type":"Organization","@id":"https:\/\/colegionobilis.com.br\/#organization","name":"Colegio Nobilis","url":"https:\/\/colegionobilis.com.br\/","logo":{"@type":"ImageObject","inLanguage":"pt-BR","@id":"https:\/\/colegionobilis.com.br\/#\/schema\/logo\/image\/","url":"https:\/\/colegionobilis.com.br\/wp-content\/uploads\/2024\/03\/logocompleto.png","contentUrl":"https:\/\/colegionobilis.com.br\/wp-content\/uploads\/2024\/03\/logocompleto.png","width":430,"height":121,"caption":"Colegio Nobilis"},"image":{"@id":"https:\/\/colegionobilis.com.br\/#\/schema\/logo\/image\/"}}]}},"_links":{"self":[{"href":"https:\/\/colegionobilis.com.br\/index.php\/wp-json\/wp\/v2\/pages\/59","targetHints":{"allow":["GET"]}}],"collection":[{"href":"https:\/\/colegionobilis.com.br\/index.php\/wp-json\/wp\/v2\/pages"}],"about":[{"href":"https:\/\/colegionobilis.com.br\/index.php\/wp-json\/wp\/v2\/types\/page"}],"author":[{"embeddable":true,"href":"https:\/\/colegionobilis.com.br\/index.php\/wp-json\/wp\/v2\/users\/1"}],"replies":[{"embeddable":true,"href":"https:\/\/colegionobilis.com.br\/index.php\/wp-json\/wp\/v2\/comments?post=59"}],"version-history":[{"count":4,"href":"https:\/\/colegionobilis.com.br\/index.php\/wp-json\/wp\/v2\/pages\/59\/revisions"}],"predecessor-version":[{"id":628,"href":"https:\/\/colegionobilis.com.br\/index.php\/wp-json\/wp\/v2\/pages\/59\/revisions\/628"}],"wp:attachment":[{"href":"https:\/\/colegionobilis.com.br\/index.php\/wp-json\/wp\/v2\/media?parent=59"}],"curies":[{"name":"wp","href":"https:\/\/api.w.org\/{rel}","templated":true}]}}