{"id":71,"date":"2024-03-06T19:46:35","date_gmt":"2024-03-06T19:46:35","guid":{"rendered":"http:\/\/colegionobilis.com.br\/CN\/?page_id=71"},"modified":"2025-10-03T14:17:28","modified_gmt":"2025-10-03T17:17:28","slug":"fale-com-a-secretaria","status":"publish","type":"page","link":"https:\/\/colegionobilis.com.br\/index.php\/fale-com-a-secretaria\/","title":{"rendered":"CONTATO"},"content":{"rendered":"\n<div class=\"wp-block-columns alignwide is-layout-flex wp-container-core-columns-is-layout-28f84493 wp-block-columns-is-layout-flex\">\n<div class=\"wp-block-column is-layout-flow wp-block-column-is-layout-flow\" style=\"flex-basis:33.33%\">\n<p class=\"has-contrast-2-color has-text-color has-link-color wp-elements-4512995665a02ab1b1c63c31b48aee48\"><strong>Secretaria<\/strong><br>Hor\u00e1rio de atendimento<br>Das 8h30 \u00e0s 17h30<br>Tel. (11) 4979-9999<br>secretaria@@colegionobilis.com.br<\/p>\n\n\n\n<p class=\"has-contrast-2-color has-text-color has-link-color wp-elements-05d4a93936d922b5b562271128ae8ce1\"><strong>Administra\u00e7\u00e3o<\/strong><br>Hor\u00e1rio de atendimento<br>Das 9h30 \u00e0s 18h30<br>Tel. (11) 4979-9999<br>adm@colegionobilis.com.br<\/p>\n\n\n\n<p class=\"has-contrast-2-color has-text-color has-link-color wp-elements-37cece3eba54da2624834081869c945c\"><strong>Coordena\u00e7\u00e3o<\/strong><br><strong>Educa\u00e7\u00e3o Infantil e Ensino Fundamental I<\/strong><br>coordenacao2@colegionobilis.com.br<\/p>\n\n\n\n<p class=\"has-contrast-2-color has-text-color has-link-color wp-elements-3376f467ba6d5db4f7df91829ae5a969\"><strong>Ensino Fundamental II e Ensino M\u00e9dio<\/strong><br>coordenacao1@colegionobilis.com.br<\/p>\n\n\n\n<p><\/p>\n\n\n\n<p class=\"has-contrast-2-color has-text-color has-link-color wp-elements-638b3305a6240bd9c365b8e041e2846d\"><strong>Orientadora Pedag\u00f3gica<\/strong><\/p>\n\n\n\n<p class=\"has-contrast-2-color has-text-color has-link-color wp-elements-b0baa2e327da4d3c43cbbe756b6b3ec9\">orientacaopedagogica@colegionobilis.com.br<\/p>\n\n\n\n<p class=\"has-contrast-2-color has-text-color has-link-color wp-elements-5d729671b34fb813eff06bd4dc38d6f6\"><\/p>\n\n\n\n<p class=\"has-contrast-2-color has-text-color has-link-color wp-elements-8af1dee33cdde5bdc5aed6576282981c\"><strong>Diretoria<\/strong><br>diretora@colegionobilis.com.br<\/p>\n<\/div>\n\n\n\n<div class=\"wp-block-column is-layout-flow wp-block-column-is-layout-flow\" style=\"flex-basis:66.66%\"><style id=\"wpforms-css-vars-67-block-cda867d9-25ef-4ee6-ac5e-8a9c75fb9224\">\n\t\t\t\t#wpforms-67.wpforms-block-cda867d9-25ef-4ee6-ac5e-8a9c75fb9224 {\n\t\t\t\t--wpforms-field-size-input-height: 31px;\n--wpforms-field-size-input-spacing: 10px;\n--wpforms-field-size-font-size: 14px;\n--wpforms-field-size-line-height: 17px;\n--wpforms-field-size-padding-h: 9px;\n--wpforms-field-size-checkbox-size: 14px;\n--wpforms-field-size-sublabel-spacing: 5px;\n--wpforms-field-size-icon-size: 0.75;\n--wpforms-label-size-font-size: 16px;\n--wpforms-label-size-line-height: 19px;\n--wpforms-label-size-sublabel-font-size: 14px;\n--wpforms-label-size-sublabel-line-height: 17px;\n--wpforms-button-size-font-size: 17px;\n--wpforms-button-size-height: 41px;\n--wpforms-button-size-padding-h: 15px;\n--wpforms-button-size-margin-top: 10px;\n\t\t\t}\n\t\t\t<\/style><div class=\"wpforms-container wpforms-container-full wpforms-block wpforms-block-cda867d9-25ef-4ee6-ac5e-8a9c75fb9224 wpforms-render-modern\" id=\"wpforms-67\"><form id=\"wpforms-form-67\" class=\"wpforms-validate wpforms-form wpforms-ajax-form\" data-formid=\"67\" method=\"post\" enctype=\"multipart\/form-data\" action=\"\/index.php\/wp-json\/wp\/v2\/pages\/71\" data-token=\"6392c74f8c9f0d93f996fb508173c59a\" data-token-time=\"1777758576\"><noscript class=\"wpforms-error-noscript\">Ative o JavaScript no seu navegador para preencher este formul\u00e1rio.<\/noscript><div id=\"wpforms-error-noscript\" style=\"display: none;\">Ative o JavaScript no seu navegador para preencher este formul\u00e1rio.<\/div><div class=\"wpforms-field-container\"><div id=\"wpforms-67-field_1-container\" class=\"wpforms-field wpforms-field-name\" data-field-id=\"1\"><fieldset><legend class=\"wpforms-field-label\">Nome <span class=\"wpforms-required-label\" aria-hidden=\"true\">*<\/span><\/legend><div class=\"wpforms-field-row wpforms-field-large\"><div class=\"wpforms-field-row-block wpforms-first wpforms-one-half\"><input type=\"text\" id=\"wpforms-67-field_1\" class=\"wpforms-field-name-first wpforms-field-required\" name=\"wpforms[fields][1][first]\" aria-errormessage=\"wpforms-67-field_1-error\" required><label for=\"wpforms-67-field_1\" class=\"wpforms-field-sublabel after\">Nome<\/label><\/div><div class=\"wpforms-field-row-block wpforms-one-half\"><input type=\"text\" id=\"wpforms-67-field_1-last\" class=\"wpforms-field-name-last wpforms-field-required\" name=\"wpforms[fields][1][last]\" aria-errormessage=\"wpforms-67-field_1-last-error\" required><label for=\"wpforms-67-field_1-last\" class=\"wpforms-field-sublabel after\">Sobrenome<\/label><\/div><\/div><\/fieldset><\/div><div id=\"wpforms-67-field_2-container\" class=\"wpforms-field wpforms-field-email\" data-field-id=\"2\"><label class=\"wpforms-field-label\" for=\"wpforms-67-field_2\">E-mail <span class=\"wpforms-required-label\" aria-hidden=\"true\">*<\/span><\/label><input type=\"email\" id=\"wpforms-67-field_2\" class=\"wpforms-field-large wpforms-field-required\" name=\"wpforms[fields][2]\" spellcheck=\"false\" aria-errormessage=\"wpforms-67-field_2-error\" required><\/div><div id=\"wpforms-67-field_3-container\" class=\"wpforms-field wpforms-field-text\" data-field-id=\"3\"><label class=\"wpforms-field-label\" for=\"wpforms-67-field_3\">Telefone<\/label><input type=\"text\" id=\"wpforms-67-field_3\" class=\"wpforms-field-large\" name=\"wpforms[fields][3]\" aria-errormessage=\"wpforms-67-field_3-error\" ><\/div><div id=\"wpforms-67-field_5-container\" class=\"wpforms-field wpforms-field-text\" data-field-id=\"5\"><label class=\"wpforms-field-label\" for=\"wpforms-67-field_5\">Para qual departamento?<\/label><input type=\"text\" id=\"wpforms-67-field_5\" class=\"wpforms-field-large\" name=\"wpforms[fields][5]\" aria-errormessage=\"wpforms-67-field_5-error\" ><\/div><div id=\"wpforms-67-field_6-container\" class=\"wpforms-field wpforms-field-text\" data-field-id=\"6\"><label class=\"wpforms-field-label\" for=\"wpforms-67-field_6\">Assunto<\/label><input type=\"text\" id=\"wpforms-67-field_6\" class=\"wpforms-field-large\" name=\"wpforms[fields][6]\" aria-errormessage=\"wpforms-67-field_6-error\" ><\/div><div id=\"wpforms-67-field_4-container\" class=\"wpforms-field wpforms-field-textarea\" data-field-id=\"4\"><label class=\"wpforms-field-label\" for=\"wpforms-67-field_4\">Mensagem<\/label><textarea id=\"wpforms-67-field_4\" class=\"wpforms-field-medium\" name=\"wpforms[fields][4]\" aria-errormessage=\"wpforms-67-field_4-error\" ><\/textarea><\/div><\/div><!-- .wpforms-field-container --><div class=\"wpforms-submit-container\" ><input type=\"hidden\" name=\"wpforms[id]\" value=\"67\"><input type=\"hidden\" name=\"page_title\" value=\"\"><input type=\"hidden\" name=\"page_url\" value=\"https:\/\/colegionobilis.com.br\/index.php\/wp-json\/wp\/v2\/pages\/71\"><input type=\"hidden\" name=\"url_referer\" value=\"https:\/\/colegionobilis.com.br\/?p=71\"><button type=\"submit\" name=\"wpforms[submit]\" id=\"wpforms-submit-67\" class=\"wpforms-submit\" data-alt-text=\"Enviando\u2026\" data-submit-text=\"Enviar\" aria-live=\"assertive\" value=\"wpforms-submit\">Enviar<\/button><img loading=\"lazy\" decoding=\"async\" src=\"https:\/\/colegionobilis.com.br\/wp-content\/plugins\/wpforms-lite\/assets\/images\/submit-spin.svg\" class=\"wpforms-submit-spinner\" style=\"display: none;\" width=\"26\" height=\"26\" alt=\"Carregando\"><\/div><\/form><\/div>  <!-- .wpforms-container --><\/div>\n<\/div>\n\n\n\n<div class=\"wp-block-columns alignfull is-layout-flex wp-container-core-columns-is-layout-28f84493 wp-block-columns-is-layout-flex\">\n<div class=\"wp-block-column is-layout-flow wp-block-column-is-layout-flow\">\n<pre class=\"wp-block-code has-small-font-size\"><code><iframe src=\"https:\/\/www.google.com\/maps\/embed?pb=!1m14!1m8!1m3!1d29234.86917053403!2d-46.583852!3d-23.663129!3m2!1i1024!2i768!4f13.1!3m3!1m2!1s0x94ce42632e2ad759%3A0x26e86d1ed3e34e56!2sAv.%20Jo%C3%A3o%20Ramalho%2C%20440%20-%20Vila%20Assun%C3%A7%C3%A3o%2C%20Santo%20Andr%C3%A9%20-%20SP%2C%2009030-320%2C%20Brasil!5e0!3m2!1spt-BR!2sus!4v1709755378620!5m2!1spt-BR!2sus\" width=\"1080px\" height=\"450px\" style=\"border:0;\" allowfullscreen=\"\" loading=\"lazy\" referrerpolicy=\"no-referrer-when-downgrade\"><\/iframe><\/code><\/pre>\n<\/div>\n<\/div>\n","protected":false},"excerpt":{"rendered":"<p>SecretariaHor\u00e1rio de atendimentoDas 8h30 \u00e0s 17h30Tel. (11) 4979-9999secretaria@@colegionobilis.com.br Administra\u00e7\u00e3oHor\u00e1rio de atendimentoDas 9h30 \u00e0s 18h30Tel. (11) 4979-9999adm@colegionobilis.com.br Coordena\u00e7\u00e3oEduca\u00e7\u00e3o Infantil e Ensino Fundamental Icoordenacao2@colegionobilis.com.br Ensino Fundamental II e Ensino M\u00e9diocoordenacao1@colegionobilis.com.br Orientadora Pedag\u00f3gica orientacaopedagogica@colegionobilis.com.br Diretoriadiretora@colegionobilis.com.br<\/p>\n","protected":false},"author":1,"featured_media":0,"parent":0,"menu_order":0,"comment_status":"closed","ping_status":"closed","template":"page-no-title","meta":{"footnotes":""},"class_list":["post-71","page","type-page","status-publish","hentry"],"yoast_head":"<!-- This site is optimized with the Yoast SEO plugin v26.0 - https:\/\/yoast.com\/wordpress\/plugins\/seo\/ -->\n<title>CONTATO - Colegio Nobilis<\/title>\n<meta name=\"robots\" content=\"index, follow, max-snippet:-1, max-image-preview:large, max-video-preview:-1\" \/>\n<link rel=\"canonical\" href=\"https:\/\/colegionobilis.com.br\/index.php\/fale-com-a-secretaria\/\" \/>\n<meta property=\"og:locale\" content=\"pt_BR\" \/>\n<meta property=\"og:type\" content=\"article\" \/>\n<meta property=\"og:title\" content=\"CONTATO - Colegio Nobilis\" \/>\n<meta property=\"og:description\" content=\"SecretariaHor\u00e1rio de atendimentoDas 8h30 \u00e0s 17h30Tel. (11) 4979-9999secretaria@@colegionobilis.com.br Administra\u00e7\u00e3oHor\u00e1rio de atendimentoDas 9h30 \u00e0s 18h30Tel. (11) 4979-9999adm@colegionobilis.com.br Coordena\u00e7\u00e3oEduca\u00e7\u00e3o Infantil e Ensino Fundamental Icoordenacao2@colegionobilis.com.br Ensino Fundamental II e Ensino M\u00e9diocoordenacao1@colegionobilis.com.br Orientadora Pedag\u00f3gica orientacaopedagogica@colegionobilis.com.br Diretoriadiretora@colegionobilis.com.br\" \/>\n<meta property=\"og:url\" content=\"https:\/\/colegionobilis.com.br\/index.php\/fale-com-a-secretaria\/\" \/>\n<meta property=\"og:site_name\" content=\"Colegio Nobilis\" \/>\n<meta property=\"article:modified_time\" content=\"2025-10-03T17:17:28+00:00\" \/>\n<meta name=\"twitter:card\" content=\"summary_large_image\" \/>\n<meta name=\"twitter:label1\" content=\"Est. tempo de leitura\" \/>\n\t<meta name=\"twitter:data1\" content=\"1 minuto\" \/>\n<script type=\"application\/ld+json\" class=\"yoast-schema-graph\">{\"@context\":\"https:\/\/schema.org\",\"@graph\":[{\"@type\":\"WebPage\",\"@id\":\"https:\/\/colegionobilis.com.br\/index.php\/fale-com-a-secretaria\/\",\"url\":\"https:\/\/colegionobilis.com.br\/index.php\/fale-com-a-secretaria\/\",\"name\":\"CONTATO - Colegio Nobilis\",\"isPartOf\":{\"@id\":\"https:\/\/colegionobilis.com.br\/#website\"},\"datePublished\":\"2024-03-06T19:46:35+00:00\",\"dateModified\":\"2025-10-03T17:17:28+00:00\",\"breadcrumb\":{\"@id\":\"https:\/\/colegionobilis.com.br\/index.php\/fale-com-a-secretaria\/#breadcrumb\"},\"inLanguage\":\"pt-BR\",\"potentialAction\":[{\"@type\":\"ReadAction\",\"target\":[\"https:\/\/colegionobilis.com.br\/index.php\/fale-com-a-secretaria\/\"]}]},{\"@type\":\"BreadcrumbList\",\"@id\":\"https:\/\/colegionobilis.com.br\/index.php\/fale-com-a-secretaria\/#breadcrumb\",\"itemListElement\":[{\"@type\":\"ListItem\",\"position\":1,\"name\":\"In\u00edcio\",\"item\":\"https:\/\/colegionobilis.com.br\/\"},{\"@type\":\"ListItem\",\"position\":2,\"name\":\"CONTATO\"}]},{\"@type\":\"WebSite\",\"@id\":\"https:\/\/colegionobilis.com.br\/#website\",\"url\":\"https:\/\/colegionobilis.com.br\/\",\"name\":\"Colegio Nobilis\",\"description\":\"\",\"publisher\":{\"@id\":\"https:\/\/colegionobilis.com.br\/#organization\"},\"potentialAction\":[{\"@type\":\"SearchAction\",\"target\":{\"@type\":\"EntryPoint\",\"urlTemplate\":\"https:\/\/colegionobilis.com.br\/?s={search_term_string}\"},\"query-input\":{\"@type\":\"PropertyValueSpecification\",\"valueRequired\":true,\"valueName\":\"search_term_string\"}}],\"inLanguage\":\"pt-BR\"},{\"@type\":\"Organization\",\"@id\":\"https:\/\/colegionobilis.com.br\/#organization\",\"name\":\"Colegio Nobilis\",\"url\":\"https:\/\/colegionobilis.com.br\/\",\"logo\":{\"@type\":\"ImageObject\",\"inLanguage\":\"pt-BR\",\"@id\":\"https:\/\/colegionobilis.com.br\/#\/schema\/logo\/image\/\",\"url\":\"https:\/\/colegionobilis.com.br\/wp-content\/uploads\/2024\/03\/logocompleto.png\",\"contentUrl\":\"https:\/\/colegionobilis.com.br\/wp-content\/uploads\/2024\/03\/logocompleto.png\",\"width\":430,\"height\":121,\"caption\":\"Colegio Nobilis\"},\"image\":{\"@id\":\"https:\/\/colegionobilis.com.br\/#\/schema\/logo\/image\/\"}}]}<\/script>\n<!-- \/ Yoast SEO plugin. -->","yoast_head_json":{"title":"CONTATO - Colegio Nobilis","robots":{"index":"index","follow":"follow","max-snippet":"max-snippet:-1","max-image-preview":"max-image-preview:large","max-video-preview":"max-video-preview:-1"},"canonical":"https:\/\/colegionobilis.com.br\/index.php\/fale-com-a-secretaria\/","og_locale":"pt_BR","og_type":"article","og_title":"CONTATO - Colegio Nobilis","og_description":"SecretariaHor\u00e1rio de atendimentoDas 8h30 \u00e0s 17h30Tel. (11) 4979-9999secretaria@@colegionobilis.com.br Administra\u00e7\u00e3oHor\u00e1rio de atendimentoDas 9h30 \u00e0s 18h30Tel. (11) 4979-9999adm@colegionobilis.com.br Coordena\u00e7\u00e3oEduca\u00e7\u00e3o Infantil e Ensino Fundamental Icoordenacao2@colegionobilis.com.br Ensino Fundamental II e Ensino M\u00e9diocoordenacao1@colegionobilis.com.br Orientadora Pedag\u00f3gica orientacaopedagogica@colegionobilis.com.br Diretoriadiretora@colegionobilis.com.br","og_url":"https:\/\/colegionobilis.com.br\/index.php\/fale-com-a-secretaria\/","og_site_name":"Colegio Nobilis","article_modified_time":"2025-10-03T17:17:28+00:00","twitter_card":"summary_large_image","twitter_misc":{"Est. tempo de leitura":"1 minuto"},"schema":{"@context":"https:\/\/schema.org","@graph":[{"@type":"WebPage","@id":"https:\/\/colegionobilis.com.br\/index.php\/fale-com-a-secretaria\/","url":"https:\/\/colegionobilis.com.br\/index.php\/fale-com-a-secretaria\/","name":"CONTATO - Colegio Nobilis","isPartOf":{"@id":"https:\/\/colegionobilis.com.br\/#website"},"datePublished":"2024-03-06T19:46:35+00:00","dateModified":"2025-10-03T17:17:28+00:00","breadcrumb":{"@id":"https:\/\/colegionobilis.com.br\/index.php\/fale-com-a-secretaria\/#breadcrumb"},"inLanguage":"pt-BR","potentialAction":[{"@type":"ReadAction","target":["https:\/\/colegionobilis.com.br\/index.php\/fale-com-a-secretaria\/"]}]},{"@type":"BreadcrumbList","@id":"https:\/\/colegionobilis.com.br\/index.php\/fale-com-a-secretaria\/#breadcrumb","itemListElement":[{"@type":"ListItem","position":1,"name":"In\u00edcio","item":"https:\/\/colegionobilis.com.br\/"},{"@type":"ListItem","position":2,"name":"CONTATO"}]},{"@type":"WebSite","@id":"https:\/\/colegionobilis.com.br\/#website","url":"https:\/\/colegionobilis.com.br\/","name":"Colegio Nobilis","description":"","publisher":{"@id":"https:\/\/colegionobilis.com.br\/#organization"},"potentialAction":[{"@type":"SearchAction","target":{"@type":"EntryPoint","urlTemplate":"https:\/\/colegionobilis.com.br\/?s={search_term_string}"},"query-input":{"@type":"PropertyValueSpecification","valueRequired":true,"valueName":"search_term_string"}}],"inLanguage":"pt-BR"},{"@type":"Organization","@id":"https:\/\/colegionobilis.com.br\/#organization","name":"Colegio Nobilis","url":"https:\/\/colegionobilis.com.br\/","logo":{"@type":"ImageObject","inLanguage":"pt-BR","@id":"https:\/\/colegionobilis.com.br\/#\/schema\/logo\/image\/","url":"https:\/\/colegionobilis.com.br\/wp-content\/uploads\/2024\/03\/logocompleto.png","contentUrl":"https:\/\/colegionobilis.com.br\/wp-content\/uploads\/2024\/03\/logocompleto.png","width":430,"height":121,"caption":"Colegio Nobilis"},"image":{"@id":"https:\/\/colegionobilis.com.br\/#\/schema\/logo\/image\/"}}]}},"_links":{"self":[{"href":"https:\/\/colegionobilis.com.br\/index.php\/wp-json\/wp\/v2\/pages\/71","targetHints":{"allow":["GET"]}}],"collection":[{"href":"https:\/\/colegionobilis.com.br\/index.php\/wp-json\/wp\/v2\/pages"}],"about":[{"href":"https:\/\/colegionobilis.com.br\/index.php\/wp-json\/wp\/v2\/types\/page"}],"author":[{"embeddable":true,"href":"https:\/\/colegionobilis.com.br\/index.php\/wp-json\/wp\/v2\/users\/1"}],"replies":[{"embeddable":true,"href":"https:\/\/colegionobilis.com.br\/index.php\/wp-json\/wp\/v2\/comments?post=71"}],"version-history":[{"count":15,"href":"https:\/\/colegionobilis.com.br\/index.php\/wp-json\/wp\/v2\/pages\/71\/revisions"}],"predecessor-version":[{"id":616,"href":"https:\/\/colegionobilis.com.br\/index.php\/wp-json\/wp\/v2\/pages\/71\/revisions\/616"}],"wp:attachment":[{"href":"https:\/\/colegionobilis.com.br\/index.php\/wp-json\/wp\/v2\/media?parent=71"}],"curies":[{"name":"wp","href":"https:\/\/api.w.org\/{rel}","templated":true}]}}